{"id":17928,"date":"2023-02-09T23:20:00","date_gmt":"2023-02-10T04:20:00","guid":{"rendered":"https:\/\/naturalook.shop\/product\/kevin-murphy-easy-rider-anti-frizz\/"},"modified":"2025-10-23T22:21:32","modified_gmt":"2025-10-24T02:21:32","slug":"kevin-murphy-easy-rider-anti-frizz","status":"publish","type":"product","link":"https:\/\/naturalook.shop\/fr\/produit\/kevin-murphy-easy-rider-anti-frizz\/","title":{"rendered":"Kevin Murphy &#8211; EASY.RIDER &#8211; Anti Frizz &#8211; 100g"},"content":{"rendered":"<p>R\u00e9volutionnez votre routine de coiffage avec EASY.RIDER, une cr\u00e8me anti-frisottis d\u00e9finissante pour tous les types de cheveux qui nourrit tout en coiffant. Infus\u00e9 d&#8217;antioxydants de th\u00e9 vert, ce classique culte am\u00e9liore l&#8217;hydratation et l&#8217;\u00e9lasticit\u00e9 tout en renfor\u00e7ant les boucles naturelles et en domptant les frisottis. D&#8217;abord introduit comme notre produit de lancement, EASY.RIDER reste un incontournable pour r\u00e9aliser un look moderne, doux et flexible.<\/p>\n","protected":false},"excerpt":{"rendered":"<p>CR\u00c8ME ANTI-FRISOTTIS<\/p>\n","protected":false},"featured_media":16410,"comment_status":"open","ping_status":"closed","template":"","meta":{"_glsr_average":0,"_glsr_ranking":0,"_glsr_reviews":0},"product_brand":[902],"product_cat":[615],"product_tag":[677],"class_list":{"0":"post-17928","1":"product","2":"type-product","3":"status-publish","4":"has-post-thumbnail","6":"product_brand-kevin-murphy","7":"product_cat-stylisant","8":"product_tag-kevin-murphy-fr","9":"_wholesalex wsx-wholesalex-product","11":"first","12":"outofstock","13":"taxable","14":"shipping-taxable","15":"purchasable","16":"product-type-simple"},"jetpack_sharing_enabled":true,"_links":{"self":[{"href":"https:\/\/naturalook.shop\/fr\/wp-json\/wp\/v2\/product\/17928","targetHints":{"allow":["GET"]}}],"collection":[{"href":"https:\/\/naturalook.shop\/fr\/wp-json\/wp\/v2\/product"}],"about":[{"href":"https:\/\/naturalook.shop\/fr\/wp-json\/wp\/v2\/types\/product"}],"replies":[{"embeddable":true,"href":"https:\/\/naturalook.shop\/fr\/wp-json\/wp\/v2\/comments?post=17928"}],"version-history":[{"count":1,"href":"https:\/\/naturalook.shop\/fr\/wp-json\/wp\/v2\/product\/17928\/revisions"}],"predecessor-version":[{"id":34237,"href":"https:\/\/naturalook.shop\/fr\/wp-json\/wp\/v2\/product\/17928\/revisions\/34237"}],"wp:featuredmedia":[{"embeddable":true,"href":"https:\/\/naturalook.shop\/fr\/wp-json\/wp\/v2\/media\/16410"}],"wp:attachment":[{"href":"https:\/\/naturalook.shop\/fr\/wp-json\/wp\/v2\/media?parent=17928"}],"wp:term":[{"taxonomy":"product_brand","embeddable":true,"href":"https:\/\/naturalook.shop\/fr\/wp-json\/wp\/v2\/product_brand?post=17928"},{"taxonomy":"product_cat","embeddable":true,"href":"https:\/\/naturalook.shop\/fr\/wp-json\/wp\/v2\/product_cat?post=17928"},{"taxonomy":"product_tag","embeddable":true,"href":"https:\/\/naturalook.shop\/fr\/wp-json\/wp\/v2\/product_tag?post=17928"}],"curies":[{"name":"wp","href":"https:\/\/api.w.org\/{rel}","templated":true}]}}