{"id":17929,"date":"2023-02-09T23:20:00","date_gmt":"2023-02-10T04:20:00","guid":{"rendered":"https:\/\/naturalook.shop\/product\/kevin-murphy-blow-dry-ever-thicken\/"},"modified":"2025-10-23T22:21:33","modified_gmt":"2025-10-24T02:21:33","slug":"kevin-murphy-blow-dry-ever-thicken","status":"publish","type":"product","link":"https:\/\/naturalook.shop\/fr\/produit\/kevin-murphy-blow-dry-ever-thicken\/","title":{"rendered":"Kevin Murphy &#8211; BLOW.DRY EVER.THICKEN &#8211; 150ml"},"content":{"rendered":"<p>Obtenez des cheveux volumineux et plus \u00e9pais \u00e0 chaque fois que vous s\u00e9chez au s\u00e8che-cheveux avec EVER.THICKEN. Notre prolongateur de style activ\u00e9 par la chaleur pr\u00e9sente des polym\u00e8res \u00e0 cha\u00eene longue et un complexe de germes de coton volumisant qui ajoute de la pl\u00e9nitude et de l&#8217;\u00e9paisseur \u00e0 vos cheveux. Cette brume l\u00e9g\u00e8re bloque \u00e9galement l&#8217;humidit\u00e9 pour aider votre style \u00e0 durer plus longtemps avec une finition sans frisottis. Parfait pour tous les types de cheveux, EVER.THICKEN est le secret pour obtenir des cheveux plus complets et plus sains \u00e0 chaque s\u00e9chage au s\u00e8che-cheveux.<\/p>\n","protected":false},"excerpt":{"rendered":"<p>EXTENSEUR DE STYLE ACTIV\u00c9 PAR LA CHALEUR \u00c9PAISSISSANTE<\/p>\n","protected":false},"featured_media":16413,"comment_status":"open","ping_status":"closed","template":"","meta":{"_glsr_average":0,"_glsr_ranking":0,"_glsr_reviews":0},"product_brand":[902],"product_cat":[615],"product_tag":[677],"class_list":{"0":"post-17929","1":"product","2":"type-product","3":"status-publish","4":"has-post-thumbnail","6":"product_brand-kevin-murphy","7":"product_cat-stylisant","8":"product_tag-kevin-murphy-fr","9":"_wholesalex wsx-wholesalex-product","11":"first","12":"outofstock","13":"taxable","14":"shipping-taxable","15":"purchasable","16":"product-type-simple"},"jetpack_sharing_enabled":true,"_links":{"self":[{"href":"https:\/\/naturalook.shop\/fr\/wp-json\/wp\/v2\/product\/17929","targetHints":{"allow":["GET"]}}],"collection":[{"href":"https:\/\/naturalook.shop\/fr\/wp-json\/wp\/v2\/product"}],"about":[{"href":"https:\/\/naturalook.shop\/fr\/wp-json\/wp\/v2\/types\/product"}],"replies":[{"embeddable":true,"href":"https:\/\/naturalook.shop\/fr\/wp-json\/wp\/v2\/comments?post=17929"}],"version-history":[{"count":1,"href":"https:\/\/naturalook.shop\/fr\/wp-json\/wp\/v2\/product\/17929\/revisions"}],"predecessor-version":[{"id":34239,"href":"https:\/\/naturalook.shop\/fr\/wp-json\/wp\/v2\/product\/17929\/revisions\/34239"}],"wp:featuredmedia":[{"embeddable":true,"href":"https:\/\/naturalook.shop\/fr\/wp-json\/wp\/v2\/media\/16413"}],"wp:attachment":[{"href":"https:\/\/naturalook.shop\/fr\/wp-json\/wp\/v2\/media?parent=17929"}],"wp:term":[{"taxonomy":"product_brand","embeddable":true,"href":"https:\/\/naturalook.shop\/fr\/wp-json\/wp\/v2\/product_brand?post=17929"},{"taxonomy":"product_cat","embeddable":true,"href":"https:\/\/naturalook.shop\/fr\/wp-json\/wp\/v2\/product_cat?post=17929"},{"taxonomy":"product_tag","embeddable":true,"href":"https:\/\/naturalook.shop\/fr\/wp-json\/wp\/v2\/product_tag?post=17929"}],"curies":[{"name":"wp","href":"https:\/\/api.w.org\/{rel}","templated":true}]}}