{"id":17930,"date":"2023-02-09T23:20:00","date_gmt":"2023-02-10T04:20:00","guid":{"rendered":"https:\/\/naturalook.shop\/product\/kevin-murphy-blow-dry-ever-smooth\/"},"modified":"2025-10-23T22:21:33","modified_gmt":"2025-10-24T02:21:33","slug":"kevin-murphy-blow-dry-ever-smooth","status":"publish","type":"product","link":"https:\/\/naturalook.shop\/fr\/produit\/kevin-murphy-blow-dry-ever-smooth\/","title":{"rendered":"Kevin Murphy &#8211; BLOW.DRY EVER.SMOOTH &#8211; 150ml"},"content":{"rendered":"<p>R\u00e9volutionnez votre routine de s\u00e9chage avec EVER.SMOOTH, notre activateur de style thermique qui cr\u00e9e la coiffure la plus lisse \u00e0 chaque fois. Formul\u00e9 avec une technologie de lissage avanc\u00e9e comprenant des polym\u00e8res \u00e0 longue cha\u00eene et un complexe d&#8217;\u00e9corce de bois, EVER.SMOOTH r\u00e9duit le temps de s\u00e9chage et prolonge la dur\u00e9e de votre style. Une fois activ\u00e9 par la chaleur de votre s\u00e9choir, cette brume l\u00e9g\u00e8re agit pour offrir une coiffure soyeuse, lisse et r\u00e9sistante \u00e0 l&#8217;humidit\u00e9 pour une finition sans frisottis.<\/p>\n","protected":false},"excerpt":{"rendered":"<p>EXTENSEUR DE STYLE ACTIV\u00c9 PAR LA CHALEUR LISSE<\/p>\n","protected":false},"featured_media":16417,"comment_status":"open","ping_status":"closed","template":"","meta":{"_glsr_average":0,"_glsr_ranking":0,"_glsr_reviews":0},"product_brand":[902],"product_cat":[615],"product_tag":[677],"class_list":{"0":"post-17930","1":"product","2":"type-product","3":"status-publish","4":"has-post-thumbnail","6":"product_brand-kevin-murphy","7":"product_cat-stylisant","8":"product_tag-kevin-murphy-fr","9":"_wholesalex wsx-wholesalex-product","11":"first","12":"outofstock","13":"taxable","14":"shipping-taxable","15":"purchasable","16":"product-type-simple"},"jetpack_sharing_enabled":true,"_links":{"self":[{"href":"https:\/\/naturalook.shop\/fr\/wp-json\/wp\/v2\/product\/17930","targetHints":{"allow":["GET"]}}],"collection":[{"href":"https:\/\/naturalook.shop\/fr\/wp-json\/wp\/v2\/product"}],"about":[{"href":"https:\/\/naturalook.shop\/fr\/wp-json\/wp\/v2\/types\/product"}],"replies":[{"embeddable":true,"href":"https:\/\/naturalook.shop\/fr\/wp-json\/wp\/v2\/comments?post=17930"}],"version-history":[{"count":1,"href":"https:\/\/naturalook.shop\/fr\/wp-json\/wp\/v2\/product\/17930\/revisions"}],"predecessor-version":[{"id":34241,"href":"https:\/\/naturalook.shop\/fr\/wp-json\/wp\/v2\/product\/17930\/revisions\/34241"}],"wp:featuredmedia":[{"embeddable":true,"href":"https:\/\/naturalook.shop\/fr\/wp-json\/wp\/v2\/media\/16417"}],"wp:attachment":[{"href":"https:\/\/naturalook.shop\/fr\/wp-json\/wp\/v2\/media?parent=17930"}],"wp:term":[{"taxonomy":"product_brand","embeddable":true,"href":"https:\/\/naturalook.shop\/fr\/wp-json\/wp\/v2\/product_brand?post=17930"},{"taxonomy":"product_cat","embeddable":true,"href":"https:\/\/naturalook.shop\/fr\/wp-json\/wp\/v2\/product_cat?post=17930"},{"taxonomy":"product_tag","embeddable":true,"href":"https:\/\/naturalook.shop\/fr\/wp-json\/wp\/v2\/product_tag?post=17930"}],"curies":[{"name":"wp","href":"https:\/\/api.w.org\/{rel}","templated":true}]}}