{"id":17931,"date":"2023-02-09T23:19:00","date_gmt":"2023-02-10T04:19:00","guid":{"rendered":"https:\/\/naturalook.shop\/product\/kevin-murphy-blow-dry-ever-bounce\/"},"modified":"2025-10-23T22:21:38","modified_gmt":"2025-10-24T02:21:38","slug":"kevin-murphy-blow-dry-ever-bounce","status":"publish","type":"product","link":"https:\/\/naturalook.shop\/fr\/produit\/kevin-murphy-blow-dry-ever-bounce\/","title":{"rendered":"Kevin Murphy &#8211; BLOW.DRY EVER.BOUNCE &#8211; 150ml"},"content":{"rendered":"<p>Aux cheveux sans vie, redonnez du volume enviable avec EVER.BOUNCE, notre activateur de style activ\u00e9 par la chaleur qui offre une tenue durable et cr\u00e9e un corps lisse avec du rebond. Pr\u00e9sentant des polym\u00e8res \u00e0 cha\u00eene longue et un complexe de phytonutriments, EVER.BOUNCE est activ\u00e9 par la chaleur de votre s\u00e8che-cheveux pour cr\u00e9er du volume sans poids et r\u00e9sistance \u00e0 l&#8217;humidit\u00e9. Avec sa finition durable et sans frisottis, cette vaporisation est un must pour cr\u00e9er un beau rebond chaque fois que vous s\u00e9chez vos cheveux.<\/p>\n","protected":false},"excerpt":{"rendered":"<p>EXTENSEUR DE STYLE ACTIV\u00c9 PAR LA CHALEUR \u00c0 TENUE LONGUE<\/p>\n","protected":false},"featured_media":16420,"comment_status":"open","ping_status":"closed","template":"","meta":{"_glsr_average":0,"_glsr_ranking":0,"_glsr_reviews":0},"product_brand":[902],"product_cat":[615],"product_tag":[677],"class_list":{"0":"post-17931","1":"product","2":"type-product","3":"status-publish","4":"has-post-thumbnail","6":"product_brand-kevin-murphy","7":"product_cat-stylisant","8":"product_tag-kevin-murphy-fr","9":"_wholesalex wsx-wholesalex-product","11":"first","12":"outofstock","13":"taxable","14":"shipping-taxable","15":"purchasable","16":"product-type-simple"},"jetpack_sharing_enabled":true,"_links":{"self":[{"href":"https:\/\/naturalook.shop\/fr\/wp-json\/wp\/v2\/product\/17931","targetHints":{"allow":["GET"]}}],"collection":[{"href":"https:\/\/naturalook.shop\/fr\/wp-json\/wp\/v2\/product"}],"about":[{"href":"https:\/\/naturalook.shop\/fr\/wp-json\/wp\/v2\/types\/product"}],"replies":[{"embeddable":true,"href":"https:\/\/naturalook.shop\/fr\/wp-json\/wp\/v2\/comments?post=17931"}],"version-history":[{"count":1,"href":"https:\/\/naturalook.shop\/fr\/wp-json\/wp\/v2\/product\/17931\/revisions"}],"predecessor-version":[{"id":34269,"href":"https:\/\/naturalook.shop\/fr\/wp-json\/wp\/v2\/product\/17931\/revisions\/34269"}],"wp:featuredmedia":[{"embeddable":true,"href":"https:\/\/naturalook.shop\/fr\/wp-json\/wp\/v2\/media\/16420"}],"wp:attachment":[{"href":"https:\/\/naturalook.shop\/fr\/wp-json\/wp\/v2\/media?parent=17931"}],"wp:term":[{"taxonomy":"product_brand","embeddable":true,"href":"https:\/\/naturalook.shop\/fr\/wp-json\/wp\/v2\/product_brand?post=17931"},{"taxonomy":"product_cat","embeddable":true,"href":"https:\/\/naturalook.shop\/fr\/wp-json\/wp\/v2\/product_cat?post=17931"},{"taxonomy":"product_tag","embeddable":true,"href":"https:\/\/naturalook.shop\/fr\/wp-json\/wp\/v2\/product_tag?post=17931"}],"curies":[{"name":"wp","href":"https:\/\/api.w.org\/{rel}","templated":true}]}}