{"id":17932,"date":"2023-02-09T23:19:00","date_gmt":"2023-02-10T04:19:00","guid":{"rendered":"https:\/\/naturalook.shop\/product\/kevin-murphy-blow-dry-ever-lift\/"},"modified":"2025-10-23T22:21:39","modified_gmt":"2025-10-24T02:21:39","slug":"kevin-murphy-blow-dry-ever-lift","status":"publish","type":"product","link":"https:\/\/naturalook.shop\/fr\/produit\/kevin-murphy-blow-dry-ever-lift\/","title":{"rendered":"Kevin Murphy &#8211; BLOW.DRY EVER.LIFT &#8211; 150ml"},"content":{"rendered":"<p>Pour obtenir un beau volume et une belle tenue pour vos cheveux chaque fois que vous les s\u00e9chez au s\u00e8che-cheveux, optez pour EVER.LIFT, notre prolongateur de style activ\u00e9 par la chaleur. Formul\u00e9 avec des polym\u00e8res \u00e0 cha\u00eene longue et un puissant complexe Zen, EVER.LIFT cr\u00e9e du volume lisse et agr\u00e9able au toucher pour un brushing v\u00e9ritablement enviable. Activ\u00e9 par la chaleur de votre s\u00e8che-cheveux, cette brume l\u00e9g\u00e8re aide \u00e9galement \u00e0 bloquer l&#8217;humidit\u00e9 et \u00e0 prolonger votre style pour une finition durable et sans frisottis.<\/p>\n","protected":false},"excerpt":{"rendered":"<p>EXTENSEUR DE STYLE ACTIV\u00c9 PAR LA CHALEUR VOLUMISANT<\/p>\n","protected":false},"featured_media":16424,"comment_status":"open","ping_status":"closed","template":"","meta":{"_glsr_average":0,"_glsr_ranking":0,"_glsr_reviews":0},"product_brand":[902],"product_cat":[615],"product_tag":[677],"class_list":{"0":"post-17932","1":"product","2":"type-product","3":"status-publish","4":"has-post-thumbnail","6":"product_brand-kevin-murphy","7":"product_cat-stylisant","8":"product_tag-kevin-murphy-fr","9":"_wholesalex wsx-wholesalex-product","11":"first","12":"outofstock","13":"taxable","14":"shipping-taxable","15":"purchasable","16":"product-type-simple"},"jetpack_sharing_enabled":true,"_links":{"self":[{"href":"https:\/\/naturalook.shop\/fr\/wp-json\/wp\/v2\/product\/17932","targetHints":{"allow":["GET"]}}],"collection":[{"href":"https:\/\/naturalook.shop\/fr\/wp-json\/wp\/v2\/product"}],"about":[{"href":"https:\/\/naturalook.shop\/fr\/wp-json\/wp\/v2\/types\/product"}],"replies":[{"embeddable":true,"href":"https:\/\/naturalook.shop\/fr\/wp-json\/wp\/v2\/comments?post=17932"}],"version-history":[{"count":1,"href":"https:\/\/naturalook.shop\/fr\/wp-json\/wp\/v2\/product\/17932\/revisions"}],"predecessor-version":[{"id":34273,"href":"https:\/\/naturalook.shop\/fr\/wp-json\/wp\/v2\/product\/17932\/revisions\/34273"}],"wp:featuredmedia":[{"embeddable":true,"href":"https:\/\/naturalook.shop\/fr\/wp-json\/wp\/v2\/media\/16424"}],"wp:attachment":[{"href":"https:\/\/naturalook.shop\/fr\/wp-json\/wp\/v2\/media?parent=17932"}],"wp:term":[{"taxonomy":"product_brand","embeddable":true,"href":"https:\/\/naturalook.shop\/fr\/wp-json\/wp\/v2\/product_brand?post=17932"},{"taxonomy":"product_cat","embeddable":true,"href":"https:\/\/naturalook.shop\/fr\/wp-json\/wp\/v2\/product_cat?post=17932"},{"taxonomy":"product_tag","embeddable":true,"href":"https:\/\/naturalook.shop\/fr\/wp-json\/wp\/v2\/product_tag?post=17932"}],"curies":[{"name":"wp","href":"https:\/\/api.w.org\/{rel}","templated":true}]}}