{"id":17933,"date":"2023-02-09T23:19:00","date_gmt":"2023-02-10T04:19:00","guid":{"rendered":"https:\/\/naturalook.shop\/product\/kevin-murphy-smooth-again-anti-frizz-treatment\/"},"modified":"2025-10-23T22:21:39","modified_gmt":"2025-10-24T02:21:39","slug":"kevin-murphy-smooth-again-anti-frizz-treatment","status":"publish","type":"product","link":"https:\/\/naturalook.shop\/fr\/produit\/kevin-murphy-smooth-again-anti-frizz-treatment\/","title":{"rendered":"Kevin Murphy &#8211; SMOOTH.AGAIN &#8211; Anti-Frizz Treatment &#8211; 200ml"},"content":{"rendered":"<p>SMOOTH.AGAIN est une excellente solution pour les cheveux fris\u00e9s. Ce produit polyvalent offre \u00e0 la fois des avantages de coiffage et de traitement sans rin\u00e7age, offrant des avantages nourrissants pour aider \u00e0 renforcer, r\u00e9parer et prot\u00e9ger les cheveux. Il contient un m\u00e9lange d&#8217;extraits de fruits australiens, d&#8217;immortelle et d&#8217;huiles de baobab, qui offrent des avantages de conditionnement de longue dur\u00e9e pour dompter les cheveux indisciplin\u00e9s et cr\u00e9er des r\u00e9sultats soyeux et lisses.<\/p>\n","protected":false},"excerpt":{"rendered":"<p>TRAITEMENT CAPILLAIRE SANS RIN\u00c7AGE LISSANT ET ANTI-FRISOTTIS<\/p>\n","protected":false},"featured_media":16429,"comment_status":"open","ping_status":"closed","template":"","meta":{"_glsr_average":0,"_glsr_ranking":0,"_glsr_reviews":0},"product_brand":[902],"product_cat":[612,616,615],"product_tag":[677],"class_list":{"0":"post-17933","1":"product","2":"type-product","3":"status-publish","4":"has-post-thumbnail","6":"product_brand-kevin-murphy","7":"product_cat-leave-in-fr","8":"product_cat-traitement","9":"product_cat-stylisant","10":"product_tag-kevin-murphy-fr","11":"_wholesalex wsx-wholesalex-product","13":"first","14":"outofstock","15":"taxable","16":"shipping-taxable","17":"purchasable","18":"product-type-simple"},"jetpack_sharing_enabled":true,"_links":{"self":[{"href":"https:\/\/naturalook.shop\/fr\/wp-json\/wp\/v2\/product\/17933","targetHints":{"allow":["GET"]}}],"collection":[{"href":"https:\/\/naturalook.shop\/fr\/wp-json\/wp\/v2\/product"}],"about":[{"href":"https:\/\/naturalook.shop\/fr\/wp-json\/wp\/v2\/types\/product"}],"replies":[{"embeddable":true,"href":"https:\/\/naturalook.shop\/fr\/wp-json\/wp\/v2\/comments?post=17933"}],"version-history":[{"count":1,"href":"https:\/\/naturalook.shop\/fr\/wp-json\/wp\/v2\/product\/17933\/revisions"}],"predecessor-version":[{"id":34277,"href":"https:\/\/naturalook.shop\/fr\/wp-json\/wp\/v2\/product\/17933\/revisions\/34277"}],"wp:featuredmedia":[{"embeddable":true,"href":"https:\/\/naturalook.shop\/fr\/wp-json\/wp\/v2\/media\/16429"}],"wp:attachment":[{"href":"https:\/\/naturalook.shop\/fr\/wp-json\/wp\/v2\/media?parent=17933"}],"wp:term":[{"taxonomy":"product_brand","embeddable":true,"href":"https:\/\/naturalook.shop\/fr\/wp-json\/wp\/v2\/product_brand?post=17933"},{"taxonomy":"product_cat","embeddable":true,"href":"https:\/\/naturalook.shop\/fr\/wp-json\/wp\/v2\/product_cat?post=17933"},{"taxonomy":"product_tag","embeddable":true,"href":"https:\/\/naturalook.shop\/fr\/wp-json\/wp\/v2\/product_tag?post=17933"}],"curies":[{"name":"wp","href":"https:\/\/api.w.org\/{rel}","templated":true}]}}