{"id":17934,"date":"2023-02-09T23:19:00","date_gmt":"2023-02-10T04:19:00","guid":{"rendered":"https:\/\/naturalook.shop\/product\/kevin-murphy-smooth-again-rinse-conditioner\/"},"modified":"2025-10-23T22:21:40","modified_gmt":"2025-10-24T02:21:40","slug":"kevin-murphy-smooth-again-rinse-conditioner","status":"publish","type":"product","link":"https:\/\/naturalook.shop\/fr\/produit\/kevin-murphy-smooth-again-rinse-conditioner\/","title":{"rendered":"Kevin Murphy &#8211; SMOOTH.AGAIN RINSE &#8211; Conditioner &#8211; 250ml"},"content":{"rendered":"<p>D\u00e9m\u00ealez en douceur les cheveux \u00e9pais, rebelles et indisciplin\u00e9s avec notre apr\u00e8s-shampooing lissant SMOOTH.AGAIN.RINSE. Infus\u00e9 avec de la prot\u00e9ine de k\u00e9ratine, il imite la structure des prot\u00e9ines naturelles des cheveux pour offrir une r\u00e9paration cibl\u00e9e des dommages pour des r\u00e9sultats parfaitement lisses. Les huiles nourrissantes et les beurres, tels que l&#8217;huile de Monoi, hydratent en profondeur et luttent contre les frisottis, laissant vos cheveux irr\u00e9sistiblement doux et soyeux. Profitez des avantages d&#8217;un traitement lissant de qualit\u00e9 salon dans le confort de votre propre maison.<\/p>\n","protected":false},"excerpt":{"rendered":"<p>CONDITIONNEUR LISSANT POUR CHEVEUX \u00c9PAIS ET RUGUEUX<\/p>\n","protected":false},"featured_media":16432,"comment_status":"open","ping_status":"closed","template":"","meta":{"_glsr_average":0,"_glsr_ranking":0,"_glsr_reviews":0},"product_brand":[902],"product_cat":[610],"product_tag":[677],"class_list":{"0":"post-17934","1":"product","2":"type-product","3":"status-publish","4":"has-post-thumbnail","6":"product_brand-kevin-murphy","7":"product_cat-revitalisant","8":"product_tag-kevin-murphy-fr","9":"_wholesalex wsx-wholesalex-product","11":"first","12":"outofstock","13":"taxable","14":"shipping-taxable","15":"purchasable","16":"product-type-simple"},"jetpack_sharing_enabled":true,"_links":{"self":[{"href":"https:\/\/naturalook.shop\/fr\/wp-json\/wp\/v2\/product\/17934","targetHints":{"allow":["GET"]}}],"collection":[{"href":"https:\/\/naturalook.shop\/fr\/wp-json\/wp\/v2\/product"}],"about":[{"href":"https:\/\/naturalook.shop\/fr\/wp-json\/wp\/v2\/types\/product"}],"replies":[{"embeddable":true,"href":"https:\/\/naturalook.shop\/fr\/wp-json\/wp\/v2\/comments?post=17934"}],"version-history":[{"count":1,"href":"https:\/\/naturalook.shop\/fr\/wp-json\/wp\/v2\/product\/17934\/revisions"}],"predecessor-version":[{"id":34281,"href":"https:\/\/naturalook.shop\/fr\/wp-json\/wp\/v2\/product\/17934\/revisions\/34281"}],"wp:featuredmedia":[{"embeddable":true,"href":"https:\/\/naturalook.shop\/fr\/wp-json\/wp\/v2\/media\/16432"}],"wp:attachment":[{"href":"https:\/\/naturalook.shop\/fr\/wp-json\/wp\/v2\/media?parent=17934"}],"wp:term":[{"taxonomy":"product_brand","embeddable":true,"href":"https:\/\/naturalook.shop\/fr\/wp-json\/wp\/v2\/product_brand?post=17934"},{"taxonomy":"product_cat","embeddable":true,"href":"https:\/\/naturalook.shop\/fr\/wp-json\/wp\/v2\/product_cat?post=17934"},{"taxonomy":"product_tag","embeddable":true,"href":"https:\/\/naturalook.shop\/fr\/wp-json\/wp\/v2\/product_tag?post=17934"}],"curies":[{"name":"wp","href":"https:\/\/api.w.org\/{rel}","templated":true}]}}