{"id":17935,"date":"2023-02-09T23:19:00","date_gmt":"2023-02-10T04:19:00","guid":{"rendered":"https:\/\/naturalook.shop\/product\/kevin-murphy-smooth-again-wash-shampoo\/"},"modified":"2025-10-23T22:21:40","modified_gmt":"2025-10-24T02:21:40","slug":"kevin-murphy-smooth-again-wash-shampoo","status":"publish","type":"product","link":"https:\/\/naturalook.shop\/fr\/produit\/kevin-murphy-smooth-again-wash-shampoo\/","title":{"rendered":"Kevin Murphy &#8211; SMOOTH.AGAIN WASH &#8211; Shampoo &#8211; 250ml"},"content":{"rendered":"<p>Domptez les m\u00e8ches indisciplin\u00e9es et combattez les frisottis avec notre shampooing SMOOTH.AGAIN.WASH sp\u00e9cialement con\u00e7u pour les cheveux \u00e9pais et grossiers. Infus\u00e9 d&#8217;huiles et de beurres nourrissants tels que le Monoi et le Murumuru, ce shampooing aide \u00e0 retenir l&#8217;humidit\u00e9 essentielle, laissant vos cheveux doux et soyeux. L&#8217;ajout de prot\u00e9ine de k\u00e9ratine imite la structure des prot\u00e9ines naturelles des cheveux, offrant une r\u00e9paration cibl\u00e9e des dommages l\u00e0 o\u00f9 elle est la plus n\u00e9cessaire. Dites adieu aux frisottis indisciplin\u00e9s et bonjour aux cheveux raffin\u00e9s et brillants.<\/p>\n","protected":false},"excerpt":{"rendered":"<p>SHAMPOOING LISSANT POUR CHEVEUX \u00c9PAIS ET RUGUEUX<\/p>\n","protected":false},"featured_media":16435,"comment_status":"open","ping_status":"closed","template":"","meta":{"_glsr_average":0,"_glsr_ranking":0,"_glsr_reviews":0},"product_brand":[902],"product_cat":[614],"product_tag":[677],"class_list":{"0":"post-17935","1":"product","2":"type-product","3":"status-publish","4":"has-post-thumbnail","6":"product_brand-kevin-murphy","7":"product_cat-shampooing","8":"product_tag-kevin-murphy-fr","9":"_wholesalex wsx-wholesalex-product","11":"first","12":"outofstock","13":"taxable","14":"shipping-taxable","15":"purchasable","16":"product-type-simple"},"jetpack_sharing_enabled":true,"_links":{"self":[{"href":"https:\/\/naturalook.shop\/fr\/wp-json\/wp\/v2\/product\/17935","targetHints":{"allow":["GET"]}}],"collection":[{"href":"https:\/\/naturalook.shop\/fr\/wp-json\/wp\/v2\/product"}],"about":[{"href":"https:\/\/naturalook.shop\/fr\/wp-json\/wp\/v2\/types\/product"}],"replies":[{"embeddable":true,"href":"https:\/\/naturalook.shop\/fr\/wp-json\/wp\/v2\/comments?post=17935"}],"version-history":[{"count":1,"href":"https:\/\/naturalook.shop\/fr\/wp-json\/wp\/v2\/product\/17935\/revisions"}],"predecessor-version":[{"id":34285,"href":"https:\/\/naturalook.shop\/fr\/wp-json\/wp\/v2\/product\/17935\/revisions\/34285"}],"wp:featuredmedia":[{"embeddable":true,"href":"https:\/\/naturalook.shop\/fr\/wp-json\/wp\/v2\/media\/16435"}],"wp:attachment":[{"href":"https:\/\/naturalook.shop\/fr\/wp-json\/wp\/v2\/media?parent=17935"}],"wp:term":[{"taxonomy":"product_brand","embeddable":true,"href":"https:\/\/naturalook.shop\/fr\/wp-json\/wp\/v2\/product_brand?post=17935"},{"taxonomy":"product_cat","embeddable":true,"href":"https:\/\/naturalook.shop\/fr\/wp-json\/wp\/v2\/product_cat?post=17935"},{"taxonomy":"product_tag","embeddable":true,"href":"https:\/\/naturalook.shop\/fr\/wp-json\/wp\/v2\/product_tag?post=17935"}],"curies":[{"name":"wp","href":"https:\/\/api.w.org\/{rel}","templated":true}]}}