{"id":17937,"date":"2023-02-09T23:19:00","date_gmt":"2023-02-10T04:19:00","guid":{"rendered":"https:\/\/naturalook.shop\/product\/kevin-murphy-doo-over-hairspray-100ml\/"},"modified":"2025-10-23T22:21:41","modified_gmt":"2025-10-24T02:21:41","slug":"kevin-murphy-doo-over-hairspray-100ml","status":"publish","type":"product","link":"https:\/\/naturalook.shop\/fr\/produit\/kevin-murphy-doo-over-hairspray-100ml\/","title":{"rendered":"Kevin Murphy &#8211; DOO.OVER &#8211; Hairspray &#8211; 100ml"},"content":{"rendered":"<p>DOO.OVER est une laque de finition en poudre s\u00e8che polyvalente offrant un volume et une tenue longue dur\u00e9e avec un aspect et une texture naturellement doux. Cette laque de finition peut \u00eatre utilis\u00e9e pour une vari\u00e9t\u00e9 de coiffures, des looks de tous les jours aux s\u00e9ances photo. Avec la capacit\u00e9 de modeler, fa\u00e7onner et maintenir les cheveux en place tout en permettant un mouvement naturel, DOO.OVER est un must-have pour tous ceux qui cherchent \u00e0 r\u00e9aliser une vari\u00e9t\u00e9 de styles de coiffure facilement.<\/p>\n","protected":false},"excerpt":{"rendered":"<p>LAQUE DE FINITION S\u00c8CHE EN POUDRE<\/p>\n","protected":false},"featured_media":16438,"comment_status":"open","ping_status":"closed","template":"","meta":{"_glsr_average":0,"_glsr_ranking":0,"_glsr_reviews":0},"product_brand":[902],"product_cat":[615],"product_tag":[677],"class_list":{"0":"post-17937","1":"product","2":"type-product","3":"status-publish","4":"has-post-thumbnail","6":"product_brand-kevin-murphy","7":"product_cat-stylisant","8":"product_tag-kevin-murphy-fr","9":"_wholesalex wsx-wholesalex-product","11":"first","12":"outofstock","13":"taxable","14":"shipping-taxable","15":"purchasable","16":"product-type-simple"},"jetpack_sharing_enabled":true,"_links":{"self":[{"href":"https:\/\/naturalook.shop\/fr\/wp-json\/wp\/v2\/product\/17937","targetHints":{"allow":["GET"]}}],"collection":[{"href":"https:\/\/naturalook.shop\/fr\/wp-json\/wp\/v2\/product"}],"about":[{"href":"https:\/\/naturalook.shop\/fr\/wp-json\/wp\/v2\/types\/product"}],"replies":[{"embeddable":true,"href":"https:\/\/naturalook.shop\/fr\/wp-json\/wp\/v2\/comments?post=17937"}],"version-history":[{"count":1,"href":"https:\/\/naturalook.shop\/fr\/wp-json\/wp\/v2\/product\/17937\/revisions"}],"predecessor-version":[{"id":34288,"href":"https:\/\/naturalook.shop\/fr\/wp-json\/wp\/v2\/product\/17937\/revisions\/34288"}],"wp:featuredmedia":[{"embeddable":true,"href":"https:\/\/naturalook.shop\/fr\/wp-json\/wp\/v2\/media\/16438"}],"wp:attachment":[{"href":"https:\/\/naturalook.shop\/fr\/wp-json\/wp\/v2\/media?parent=17937"}],"wp:term":[{"taxonomy":"product_brand","embeddable":true,"href":"https:\/\/naturalook.shop\/fr\/wp-json\/wp\/v2\/product_brand?post=17937"},{"taxonomy":"product_cat","embeddable":true,"href":"https:\/\/naturalook.shop\/fr\/wp-json\/wp\/v2\/product_cat?post=17937"},{"taxonomy":"product_tag","embeddable":true,"href":"https:\/\/naturalook.shop\/fr\/wp-json\/wp\/v2\/product_tag?post=17937"}],"curies":[{"name":"wp","href":"https:\/\/api.w.org\/{rel}","templated":true}]}}