{"id":17938,"date":"2023-02-09T23:19:00","date_gmt":"2023-02-10T04:19:00","guid":{"rendered":"https:\/\/naturalook.shop\/product\/kevin-murphy-full-again-lotion\/"},"modified":"2025-10-23T22:21:41","modified_gmt":"2025-10-24T02:21:41","slug":"kevin-murphy-full-again-lotion","status":"publish","type":"product","link":"https:\/\/naturalook.shop\/fr\/produit\/kevin-murphy-full-again-lotion\/","title":{"rendered":"Kevin Murphy &#8211; FULL.AGAIN &#8211; Lotion &#8211; 150ml"},"content":{"rendered":"<p>R\u00e9pondez aux d\u00e9sirs de vos cheveux en qu\u00eate d&#8217;\u00e9paisseur avec FULL.AGAIN de Kevin Murphy. Cette lotion \u00e9paississante est sp\u00e9cialement con\u00e7ue pour les cheveux fins ou clairsem\u00e9s afin de leur donner le volume et la pl\u00e9nitude qu&#8217;ils recherchent. FULL.AGAIN contient de petites particules de rayonne qui adh\u00e8rent \u00e0 la tige du cheveu, cr\u00e9ant ainsi l&#8217;illusion de cheveux plus \u00e9pais et plus volumineux. De la cire d&#8217;abeille est \u00e9galement incluse pour aider \u00e0 mouler et \u00e0 cr\u00e9er un mouvement naturel dans les cheveux, donnant ainsi un corps et un rebondissement magnifiques. Avec FULL.AGAIN, vos cheveux auront l&#8217;air et la sensation d&#8217;\u00eatre plus pleins que jamais.<\/p>\n","protected":false},"excerpt":{"rendered":"<p>LOTION \u00c9PAISSISSANTE DE R\u00c9PARATION<\/p>\n","protected":false},"featured_media":16443,"comment_status":"open","ping_status":"closed","template":"","meta":{"_glsr_average":0,"_glsr_ranking":0,"_glsr_reviews":0},"product_brand":[902],"product_cat":[615],"product_tag":[677],"class_list":{"0":"post-17938","1":"product","2":"type-product","3":"status-publish","4":"has-post-thumbnail","6":"product_brand-kevin-murphy","7":"product_cat-stylisant","8":"product_tag-kevin-murphy-fr","9":"_wholesalex wsx-wholesalex-product","11":"first","12":"outofstock","13":"taxable","14":"shipping-taxable","15":"purchasable","16":"product-type-simple"},"jetpack_sharing_enabled":true,"_links":{"self":[{"href":"https:\/\/naturalook.shop\/fr\/wp-json\/wp\/v2\/product\/17938","targetHints":{"allow":["GET"]}}],"collection":[{"href":"https:\/\/naturalook.shop\/fr\/wp-json\/wp\/v2\/product"}],"about":[{"href":"https:\/\/naturalook.shop\/fr\/wp-json\/wp\/v2\/types\/product"}],"replies":[{"embeddable":true,"href":"https:\/\/naturalook.shop\/fr\/wp-json\/wp\/v2\/comments?post=17938"}],"version-history":[{"count":1,"href":"https:\/\/naturalook.shop\/fr\/wp-json\/wp\/v2\/product\/17938\/revisions"}],"predecessor-version":[{"id":34290,"href":"https:\/\/naturalook.shop\/fr\/wp-json\/wp\/v2\/product\/17938\/revisions\/34290"}],"wp:featuredmedia":[{"embeddable":true,"href":"https:\/\/naturalook.shop\/fr\/wp-json\/wp\/v2\/media\/16443"}],"wp:attachment":[{"href":"https:\/\/naturalook.shop\/fr\/wp-json\/wp\/v2\/media?parent=17938"}],"wp:term":[{"taxonomy":"product_brand","embeddable":true,"href":"https:\/\/naturalook.shop\/fr\/wp-json\/wp\/v2\/product_brand?post=17938"},{"taxonomy":"product_cat","embeddable":true,"href":"https:\/\/naturalook.shop\/fr\/wp-json\/wp\/v2\/product_cat?post=17938"},{"taxonomy":"product_tag","embeddable":true,"href":"https:\/\/naturalook.shop\/fr\/wp-json\/wp\/v2\/product_tag?post=17938"}],"curies":[{"name":"wp","href":"https:\/\/api.w.org\/{rel}","templated":true}]}}