{"id":17939,"date":"2023-02-09T23:19:00","date_gmt":"2023-02-10T04:19:00","guid":{"rendered":"https:\/\/naturalook.shop\/product\/kevin-murphy-body-mass-leave-in\/"},"modified":"2025-10-23T22:21:41","modified_gmt":"2025-10-24T02:21:41","slug":"kevin-murphy-body-mass-leave-in","status":"publish","type":"product","link":"https:\/\/naturalook.shop\/fr\/produit\/kevin-murphy-body-mass-leave-in\/","title":{"rendered":"Kevin Murphy &#8211; BODY.MASS &#8211; Leave-in &#8211; 100ml"},"content":{"rendered":"<p>BODY.MASS est un traitement revitalisant sans rin\u00e7age qui aide \u00e0 renforcer et \u00e9paissir les cheveux pour leur donner plus de corps et de volume. Ce traitement utilise une technologie avanc\u00e9e d&#8217;\u00e9paississement des cils pour renforcer et densifier les cheveux fins ou clairsem\u00e9s, tandis que l&#8217;acide ol\u00e9anolique riche en antioxydants aide \u00e0 fortifier les cheveux \u00e0 la racine et \u00e0 lutter contre le vieillissement. En utilisant ce traitement, vos cheveux seront visiblement plus \u00e9pais et plus volumineux instantan\u00e9ment et au fil du temps.<\/p>\n","protected":false},"excerpt":{"rendered":"<p>TRAITEMENT DE CONDITIONNEMENT GONFLANT SANS RIN\u00c7AGE<\/p>\n","protected":false},"featured_media":16446,"comment_status":"open","ping_status":"closed","template":"","meta":{"_glsr_average":0,"_glsr_ranking":0,"_glsr_reviews":0},"product_brand":[902],"product_cat":[612,616],"product_tag":[677],"class_list":{"0":"post-17939","1":"product","2":"type-product","3":"status-publish","4":"has-post-thumbnail","6":"product_brand-kevin-murphy","7":"product_cat-leave-in-fr","8":"product_cat-traitement","9":"product_tag-kevin-murphy-fr","10":"_wholesalex wsx-wholesalex-product","12":"first","13":"outofstock","14":"taxable","15":"shipping-taxable","16":"purchasable","17":"product-type-simple"},"jetpack_sharing_enabled":true,"_links":{"self":[{"href":"https:\/\/naturalook.shop\/fr\/wp-json\/wp\/v2\/product\/17939","targetHints":{"allow":["GET"]}}],"collection":[{"href":"https:\/\/naturalook.shop\/fr\/wp-json\/wp\/v2\/product"}],"about":[{"href":"https:\/\/naturalook.shop\/fr\/wp-json\/wp\/v2\/types\/product"}],"replies":[{"embeddable":true,"href":"https:\/\/naturalook.shop\/fr\/wp-json\/wp\/v2\/comments?post=17939"}],"version-history":[{"count":1,"href":"https:\/\/naturalook.shop\/fr\/wp-json\/wp\/v2\/product\/17939\/revisions"}],"predecessor-version":[{"id":34292,"href":"https:\/\/naturalook.shop\/fr\/wp-json\/wp\/v2\/product\/17939\/revisions\/34292"}],"wp:featuredmedia":[{"embeddable":true,"href":"https:\/\/naturalook.shop\/fr\/wp-json\/wp\/v2\/media\/16446"}],"wp:attachment":[{"href":"https:\/\/naturalook.shop\/fr\/wp-json\/wp\/v2\/media?parent=17939"}],"wp:term":[{"taxonomy":"product_brand","embeddable":true,"href":"https:\/\/naturalook.shop\/fr\/wp-json\/wp\/v2\/product_brand?post=17939"},{"taxonomy":"product_cat","embeddable":true,"href":"https:\/\/naturalook.shop\/fr\/wp-json\/wp\/v2\/product_cat?post=17939"},{"taxonomy":"product_tag","embeddable":true,"href":"https:\/\/naturalook.shop\/fr\/wp-json\/wp\/v2\/product_tag?post=17939"}],"curies":[{"name":"wp","href":"https:\/\/api.w.org\/{rel}","templated":true}]}}