{"id":17940,"date":"2023-02-09T23:19:00","date_gmt":"2023-02-10T04:19:00","guid":{"rendered":"https:\/\/naturalook.shop\/product\/kevin-murphy-staying-alive-leave-in\/"},"modified":"2025-10-23T22:21:36","modified_gmt":"2025-10-24T02:21:36","slug":"kevin-murphy-staying-alive-leave-in","status":"publish","type":"product","link":"https:\/\/naturalook.shop\/fr\/produit\/kevin-murphy-staying-alive-leave-in\/","title":{"rendered":"Kevin Murphy &#8211; STAYING.ALIVE &#8211; Leave-in &#8211; 150ml"},"content":{"rendered":"<p>STAYING.ALIVE n&#8217;est pas seulement une chanson pop des ann\u00e9es 70 ; c&#8217;est notre traitement sans rin\u00e7age haute performance qui donne vie aux cheveux ab\u00eem\u00e9s ou color\u00e9s. Infus\u00e9 avec des prot\u00e9ines de soie, cette brume l\u00e9g\u00e8re aide \u00e0 lisser et r\u00e9parer les cheveux, tandis que les antioxydants favorisent l&#8217;\u00e9lasticit\u00e9 et surmontent la s\u00e9cheresse. Il d\u00e9m\u00eale sans effort, laissant les cheveux soyeux et doux. Dites bonjour aux cheveux sains et heureux avec STAYING.ALIVE.<\/p>\n","protected":false},"excerpt":{"rendered":"<p>TRAITEMENT \u00c0 LAISSER AGIR POUR CHEVEUX SECS, ENDOMMAG\u00c9S OU COLOR\u00c9S<\/p>\n","protected":false},"featured_media":16449,"comment_status":"open","ping_status":"closed","template":"","meta":{"_glsr_average":0,"_glsr_ranking":0,"_glsr_reviews":0},"product_brand":[902],"product_cat":[612,616],"product_tag":[677],"class_list":{"0":"post-17940","1":"product","2":"type-product","3":"status-publish","4":"has-post-thumbnail","6":"product_brand-kevin-murphy","7":"product_cat-leave-in-fr","8":"product_cat-traitement","9":"product_tag-kevin-murphy-fr","10":"_wholesalex wsx-wholesalex-product","12":"first","13":"outofstock","14":"taxable","15":"shipping-taxable","16":"purchasable","17":"product-type-simple"},"jetpack_sharing_enabled":true,"_links":{"self":[{"href":"https:\/\/naturalook.shop\/fr\/wp-json\/wp\/v2\/product\/17940","targetHints":{"allow":["GET"]}}],"collection":[{"href":"https:\/\/naturalook.shop\/fr\/wp-json\/wp\/v2\/product"}],"about":[{"href":"https:\/\/naturalook.shop\/fr\/wp-json\/wp\/v2\/types\/product"}],"replies":[{"embeddable":true,"href":"https:\/\/naturalook.shop\/fr\/wp-json\/wp\/v2\/comments?post=17940"}],"version-history":[{"count":1,"href":"https:\/\/naturalook.shop\/fr\/wp-json\/wp\/v2\/product\/17940\/revisions"}],"predecessor-version":[{"id":34255,"href":"https:\/\/naturalook.shop\/fr\/wp-json\/wp\/v2\/product\/17940\/revisions\/34255"}],"wp:featuredmedia":[{"embeddable":true,"href":"https:\/\/naturalook.shop\/fr\/wp-json\/wp\/v2\/media\/16449"}],"wp:attachment":[{"href":"https:\/\/naturalook.shop\/fr\/wp-json\/wp\/v2\/media?parent=17940"}],"wp:term":[{"taxonomy":"product_brand","embeddable":true,"href":"https:\/\/naturalook.shop\/fr\/wp-json\/wp\/v2\/product_brand?post=17940"},{"taxonomy":"product_cat","embeddable":true,"href":"https:\/\/naturalook.shop\/fr\/wp-json\/wp\/v2\/product_cat?post=17940"},{"taxonomy":"product_tag","embeddable":true,"href":"https:\/\/naturalook.shop\/fr\/wp-json\/wp\/v2\/product_tag?post=17940"}],"curies":[{"name":"wp","href":"https:\/\/api.w.org\/{rel}","templated":true}]}}