{"id":17941,"date":"2023-02-09T23:19:00","date_gmt":"2023-02-10T04:19:00","guid":{"rendered":"https:\/\/naturalook.shop\/product\/kevin-murphy-plumping-rinse-conditioner\/"},"modified":"2025-10-23T22:21:36","modified_gmt":"2025-10-24T02:21:36","slug":"kevin-murphy-plumping-rinse-conditioner","status":"publish","type":"product","link":"https:\/\/naturalook.shop\/fr\/produit\/kevin-murphy-plumping-rinse-conditioner\/","title":{"rendered":"Kevin Murphy &#8211; PLUMPING.RINSE &#8211; Conditioner &#8211; 250ml"},"content":{"rendered":"<p>Pour donner \u00e0 vos cheveux fins, clairsem\u00e9s ou vieillissants le traitement de conditionnement ultime, offrez-vous notre PLUMPING.RINSE. Ce luxueux revitalisant est con\u00e7u pour fournir une nutrition essentielle afin de restaurer l&#8217;\u00e9paisseur, augmenter le volume et donner une brillance sublime et une texture soyeuse et douce. Infus\u00e9e d&#8217;un m\u00e9lange d&#8217;ingr\u00e9dients nourrissants, notamment du gingembre et des extraits d&#8217;ortie, cette formule cible le cuir chevelu pour favoriser une croissance et une force capillaire saines, tout en nourrissant et prot\u00e9geant les cheveux de la racine \u00e0 la pointe. Avec une utilisation r\u00e9guli\u00e8re, vos cheveux seront plus \u00e9pais, plus pleins et plus jeunes.<\/p>\n","protected":false},"excerpt":{"rendered":"<p>CONDITIONNEUR DENSIFIANT POUR CHEVEUX FINS<\/p>\n","protected":false},"featured_media":16453,"comment_status":"open","ping_status":"closed","template":"","meta":{"_glsr_average":0,"_glsr_ranking":0,"_glsr_reviews":0},"product_brand":[902],"product_cat":[610],"product_tag":[677],"class_list":{"0":"post-17941","1":"product","2":"type-product","3":"status-publish","4":"has-post-thumbnail","6":"product_brand-kevin-murphy","7":"product_cat-revitalisant","8":"product_tag-kevin-murphy-fr","9":"_wholesalex wsx-wholesalex-product","11":"first","12":"outofstock","13":"taxable","14":"shipping-taxable","15":"purchasable","16":"product-type-simple"},"jetpack_sharing_enabled":true,"_links":{"self":[{"href":"https:\/\/naturalook.shop\/fr\/wp-json\/wp\/v2\/product\/17941","targetHints":{"allow":["GET"]}}],"collection":[{"href":"https:\/\/naturalook.shop\/fr\/wp-json\/wp\/v2\/product"}],"about":[{"href":"https:\/\/naturalook.shop\/fr\/wp-json\/wp\/v2\/types\/product"}],"replies":[{"embeddable":true,"href":"https:\/\/naturalook.shop\/fr\/wp-json\/wp\/v2\/comments?post=17941"}],"version-history":[{"count":1,"href":"https:\/\/naturalook.shop\/fr\/wp-json\/wp\/v2\/product\/17941\/revisions"}],"predecessor-version":[{"id":34257,"href":"https:\/\/naturalook.shop\/fr\/wp-json\/wp\/v2\/product\/17941\/revisions\/34257"}],"wp:featuredmedia":[{"embeddable":true,"href":"https:\/\/naturalook.shop\/fr\/wp-json\/wp\/v2\/media\/16453"}],"wp:attachment":[{"href":"https:\/\/naturalook.shop\/fr\/wp-json\/wp\/v2\/media?parent=17941"}],"wp:term":[{"taxonomy":"product_brand","embeddable":true,"href":"https:\/\/naturalook.shop\/fr\/wp-json\/wp\/v2\/product_brand?post=17941"},{"taxonomy":"product_cat","embeddable":true,"href":"https:\/\/naturalook.shop\/fr\/wp-json\/wp\/v2\/product_cat?post=17941"},{"taxonomy":"product_tag","embeddable":true,"href":"https:\/\/naturalook.shop\/fr\/wp-json\/wp\/v2\/product_tag?post=17941"}],"curies":[{"name":"wp","href":"https:\/\/api.w.org\/{rel}","templated":true}]}}