{"id":17942,"date":"2023-02-09T23:19:00","date_gmt":"2023-02-10T04:19:00","guid":{"rendered":"https:\/\/naturalook.shop\/product\/kevin-murphy-powder-puff\/"},"modified":"2025-10-23T22:21:37","modified_gmt":"2025-10-24T02:21:37","slug":"kevin-murphy-powder-puff","status":"publish","type":"product","link":"https:\/\/naturalook.shop\/fr\/produit\/kevin-murphy-powder-puff\/","title":{"rendered":"Kevin Murphy &#8211; POWDER.PUFF &#8211; 14g"},"content":{"rendered":"<p>Obtenez une augmentation instantan\u00e9e de volume avec notre produit magique POWDER.PUFF! Quelques pinc\u00e9es de cette poudre volumisante et l\u00e9g\u00e8re suffisent pour obtenir ce volume d\u00e9contract\u00e9 si convoit\u00e9. Le secret de l&#8217;efficacit\u00e9 de notre produit r\u00e9side dans sa technologie unique &#8211; une lotion volumisante encapsul\u00e9e dans une sph\u00e8re de poudre qui se transforme en un produit de fixation au contact des cheveux.<\/p>\n<p>Cette lotion puissante offre un volume instantan\u00e9 \u00e0 vos cheveux, tandis que la composante en poudre s\u00e8che les cheveux et fournit une tenue longue dur\u00e9e. Parfait pour les cheveux plats ou fins, notre POWDER.PUFF est la solution ultime pour ajouter du volume \u00e0 vos m\u00e8ches.<\/p>\n<p>Alors allez-y, saupoudrez notre poudre magique sur vos cheveux et observez la transformation en une \u0153uvre volumineuse et enviable!<\/p>\n","protected":false},"excerpt":{"rendered":"<p>POUDRE VOLUMISANTE<\/p>\n","protected":false},"featured_media":16459,"comment_status":"open","ping_status":"closed","template":"","meta":{"_glsr_average":0,"_glsr_ranking":0,"_glsr_reviews":0},"product_brand":[902],"product_cat":[615],"product_tag":[677],"class_list":{"0":"post-17942","1":"product","2":"type-product","3":"status-publish","4":"has-post-thumbnail","6":"product_brand-kevin-murphy","7":"product_cat-stylisant","8":"product_tag-kevin-murphy-fr","9":"_wholesalex wsx-wholesalex-product","11":"first","12":"outofstock","13":"taxable","14":"shipping-taxable","15":"purchasable","16":"product-type-simple"},"jetpack_sharing_enabled":true,"_links":{"self":[{"href":"https:\/\/naturalook.shop\/fr\/wp-json\/wp\/v2\/product\/17942","targetHints":{"allow":["GET"]}}],"collection":[{"href":"https:\/\/naturalook.shop\/fr\/wp-json\/wp\/v2\/product"}],"about":[{"href":"https:\/\/naturalook.shop\/fr\/wp-json\/wp\/v2\/types\/product"}],"replies":[{"embeddable":true,"href":"https:\/\/naturalook.shop\/fr\/wp-json\/wp\/v2\/comments?post=17942"}],"version-history":[{"count":1,"href":"https:\/\/naturalook.shop\/fr\/wp-json\/wp\/v2\/product\/17942\/revisions"}],"predecessor-version":[{"id":34259,"href":"https:\/\/naturalook.shop\/fr\/wp-json\/wp\/v2\/product\/17942\/revisions\/34259"}],"wp:featuredmedia":[{"embeddable":true,"href":"https:\/\/naturalook.shop\/fr\/wp-json\/wp\/v2\/media\/16459"}],"wp:attachment":[{"href":"https:\/\/naturalook.shop\/fr\/wp-json\/wp\/v2\/media?parent=17942"}],"wp:term":[{"taxonomy":"product_brand","embeddable":true,"href":"https:\/\/naturalook.shop\/fr\/wp-json\/wp\/v2\/product_brand?post=17942"},{"taxonomy":"product_cat","embeddable":true,"href":"https:\/\/naturalook.shop\/fr\/wp-json\/wp\/v2\/product_cat?post=17942"},{"taxonomy":"product_tag","embeddable":true,"href":"https:\/\/naturalook.shop\/fr\/wp-json\/wp\/v2\/product_tag?post=17942"}],"curies":[{"name":"wp","href":"https:\/\/api.w.org\/{rel}","templated":true}]}}