{"id":17943,"date":"2023-02-09T23:19:00","date_gmt":"2023-02-10T04:19:00","guid":{"rendered":"https:\/\/naturalook.shop\/product\/kevin-murphy-anti-gravity-volumiser\/"},"modified":"2025-10-23T22:21:37","modified_gmt":"2025-10-24T02:21:37","slug":"kevin-murphy-anti-gravity-volumiser","status":"publish","type":"product","link":"https:\/\/naturalook.shop\/fr\/produit\/kevin-murphy-anti-gravity-volumiser\/","title":{"rendered":"Kevin Murphy &#8211; ANTI.GRAVITY &#8211; Volumiser &#8211; 150ml"},"content":{"rendered":"<p>D\u00e9couvrez des cheveux qui d\u00e9fient la gravit\u00e9 avec notre lotion ANTI.GRAVITY &#8211; le volumisateur et texturisateur ultime pr\u00e9f\u00e9r\u00e9 des stylistes de session dans le monde entier. Peu importe votre type de cheveux ou de style, qu&#8217;ils soient longs, courts, boucl\u00e9s ou souffl\u00e9s, ANTI.GRAVITY vous donne le pouvoir de cr\u00e9er des styles hors du commun.<\/p>\n<p>Cette formule l\u00e9g\u00e8re offre un volume exceptionnel et une pl\u00e9nitude, tandis que sa tenue longue dur\u00e9e maintient vos cheveux en place toute la journ\u00e9e. M\u00eame la gravit\u00e9 ne peut pas faire chuter le volume et le rebondissement que ANTI.GRAVITY offre. Alors, pr\u00e9parez-vous \u00e0 lib\u00e9rer votre c\u00f4t\u00e9 cr\u00e9atif et \u00e0 exp\u00e9rimenter une large gamme de coiffures qui d\u00e9fient la gravit\u00e9.<\/p>\n<p>Que vous recherchiez un look \u00e9l\u00e9gant et sophistiqu\u00e9 ou un style sauvage et audacieux, ANTI.GRAVITY est l&#8217;outil de coiffage parfait pour vous. Sa polyvalence en fait un choix id\u00e9al pour les occasions d\u00e9contract\u00e9es et formelles. Alors, allez-y et essayez-le &#8211; vous ne serez pas d\u00e9\u00e7u!<\/p>\n","protected":false},"excerpt":{"rendered":"<p>LOTION POUR VOLUMISER ET TEXTURISER<\/p>\n","protected":false},"featured_media":16463,"comment_status":"open","ping_status":"closed","template":"","meta":{"_glsr_average":0,"_glsr_ranking":0,"_glsr_reviews":0},"product_brand":[902],"product_cat":[615],"product_tag":[677],"class_list":{"0":"post-17943","1":"product","2":"type-product","3":"status-publish","4":"has-post-thumbnail","6":"product_brand-kevin-murphy","7":"product_cat-stylisant","8":"product_tag-kevin-murphy-fr","9":"_wholesalex wsx-wholesalex-product","11":"first","12":"outofstock","13":"taxable","14":"shipping-taxable","15":"purchasable","16":"product-type-simple"},"jetpack_sharing_enabled":true,"_links":{"self":[{"href":"https:\/\/naturalook.shop\/fr\/wp-json\/wp\/v2\/product\/17943","targetHints":{"allow":["GET"]}}],"collection":[{"href":"https:\/\/naturalook.shop\/fr\/wp-json\/wp\/v2\/product"}],"about":[{"href":"https:\/\/naturalook.shop\/fr\/wp-json\/wp\/v2\/types\/product"}],"replies":[{"embeddable":true,"href":"https:\/\/naturalook.shop\/fr\/wp-json\/wp\/v2\/comments?post=17943"}],"version-history":[{"count":1,"href":"https:\/\/naturalook.shop\/fr\/wp-json\/wp\/v2\/product\/17943\/revisions"}],"predecessor-version":[{"id":34261,"href":"https:\/\/naturalook.shop\/fr\/wp-json\/wp\/v2\/product\/17943\/revisions\/34261"}],"wp:featuredmedia":[{"embeddable":true,"href":"https:\/\/naturalook.shop\/fr\/wp-json\/wp\/v2\/media\/16463"}],"wp:attachment":[{"href":"https:\/\/naturalook.shop\/fr\/wp-json\/wp\/v2\/media?parent=17943"}],"wp:term":[{"taxonomy":"product_brand","embeddable":true,"href":"https:\/\/naturalook.shop\/fr\/wp-json\/wp\/v2\/product_brand?post=17943"},{"taxonomy":"product_cat","embeddable":true,"href":"https:\/\/naturalook.shop\/fr\/wp-json\/wp\/v2\/product_cat?post=17943"},{"taxonomy":"product_tag","embeddable":true,"href":"https:\/\/naturalook.shop\/fr\/wp-json\/wp\/v2\/product_tag?post=17943"}],"curies":[{"name":"wp","href":"https:\/\/api.w.org\/{rel}","templated":true}]}}