{"id":17945,"date":"2023-02-09T23:19:00","date_gmt":"2023-02-10T04:19:00","guid":{"rendered":"https:\/\/naturalook.shop\/product\/kevin-murphy-angel-masque-treatment\/"},"modified":"2025-10-23T22:21:37","modified_gmt":"2025-10-24T02:21:37","slug":"kevin-murphy-angel-masque-treatment","status":"publish","type":"product","link":"https:\/\/naturalook.shop\/fr\/produit\/kevin-murphy-angel-masque-treatment\/","title":{"rendered":"Kevin Murphy &#8211; ANGEL.MASQUE &#8211; Treatment 200ml"},"content":{"rendered":"<p>Dites adieu \u00e0 tous vos probl\u00e8mes capillaires avec notre ANGEL.MASQUE &#8211; la r\u00e9ponse \u00e0 toutes vos pri\u00e8res. Si vous avez des cheveux fins et fragiles qui ont \u00e9t\u00e9 endommag\u00e9s ou trait\u00e9s avec de la couleur, notre traitement intensif renfor\u00e7ant et \u00e9paississant est l\u00e0 pour vous apporter le salut dont vous avez tant besoin.<\/p>\n<p>Infus\u00e9 avec des acides amin\u00e9s essentiels, ANGEL.MASQUE r\u00e9pare profond\u00e9ment et prot\u00e8ge vos cheveux contre les dommages, les restaurer \u00e0 leur force et \u00e9paisseur naturelles. L&#8217;extrait de bambou riche en antioxydants nourrit vos cheveux tandis que l&#8217;extrait de fleur de lotus sacr\u00e9 aide \u00e0 stimuler le volume et la brillance, laissant vos cheveux visiblement plus sains, plus brillants et plus \u00e9pais.<\/p>\n<p>Notre ANGEL.MASQUE est la solution parfaite pour ceux qui luttent avec des cheveux fins et sans vie qui ont besoin d&#8217;un peu d&#8217;amour et d&#8217;attention suppl\u00e9mentaires. C&#8217;est un traitement luxueux et efficace qui transforme vos cheveux et leur redonne leur beaut\u00e9 naturelle.<\/p>\n<p>Alors, si vous cherchez un moyen de rajeunir et de revitaliser vos cheveux, ANGEL.MASQUE est la solution ultime. Donnez \u00e0 vos cheveux les soins qu&#8217;ils m\u00e9ritent avec notre traitement c\u00e9leste et d\u00e9couvrez la transformation par vous-m\u00eame.<\/p>\n","protected":false},"excerpt":{"rendered":"<p>MASQUE DE RENFORCEMENT ET \u00c9PAISSISSEMENT POUR CHEVEUX FINS ET COLOR\u00c9S<\/p>\n","protected":false},"featured_media":16470,"comment_status":"open","ping_status":"closed","template":"","meta":{"_glsr_average":0,"_glsr_ranking":0,"_glsr_reviews":0},"product_brand":[902],"product_cat":[613,616],"product_tag":[677],"class_list":{"0":"post-17945","1":"product","2":"type-product","3":"status-publish","4":"has-post-thumbnail","6":"product_brand-kevin-murphy","7":"product_cat-masque","8":"product_cat-traitement","9":"product_tag-kevin-murphy-fr","10":"_wholesalex wsx-wholesalex-product","12":"first","13":"outofstock","14":"taxable","15":"shipping-taxable","16":"purchasable","17":"product-type-simple"},"jetpack_sharing_enabled":true,"_links":{"self":[{"href":"https:\/\/naturalook.shop\/fr\/wp-json\/wp\/v2\/product\/17945","targetHints":{"allow":["GET"]}}],"collection":[{"href":"https:\/\/naturalook.shop\/fr\/wp-json\/wp\/v2\/product"}],"about":[{"href":"https:\/\/naturalook.shop\/fr\/wp-json\/wp\/v2\/types\/product"}],"replies":[{"embeddable":true,"href":"https:\/\/naturalook.shop\/fr\/wp-json\/wp\/v2\/comments?post=17945"}],"version-history":[{"count":1,"href":"https:\/\/naturalook.shop\/fr\/wp-json\/wp\/v2\/product\/17945\/revisions"}],"predecessor-version":[{"id":34265,"href":"https:\/\/naturalook.shop\/fr\/wp-json\/wp\/v2\/product\/17945\/revisions\/34265"}],"wp:featuredmedia":[{"embeddable":true,"href":"https:\/\/naturalook.shop\/fr\/wp-json\/wp\/v2\/media\/16470"}],"wp:attachment":[{"href":"https:\/\/naturalook.shop\/fr\/wp-json\/wp\/v2\/media?parent=17945"}],"wp:term":[{"taxonomy":"product_brand","embeddable":true,"href":"https:\/\/naturalook.shop\/fr\/wp-json\/wp\/v2\/product_brand?post=17945"},{"taxonomy":"product_cat","embeddable":true,"href":"https:\/\/naturalook.shop\/fr\/wp-json\/wp\/v2\/product_cat?post=17945"},{"taxonomy":"product_tag","embeddable":true,"href":"https:\/\/naturalook.shop\/fr\/wp-json\/wp\/v2\/product_tag?post=17945"}],"curies":[{"name":"wp","href":"https:\/\/api.w.org\/{rel}","templated":true}]}}