{"id":17946,"date":"2023-02-09T23:19:00","date_gmt":"2023-02-10T04:19:00","guid":{"rendered":"https:\/\/naturalook.shop\/product\/kevin-murphy-angel-wash-shampoo-250ml\/"},"modified":"2025-10-23T22:21:38","modified_gmt":"2025-10-24T02:21:38","slug":"kevin-murphy-angel-wash-shampoo-250ml","status":"publish","type":"product","link":"https:\/\/naturalook.shop\/fr\/produit\/kevin-murphy-angel-wash-shampoo-250ml\/","title":{"rendered":"Kevin Murphy &#8211; ANGEL.WASH &#8211; Shampoo 250ml"},"content":{"rendered":"<p>Offrez \u00e0 vos cheveux sur-stress\u00e9s le salut qu&#8217;ils m\u00e9ritent avec notre d\u00e9licat shampoing volumisant ANGEL.WASH. Si vous avez des cheveux fins, fragiles et color\u00e9s qui ont \u00e9t\u00e9 ab\u00eem\u00e9s, notre shampoing nourrissant est l\u00e0 pour les transformer et les revitaliser.<\/p>\n<p>Formul\u00e9 avec un m\u00e9lange d&#8217;huiles essentielles apaisantes, de vitamines, de prot\u00e9ines et d&#8217;antioxydants, ANGEL.WASH nettoie en douceur votre cuir chevelu et vos cheveux tout en les prot\u00e9geant contre les radicaux libres nocifs. Il maximise la long\u00e9vit\u00e9 de la couleur, laissant vos cheveux vibrants et pleins de vie.<\/p>\n<p>Notre ANGEL.WASH est une formule luxueuse et douce qui nourrit vos cheveux et les transforme en leur beaut\u00e9 naturelle. Que vous cherchiez \u00e0 revitaliser vos cheveux apr\u00e8s une semaine difficile ou \u00e0 maintenir leur aspect lustr\u00e9, ANGEL.WASH est la solution parfaite.<\/p>\n<p>Alors, si vous en avez assez de lutter contre des cheveux fins, fragiles et ab\u00eem\u00e9s, essayez notre shampoing volumisant ANGEL.WASH et vivez la transformation par vous-m\u00eame. Offrez \u00e0 vos cheveux les soins qu&#8217;ils m\u00e9ritent et profitez de cheveux sains, vibrants et pleins de vie.<\/p>\n","protected":false},"excerpt":{"rendered":"<p>SHAMPOOING R\u00c9PARATEUR POUR CHEVEUX FINEMENT COLOR\u00c9S<\/p>\n","protected":false},"featured_media":16473,"comment_status":"open","ping_status":"closed","template":"","meta":{"_glsr_average":0,"_glsr_ranking":0,"_glsr_reviews":0},"product_brand":[902],"product_cat":[614],"product_tag":[677],"class_list":{"0":"post-17946","1":"product","2":"type-product","3":"status-publish","4":"has-post-thumbnail","6":"product_brand-kevin-murphy","7":"product_cat-shampooing","8":"product_tag-kevin-murphy-fr","9":"_wholesalex wsx-wholesalex-product","11":"first","12":"outofstock","13":"taxable","14":"shipping-taxable","15":"purchasable","16":"product-type-simple"},"jetpack_sharing_enabled":true,"_links":{"self":[{"href":"https:\/\/naturalook.shop\/fr\/wp-json\/wp\/v2\/product\/17946","targetHints":{"allow":["GET"]}}],"collection":[{"href":"https:\/\/naturalook.shop\/fr\/wp-json\/wp\/v2\/product"}],"about":[{"href":"https:\/\/naturalook.shop\/fr\/wp-json\/wp\/v2\/types\/product"}],"replies":[{"embeddable":true,"href":"https:\/\/naturalook.shop\/fr\/wp-json\/wp\/v2\/comments?post=17946"}],"version-history":[{"count":1,"href":"https:\/\/naturalook.shop\/fr\/wp-json\/wp\/v2\/product\/17946\/revisions"}],"predecessor-version":[{"id":34267,"href":"https:\/\/naturalook.shop\/fr\/wp-json\/wp\/v2\/product\/17946\/revisions\/34267"}],"wp:featuredmedia":[{"embeddable":true,"href":"https:\/\/naturalook.shop\/fr\/wp-json\/wp\/v2\/media\/16473"}],"wp:attachment":[{"href":"https:\/\/naturalook.shop\/fr\/wp-json\/wp\/v2\/media?parent=17946"}],"wp:term":[{"taxonomy":"product_brand","embeddable":true,"href":"https:\/\/naturalook.shop\/fr\/wp-json\/wp\/v2\/product_brand?post=17946"},{"taxonomy":"product_cat","embeddable":true,"href":"https:\/\/naturalook.shop\/fr\/wp-json\/wp\/v2\/product_cat?post=17946"},{"taxonomy":"product_tag","embeddable":true,"href":"https:\/\/naturalook.shop\/fr\/wp-json\/wp\/v2\/product_tag?post=17946"}],"curies":[{"name":"wp","href":"https:\/\/api.w.org\/{rel}","templated":true}]}}