{"id":17947,"date":"2023-02-09T23:19:00","date_gmt":"2023-02-10T04:19:00","guid":{"rendered":"https:\/\/naturalook.shop\/product\/kevin-murphy-angel-rinse-conditioner\/"},"modified":"2025-10-23T22:21:38","modified_gmt":"2025-10-24T02:21:38","slug":"kevin-murphy-angel-rinse-conditioner","status":"publish","type":"product","link":"https:\/\/naturalook.shop\/fr\/produit\/kevin-murphy-angel-rinse-conditioner\/","title":{"rendered":"Kevin Murphy &#8211; ANGEL.RINSE &#8211; Conditioner 250ml"},"content":{"rendered":"<p>Si vous avez des cheveux fins, fragiles ou cassants qui ont besoin d&#8217;amour et de soin, ne cherchez pas plus loin que notre ANGEL.RINSE, un revitalisant volumisant sans poids. Notre luxueux revitalisant est sp\u00e9cialement con\u00e7u pour apaiser et prot\u00e9ger les cheveux fins, ab\u00eem\u00e9s et color\u00e9s.<\/p>\n<p>D\u00e9licatement parfum\u00e9 et profond\u00e9ment conditionnant, ANGEL.RINSE est infus\u00e9 de beurres de mangue et de cacao nourrissants qui apportent une hydratation et une nutrition profondes \u00e0 vos cheveux sans les alourdir. Notre formule sans poids ajoute du volume et de l&#8217;\u00e9paisseur \u00e0 vos cheveux, les laissant plus pleins et plus vibrants.<\/p>\n<p>En m\u00eame temps, ANGEL.RINSE prot\u00e8ge vos cheveux contre les dommages et la casse, les laissant sains et revitalis\u00e9s. Ainsi, que vous cherchiez \u00e0 revitaliser vos cheveux apr\u00e8s une semaine difficile ou \u00e0 maintenir leur aspect lustr\u00e9, ANGEL.RINSE est la solution parfaite.<\/p>\n<p>Offrez \u00e0 vos cheveux les soins qu&#8217;ils m\u00e9ritent avec notre ANGEL.RINSE et d\u00e9couvrez la transformation par vous-m\u00eame. Dites adieu aux cheveux sans vie et ab\u00eem\u00e9s et bonjour aux m\u00e8ches saines et volumineuses qui rayonnent de beaut\u00e9 et de vitalit\u00e9.<\/p>\n","protected":false},"excerpt":{"rendered":"<p>CONDITIONNEUR R\u00c9PARATEUR POUR CHEVEUX COLOR\u00c9S FINES<\/p>\n","protected":false},"featured_media":16476,"comment_status":"open","ping_status":"closed","template":"","meta":{"_glsr_average":0,"_glsr_ranking":0,"_glsr_reviews":0},"product_brand":[902],"product_cat":[610],"product_tag":[677],"class_list":{"0":"post-17947","1":"product","2":"type-product","3":"status-publish","4":"has-post-thumbnail","6":"product_brand-kevin-murphy","7":"product_cat-revitalisant","8":"product_tag-kevin-murphy-fr","9":"_wholesalex wsx-wholesalex-product","11":"first","12":"outofstock","13":"taxable","14":"shipping-taxable","15":"purchasable","16":"product-type-simple"},"jetpack_sharing_enabled":true,"_links":{"self":[{"href":"https:\/\/naturalook.shop\/fr\/wp-json\/wp\/v2\/product\/17947","targetHints":{"allow":["GET"]}}],"collection":[{"href":"https:\/\/naturalook.shop\/fr\/wp-json\/wp\/v2\/product"}],"about":[{"href":"https:\/\/naturalook.shop\/fr\/wp-json\/wp\/v2\/types\/product"}],"replies":[{"embeddable":true,"href":"https:\/\/naturalook.shop\/fr\/wp-json\/wp\/v2\/comments?post=17947"}],"version-history":[{"count":1,"href":"https:\/\/naturalook.shop\/fr\/wp-json\/wp\/v2\/product\/17947\/revisions"}],"predecessor-version":[{"id":34271,"href":"https:\/\/naturalook.shop\/fr\/wp-json\/wp\/v2\/product\/17947\/revisions\/34271"}],"wp:featuredmedia":[{"embeddable":true,"href":"https:\/\/naturalook.shop\/fr\/wp-json\/wp\/v2\/media\/16476"}],"wp:attachment":[{"href":"https:\/\/naturalook.shop\/fr\/wp-json\/wp\/v2\/media?parent=17947"}],"wp:term":[{"taxonomy":"product_brand","embeddable":true,"href":"https:\/\/naturalook.shop\/fr\/wp-json\/wp\/v2\/product_brand?post=17947"},{"taxonomy":"product_cat","embeddable":true,"href":"https:\/\/naturalook.shop\/fr\/wp-json\/wp\/v2\/product_cat?post=17947"},{"taxonomy":"product_tag","embeddable":true,"href":"https:\/\/naturalook.shop\/fr\/wp-json\/wp\/v2\/product_tag?post=17947"}],"curies":[{"name":"wp","href":"https:\/\/api.w.org\/{rel}","templated":true}]}}