{"id":17948,"date":"2023-02-09T23:19:00","date_gmt":"2023-02-10T04:19:00","guid":{"rendered":"https:\/\/naturalook.shop\/product\/kevin-murphy-re-store-treatment\/"},"modified":"2025-10-23T22:21:39","modified_gmt":"2025-10-24T02:21:39","slug":"kevin-murphy-re-store-treatment","status":"publish","type":"product","link":"https:\/\/naturalook.shop\/fr\/produit\/kevin-murphy-re-store-treatment\/","title":{"rendered":"Kevin Murphy &#8211; RE.STORE TREATMENT &#8211; 200ml"},"content":{"rendered":"<p>\u00c9levez votre r\u00e9gime de r\u00e9paration capillaire avec RE.STORE, notre traitement puissant de nettoyage et de conditionnement tout-en-un. Formul\u00e9 avec les bienfaits des prot\u00e9ines de pois verts, des acides amin\u00e9s et des enzymes de papaye et d&#8217;ananas, RE.STORE est sp\u00e9cialement con\u00e7u pour restaurer l&#8217;\u00e9lasticit\u00e9 et la force de vos cheveux.<\/p>\n<p>Notre traitement r\u00e9parateur lie naturellement l&#8217;humidit\u00e9 \u00e0 vos cheveux, aidant \u00e0 nourrir et \u00e0 rajeunir m\u00eame les serrures les plus endommag\u00e9es. Et, gr\u00e2ce \u00e0 ses ingr\u00e9dients puissants, RE.STORE peut \u00eatre utilis\u00e9 en remplacement \u00e0 la fois de REPAIR-ME.WASH et de REPAIR-ME.RINSE tous les trois lavages, offrant une r\u00e9paration capillaire ultime qui va au-del\u00e0 du shampooing et de l&#8217;apr\u00e8s-shampooing traditionnels.<\/p>\n<p>Avec RE.STORE, vous profiterez de cheveux sains et vibrants, forts, \u00e9lastiques et pleins de vie. Donc, que vous ayez affaire \u00e0 des cheveux secs, cassants ou endommag\u00e9s, notre traitement puissant est l\u00e0 pour vous aider \u00e0 obtenir les belles m\u00e8ches saines que vous m\u00e9ritez.<\/p>\n<p>Am\u00e9liorez vos soins capillaires avec RE.STORE et d\u00e9couvrez le pouvoir transformateur des prot\u00e9ines superfood, des acides amin\u00e9s et des enzymes. Dites au revoir aux cheveux ab\u00eem\u00e9s et bonjour \u00e0 des m\u00e8ches fortes, saines et magnifiques qui rayonnent de vitalit\u00e9 et de brillance.<\/p>\n","protected":false},"excerpt":{"rendered":"<p>TRAITEMENT DE R\u00c9PARATION ET DE NETTOYAGE POUR CHEVEUX SECS, ENDOMMAG\u00c9S ET SURPROCESS\u00c9S<\/p>\n","protected":false},"featured_media":16479,"comment_status":"open","ping_status":"closed","template":"","meta":{"_glsr_average":0,"_glsr_ranking":0,"_glsr_reviews":0},"product_brand":[902],"product_cat":[616],"product_tag":[677],"class_list":{"0":"post-17948","1":"product","2":"type-product","3":"status-publish","4":"has-post-thumbnail","6":"product_brand-kevin-murphy","7":"product_cat-traitement","8":"product_tag-kevin-murphy-fr","9":"_wholesalex wsx-wholesalex-product","11":"first","12":"instock","13":"taxable","14":"shipping-taxable","15":"purchasable","16":"product-type-simple"},"jetpack_sharing_enabled":true,"_links":{"self":[{"href":"https:\/\/naturalook.shop\/fr\/wp-json\/wp\/v2\/product\/17948","targetHints":{"allow":["GET"]}}],"collection":[{"href":"https:\/\/naturalook.shop\/fr\/wp-json\/wp\/v2\/product"}],"about":[{"href":"https:\/\/naturalook.shop\/fr\/wp-json\/wp\/v2\/types\/product"}],"replies":[{"embeddable":true,"href":"https:\/\/naturalook.shop\/fr\/wp-json\/wp\/v2\/comments?post=17948"}],"version-history":[{"count":1,"href":"https:\/\/naturalook.shop\/fr\/wp-json\/wp\/v2\/product\/17948\/revisions"}],"predecessor-version":[{"id":34275,"href":"https:\/\/naturalook.shop\/fr\/wp-json\/wp\/v2\/product\/17948\/revisions\/34275"}],"wp:featuredmedia":[{"embeddable":true,"href":"https:\/\/naturalook.shop\/fr\/wp-json\/wp\/v2\/media\/16479"}],"wp:attachment":[{"href":"https:\/\/naturalook.shop\/fr\/wp-json\/wp\/v2\/media?parent=17948"}],"wp:term":[{"taxonomy":"product_brand","embeddable":true,"href":"https:\/\/naturalook.shop\/fr\/wp-json\/wp\/v2\/product_brand?post=17948"},{"taxonomy":"product_cat","embeddable":true,"href":"https:\/\/naturalook.shop\/fr\/wp-json\/wp\/v2\/product_cat?post=17948"},{"taxonomy":"product_tag","embeddable":true,"href":"https:\/\/naturalook.shop\/fr\/wp-json\/wp\/v2\/product_tag?post=17948"}],"curies":[{"name":"wp","href":"https:\/\/api.w.org\/{rel}","templated":true}]}}