{"id":17949,"date":"2023-02-09T23:19:00","date_gmt":"2023-02-10T04:19:00","guid":{"rendered":"https:\/\/naturalook.shop\/product\/kevin-murphy-repair-me-rinse-conditioner\/"},"modified":"2025-10-23T22:21:39","modified_gmt":"2025-10-24T02:21:39","slug":"kevin-murphy-repair-me-rinse-conditioner","status":"publish","type":"product","link":"https:\/\/naturalook.shop\/fr\/produit\/kevin-murphy-repair-me-rinse-conditioner\/","title":{"rendered":"Kevin Murphy &#8211; REPAIR-ME.RINSE &#8211; Conditioner 250ml"},"content":{"rendered":"<p>Offrez \u00e0 vos cheveux secs, ab\u00eem\u00e9s, fris\u00e9s ou sur-trait\u00e9s l&#8217;ultime nourriture et r\u00e9paration avec REPAIR.ME.RINSE. Notre conditionneur profond\u00e9ment nourrissant et renfor\u00e7ant est sp\u00e9cialement formul\u00e9 pour reconstruire et r\u00e9parer les cheveux ab\u00eem\u00e9s, les laissant plus forts et plus sains.<\/p>\n<p>Avec un concentr\u00e9 de prot\u00e9ines et d&#8217;enzymes en \u00e9tat souple, REPAIR.ME.RINSE offre une lubrification douce aux cheveux, aidant \u00e0 restaurer leur \u00e9quilibre naturel d&#8217;hydratation et \u00e0 les prot\u00e9ger contre les dommages futurs. Que vous ayez des pointes fourchues, de la casse ou d&#8217;autres types de dommages, notre formule innovante peut aider \u00e0 revitaliser et \u00e0 renouveler vos cheveux, les laissant beaux et sains.<\/p>\n<p>Con\u00e7u pour fonctionner en harmonie avec notre REPAIR.ME.WASH, notre conditionneur r\u00e9parateur est le compl\u00e9ment parfait \u00e0 votre routine de nettoyage, aidant \u00e0 sceller l&#8217;hydratation et \u00e0 am\u00e9liorer les bienfaits de nos ingr\u00e9dients r\u00e9parateurs puissants. Ainsi, que vous cherchiez \u00e0 r\u00e9parer les dommages caus\u00e9s par le coiffage \u00e0 chaud, les traitements chimiques ou d&#8217;autres facteurs de stress, notre conditionneur profond\u00e9ment nourrissant peut vous aider \u00e0 obtenir des cheveux sains, vibrants et magnifiques.<\/p>\n<p>Offrez \u00e0 vos cheveux l&#8217;ultime nourriture et r\u00e9paration avec REPAIR.ME.RINSE, et d\u00e9couvrez le pouvoir transformateur des prot\u00e9ines et des enzymes en \u00e9tat souple. Dites adieu aux cheveux ab\u00eem\u00e9s, secs et fris\u00e9s et bonjour aux cheveux forts, sains et magnifiques qui rayonnent de vitalit\u00e9 et de brillance.<\/p>\n","protected":false},"excerpt":{"rendered":"<p>CONDITIONNEUR R\u00c9PARATEUR ET RENFOR\u00c7ANT POUR CHEVEUX SECS ET FRAGILES<\/p>\n","protected":false},"featured_media":16483,"comment_status":"open","ping_status":"closed","template":"","meta":{"_glsr_average":0,"_glsr_ranking":0,"_glsr_reviews":0},"product_brand":[902],"product_cat":[610],"product_tag":[677],"class_list":{"0":"post-17949","1":"product","2":"type-product","3":"status-publish","4":"has-post-thumbnail","6":"product_brand-kevin-murphy","7":"product_cat-revitalisant","8":"product_tag-kevin-murphy-fr","9":"_wholesalex wsx-wholesalex-product","11":"first","12":"instock","13":"taxable","14":"shipping-taxable","15":"purchasable","16":"product-type-simple"},"jetpack_sharing_enabled":true,"_links":{"self":[{"href":"https:\/\/naturalook.shop\/fr\/wp-json\/wp\/v2\/product\/17949","targetHints":{"allow":["GET"]}}],"collection":[{"href":"https:\/\/naturalook.shop\/fr\/wp-json\/wp\/v2\/product"}],"about":[{"href":"https:\/\/naturalook.shop\/fr\/wp-json\/wp\/v2\/types\/product"}],"replies":[{"embeddable":true,"href":"https:\/\/naturalook.shop\/fr\/wp-json\/wp\/v2\/comments?post=17949"}],"version-history":[{"count":1,"href":"https:\/\/naturalook.shop\/fr\/wp-json\/wp\/v2\/product\/17949\/revisions"}],"predecessor-version":[{"id":34278,"href":"https:\/\/naturalook.shop\/fr\/wp-json\/wp\/v2\/product\/17949\/revisions\/34278"}],"wp:featuredmedia":[{"embeddable":true,"href":"https:\/\/naturalook.shop\/fr\/wp-json\/wp\/v2\/media\/16483"}],"wp:attachment":[{"href":"https:\/\/naturalook.shop\/fr\/wp-json\/wp\/v2\/media?parent=17949"}],"wp:term":[{"taxonomy":"product_brand","embeddable":true,"href":"https:\/\/naturalook.shop\/fr\/wp-json\/wp\/v2\/product_brand?post=17949"},{"taxonomy":"product_cat","embeddable":true,"href":"https:\/\/naturalook.shop\/fr\/wp-json\/wp\/v2\/product_cat?post=17949"},{"taxonomy":"product_tag","embeddable":true,"href":"https:\/\/naturalook.shop\/fr\/wp-json\/wp\/v2\/product_tag?post=17949"}],"curies":[{"name":"wp","href":"https:\/\/api.w.org\/{rel}","templated":true}]}}