{"id":17950,"date":"2023-02-09T23:19:00","date_gmt":"2023-02-10T04:19:00","guid":{"rendered":"https:\/\/naturalook.shop\/product\/kevin-murphy-repair-me-wash-shampoo\/"},"modified":"2025-10-23T22:21:40","modified_gmt":"2025-10-24T02:21:40","slug":"kevin-murphy-repair-me-wash-shampoo","status":"publish","type":"product","link":"https:\/\/naturalook.shop\/fr\/produit\/kevin-murphy-repair-me-wash-shampoo\/","title":{"rendered":"Kevin Murphy &#8211; REPAIR-ME.WASH &#8211; Shampoo 250ml"},"content":{"rendered":"<p>Dites adieu aux cheveux secs, ab\u00eem\u00e9s et sur-trait\u00e9s et bonjour aux m\u00e8ches renouvel\u00e9es et revitalis\u00e9es avec REPAIR-ME.WASH. Notre shampoing traitement reconstructeur est sp\u00e9cialement formul\u00e9 pour nourrir les cheveux surmen\u00e9s et les ramener \u00e0 la vie, les laissant plus forts, plus lisses et plus \u00e9clatants que jamais auparavant.<\/p>\n<p>Enrichi en puissantes prot\u00e9ines et acides amin\u00e9s, REPAIR-ME.WASH aide \u00e0 renforcer les cheveux de la racine aux pointes, tout en \u00e9liminant en douceur les impuret\u00e9s et en apaisant les dommages. Que vous soyez confront\u00e9 \u00e0 des pointes fourchues, des cassures ou d&#8217;autres types de dommages, notre formule innovante peut aider \u00e0 revitaliser et \u00e0 renouveler vos cheveux, les laissant plus beaux et plus sains que jamais.<\/p>\n<p>Con\u00e7u pour fonctionner en harmonie avec notre REPAIR-ME.RINSE, notre shampoing reconstructeur est la premi\u00e8re \u00e9tape parfaite de votre routine capillaire, aidant \u00e0 pr\u00e9parer vos cheveux aux bienfaits nourrissants de nos ingr\u00e9dients r\u00e9parateurs puissants. Ainsi, que vous cherchiez \u00e0 r\u00e9parer les dommages caus\u00e9s par le coiffage \u00e0 la chaleur, les traitements chimiques ou d&#8217;autres facteurs de stress, notre shampoing profond\u00e9ment nourrissant peut vous aider \u00e0 obtenir des cheveux sains, vibrants et magnifiques.<\/p>\n<p>Avec sa mousse riche et cr\u00e9meuse et sa formule douce sans sulfate, REPAIR-ME.WASH est le summum du shampoing nourrissant et r\u00e9parateur. Offrez \u00e0 vos cheveux le meilleur avec REPAIR-ME.WASH et d\u00e9couvrez le pouvoir transformateur de nos puissantes prot\u00e9ines et acides amin\u00e9s. Dites bonjour \u00e0 des cheveux forts, sains et magnifiques qui rayonnent de vitalit\u00e9 et de brillance.<\/p>\n","protected":false},"excerpt":{"rendered":"<p>SHAMPOOING R\u00c9G\u00c9N\u00c9RANT ET RENFOR\u00c7ANT POUR CHEVEUX SECS ET FRAGILES<\/p>\n","protected":false},"featured_media":16488,"comment_status":"open","ping_status":"closed","template":"","meta":{"_glsr_average":0,"_glsr_ranking":0,"_glsr_reviews":0},"product_brand":[902],"product_cat":[614],"product_tag":[677],"class_list":{"0":"post-17950","1":"product","2":"type-product","3":"status-publish","4":"has-post-thumbnail","6":"product_brand-kevin-murphy","7":"product_cat-shampooing","8":"product_tag-kevin-murphy-fr","9":"_wholesalex wsx-wholesalex-product","11":"first","12":"outofstock","13":"taxable","14":"shipping-taxable","15":"purchasable","16":"product-type-simple"},"jetpack_sharing_enabled":true,"_links":{"self":[{"href":"https:\/\/naturalook.shop\/fr\/wp-json\/wp\/v2\/product\/17950","targetHints":{"allow":["GET"]}}],"collection":[{"href":"https:\/\/naturalook.shop\/fr\/wp-json\/wp\/v2\/product"}],"about":[{"href":"https:\/\/naturalook.shop\/fr\/wp-json\/wp\/v2\/types\/product"}],"replies":[{"embeddable":true,"href":"https:\/\/naturalook.shop\/fr\/wp-json\/wp\/v2\/comments?post=17950"}],"version-history":[{"count":1,"href":"https:\/\/naturalook.shop\/fr\/wp-json\/wp\/v2\/product\/17950\/revisions"}],"predecessor-version":[{"id":34283,"href":"https:\/\/naturalook.shop\/fr\/wp-json\/wp\/v2\/product\/17950\/revisions\/34283"}],"wp:featuredmedia":[{"embeddable":true,"href":"https:\/\/naturalook.shop\/fr\/wp-json\/wp\/v2\/media\/16488"}],"wp:attachment":[{"href":"https:\/\/naturalook.shop\/fr\/wp-json\/wp\/v2\/media?parent=17950"}],"wp:term":[{"taxonomy":"product_brand","embeddable":true,"href":"https:\/\/naturalook.shop\/fr\/wp-json\/wp\/v2\/product_brand?post=17950"},{"taxonomy":"product_cat","embeddable":true,"href":"https:\/\/naturalook.shop\/fr\/wp-json\/wp\/v2\/product_cat?post=17950"},{"taxonomy":"product_tag","embeddable":true,"href":"https:\/\/naturalook.shop\/fr\/wp-json\/wp\/v2\/product_tag?post=17950"}],"curies":[{"name":"wp","href":"https:\/\/api.w.org\/{rel}","templated":true}]}}