{"id":17951,"date":"2023-02-09T23:18:00","date_gmt":"2023-02-10T04:18:00","guid":{"rendered":"https:\/\/naturalook.shop\/product\/kevin-murphy-shimmer-shine-spray-treatment\/"},"modified":"2025-10-23T22:21:43","modified_gmt":"2025-10-24T02:21:43","slug":"kevin-murphy-shimmer-shine-spray-treatment","status":"publish","type":"product","link":"https:\/\/naturalook.shop\/fr\/produit\/kevin-murphy-shimmer-shine-spray-treatment\/","title":{"rendered":"Kevin Murphy &#8211; SHIMMER.SHINE SPRAY &#8211; Treatment 100ml"},"content":{"rendered":"<p>Transformez vos cheveux avec une brillance et une luminosit\u00e9 instantan\u00e9es gr\u00e2ce \u00e0 SHIMMER.SHINE, une brume l\u00e9g\u00e8re de finition qui fait des merveilles sur tous les types de cheveux. Cette formule unique contient un m\u00e9lange d&#8217;extraits d&#8217;agrumes australiens et de prune de Kakadu aux propri\u00e9t\u00e9s hydrophiles, qui nourrissent et prot\u00e8gent profond\u00e9ment les cheveux. Enrichie en huile de graines de baobab, cette brume aide \u00e0 r\u00e9parer, renforcer et hydrater les cheveux secs et ab\u00eem\u00e9s, les laissant brillants et sains. Les fines paillettes scintillantes dans la brume fournissent des reflets et une luminosit\u00e9, ajoutant la touche finale parfaite \u00e0 n&#8217;importe quel style.<\/p>\n","protected":false},"excerpt":{"rendered":"<p>R\u00c9PARATION BRILLE BRUME<\/p>\n","protected":false},"featured_media":16494,"comment_status":"open","ping_status":"closed","template":"","meta":{"_glsr_average":0,"_glsr_ranking":0,"_glsr_reviews":0},"product_brand":[902],"product_cat":[616],"product_tag":[677],"class_list":{"0":"post-17951","1":"product","2":"type-product","3":"status-publish","4":"has-post-thumbnail","6":"product_brand-kevin-murphy","7":"product_cat-traitement","8":"product_tag-kevin-murphy-fr","9":"_wholesalex wsx-wholesalex-product","11":"first","12":"outofstock","13":"taxable","14":"shipping-taxable","15":"purchasable","16":"product-type-simple"},"jetpack_sharing_enabled":true,"_links":{"self":[{"href":"https:\/\/naturalook.shop\/fr\/wp-json\/wp\/v2\/product\/17951","targetHints":{"allow":["GET"]}}],"collection":[{"href":"https:\/\/naturalook.shop\/fr\/wp-json\/wp\/v2\/product"}],"about":[{"href":"https:\/\/naturalook.shop\/fr\/wp-json\/wp\/v2\/types\/product"}],"replies":[{"embeddable":true,"href":"https:\/\/naturalook.shop\/fr\/wp-json\/wp\/v2\/comments?post=17951"}],"version-history":[{"count":1,"href":"https:\/\/naturalook.shop\/fr\/wp-json\/wp\/v2\/product\/17951\/revisions"}],"predecessor-version":[{"id":34306,"href":"https:\/\/naturalook.shop\/fr\/wp-json\/wp\/v2\/product\/17951\/revisions\/34306"}],"wp:featuredmedia":[{"embeddable":true,"href":"https:\/\/naturalook.shop\/fr\/wp-json\/wp\/v2\/media\/16494"}],"wp:attachment":[{"href":"https:\/\/naturalook.shop\/fr\/wp-json\/wp\/v2\/media?parent=17951"}],"wp:term":[{"taxonomy":"product_brand","embeddable":true,"href":"https:\/\/naturalook.shop\/fr\/wp-json\/wp\/v2\/product_brand?post=17951"},{"taxonomy":"product_cat","embeddable":true,"href":"https:\/\/naturalook.shop\/fr\/wp-json\/wp\/v2\/product_cat?post=17951"},{"taxonomy":"product_tag","embeddable":true,"href":"https:\/\/naturalook.shop\/fr\/wp-json\/wp\/v2\/product_tag?post=17951"}],"curies":[{"name":"wp","href":"https:\/\/api.w.org\/{rel}","templated":true}]}}