{"id":17952,"date":"2023-02-09T23:18:00","date_gmt":"2023-02-10T04:18:00","guid":{"rendered":"https:\/\/naturalook.shop\/product\/kevin-murphy-un-tangled-treatment\/"},"modified":"2025-10-23T22:21:43","modified_gmt":"2025-10-24T02:21:43","slug":"kevin-murphy-un-tangled-treatment","status":"publish","type":"product","link":"https:\/\/naturalook.shop\/fr\/produit\/kevin-murphy-un-tangled-treatment\/","title":{"rendered":"Kevin Murphy &#8211; UN.TANGLED &#8211; Treatment 150ml"},"content":{"rendered":"<p>Dites adieu aux cheveux emm\u00eal\u00e9s et bonjour \u00e0 la perfection lisse avec notre apr\u00e8s-shampooing sans rin\u00e7age. Ce d\u00e9m\u00ealant miracle est formul\u00e9 avec un m\u00e9lange d&#8217;extraits de fruits australiens hautement r\u00e9silients et d&#8217;extrait de bambou, qui regorgent d&#8217;antioxydants et de vitamines pour nourrir, renforcer et restaurer vos cheveux. Plus de larmes ou de tiraillements sur les n\u0153uds &#8211; ce d\u00e9m\u00ealant rend le coiffage un jeu d&#8217;enfant ! De plus, il offre le bonus suppl\u00e9mentaire d&#8217;une protection thermique, vous pouvez donc coiffer vos cheveux en toute confiance. Pr\u00e9parez-vous \u00e0 d\u00e9couvrir la joie d&#8217;avoir des cheveux sans effort, doux et d&#8217;apparence saine avec notre apr\u00e8s-shampooing sans rin\u00e7age.<\/p>\n","protected":false},"excerpt":{"rendered":"<p>D\u00c9M\u00caLANT CONDITIONNEUR SANS RIN\u00c7AGE<\/p>\n","protected":false},"featured_media":16498,"comment_status":"open","ping_status":"closed","template":"","meta":{"_glsr_average":0,"_glsr_ranking":0,"_glsr_reviews":0},"product_brand":[902],"product_cat":[610,612,616],"product_tag":[677],"class_list":{"0":"post-17952","1":"product","2":"type-product","3":"status-publish","4":"has-post-thumbnail","6":"product_brand-kevin-murphy","7":"product_cat-revitalisant","8":"product_cat-leave-in-fr","9":"product_cat-traitement","10":"product_tag-kevin-murphy-fr","11":"_wholesalex wsx-wholesalex-product","13":"first","14":"outofstock","15":"taxable","16":"shipping-taxable","17":"purchasable","18":"product-type-simple"},"jetpack_sharing_enabled":true,"_links":{"self":[{"href":"https:\/\/naturalook.shop\/fr\/wp-json\/wp\/v2\/product\/17952","targetHints":{"allow":["GET"]}}],"collection":[{"href":"https:\/\/naturalook.shop\/fr\/wp-json\/wp\/v2\/product"}],"about":[{"href":"https:\/\/naturalook.shop\/fr\/wp-json\/wp\/v2\/types\/product"}],"replies":[{"embeddable":true,"href":"https:\/\/naturalook.shop\/fr\/wp-json\/wp\/v2\/comments?post=17952"}],"version-history":[{"count":1,"href":"https:\/\/naturalook.shop\/fr\/wp-json\/wp\/v2\/product\/17952\/revisions"}],"predecessor-version":[{"id":34308,"href":"https:\/\/naturalook.shop\/fr\/wp-json\/wp\/v2\/product\/17952\/revisions\/34308"}],"wp:featuredmedia":[{"embeddable":true,"href":"https:\/\/naturalook.shop\/fr\/wp-json\/wp\/v2\/media\/16498"}],"wp:attachment":[{"href":"https:\/\/naturalook.shop\/fr\/wp-json\/wp\/v2\/media?parent=17952"}],"wp:term":[{"taxonomy":"product_brand","embeddable":true,"href":"https:\/\/naturalook.shop\/fr\/wp-json\/wp\/v2\/product_brand?post=17952"},{"taxonomy":"product_cat","embeddable":true,"href":"https:\/\/naturalook.shop\/fr\/wp-json\/wp\/v2\/product_cat?post=17952"},{"taxonomy":"product_tag","embeddable":true,"href":"https:\/\/naturalook.shop\/fr\/wp-json\/wp\/v2\/product_tag?post=17952"}],"curies":[{"name":"wp","href":"https:\/\/api.w.org\/{rel}","templated":true}]}}