{"id":17953,"date":"2023-02-09T23:18:00","date_gmt":"2023-02-10T04:18:00","guid":{"rendered":"https:\/\/naturalook.shop\/product\/kevin-murphy-hydrate-me-masque-treatment\/"},"modified":"2025-10-23T22:21:43","modified_gmt":"2025-10-24T02:21:43","slug":"kevin-murphy-hydrate-me-masque-treatment","status":"publish","type":"product","link":"https:\/\/naturalook.shop\/fr\/produit\/kevin-murphy-hydrate-me-masque-treatment\/","title":{"rendered":"Kevin Murphy &#8211; HYDRATE-ME.MASQUE &#8211; Treatment 200ml"},"content":{"rendered":"<p>Exp\u00e9rimentez la meilleure revitalisation hydratante avec notre masque intens\u00e9ment nourrissant et lissant. Dites adieu aux cheveux secs et dess\u00e9ch\u00e9s avec HYDRATE-ME.MASQUE, le traitement de conditionnement profond ultime qui r\u00e9approvisionne et r\u00e9pare vos m\u00e8ches. Infus\u00e9 avec un m\u00e9lange riche d&#8217;huiles essentielles et de vitamines de la Rose Musqu\u00e9e, ce masque luxueux fournit une vague d&#8217;hydratation intense, restaurant la sant\u00e9 et la brillance \u00e9clatante de vos cheveux.<\/p>\n","protected":false},"excerpt":{"rendered":"<p>MASQUE HYDRATANT POUR CHEVEUX FRIS\u00c9S, \u00c9PAIS ET COLOR\u00c9S<\/p>\n","protected":false},"featured_media":16502,"comment_status":"open","ping_status":"closed","template":"","meta":{"_glsr_average":0,"_glsr_ranking":0,"_glsr_reviews":0},"product_brand":[902],"product_cat":[613,616],"product_tag":[677],"class_list":{"0":"post-17953","1":"product","2":"type-product","3":"status-publish","4":"has-post-thumbnail","6":"product_brand-kevin-murphy","7":"product_cat-masque","8":"product_cat-traitement","9":"product_tag-kevin-murphy-fr","10":"_wholesalex wsx-wholesalex-product","12":"first","13":"instock","14":"taxable","15":"shipping-taxable","16":"purchasable","17":"product-type-simple"},"jetpack_sharing_enabled":true,"_links":{"self":[{"href":"https:\/\/naturalook.shop\/fr\/wp-json\/wp\/v2\/product\/17953","targetHints":{"allow":["GET"]}}],"collection":[{"href":"https:\/\/naturalook.shop\/fr\/wp-json\/wp\/v2\/product"}],"about":[{"href":"https:\/\/naturalook.shop\/fr\/wp-json\/wp\/v2\/types\/product"}],"replies":[{"embeddable":true,"href":"https:\/\/naturalook.shop\/fr\/wp-json\/wp\/v2\/comments?post=17953"}],"version-history":[{"count":1,"href":"https:\/\/naturalook.shop\/fr\/wp-json\/wp\/v2\/product\/17953\/revisions"}],"predecessor-version":[{"id":34310,"href":"https:\/\/naturalook.shop\/fr\/wp-json\/wp\/v2\/product\/17953\/revisions\/34310"}],"wp:featuredmedia":[{"embeddable":true,"href":"https:\/\/naturalook.shop\/fr\/wp-json\/wp\/v2\/media\/16502"}],"wp:attachment":[{"href":"https:\/\/naturalook.shop\/fr\/wp-json\/wp\/v2\/media?parent=17953"}],"wp:term":[{"taxonomy":"product_brand","embeddable":true,"href":"https:\/\/naturalook.shop\/fr\/wp-json\/wp\/v2\/product_brand?post=17953"},{"taxonomy":"product_cat","embeddable":true,"href":"https:\/\/naturalook.shop\/fr\/wp-json\/wp\/v2\/product_cat?post=17953"},{"taxonomy":"product_tag","embeddable":true,"href":"https:\/\/naturalook.shop\/fr\/wp-json\/wp\/v2\/product_tag?post=17953"}],"curies":[{"name":"wp","href":"https:\/\/api.w.org\/{rel}","templated":true}]}}