{"id":17954,"date":"2023-02-09T23:18:00","date_gmt":"2023-02-10T04:18:00","guid":{"rendered":"https:\/\/naturalook.shop\/product\/kevin-murphy-hydrate-me-rinse-conditioner\/"},"modified":"2025-10-23T22:21:43","modified_gmt":"2025-10-24T02:21:43","slug":"kevin-murphy-hydrate-me-rinse-conditioner","status":"publish","type":"product","link":"https:\/\/naturalook.shop\/fr\/produit\/kevin-murphy-hydrate-me-rinse-conditioner\/","title":{"rendered":"Kevin Murphy &#8211; HYDRATE-ME.RINSE &#8211; Conditioner 250ml"},"content":{"rendered":"<p>Revitalisez et nourrissez vos cheveux avec notre luxueux apr\u00e8s-shampooing HYDRATE-ME.RINSE. Cette formule lissante est sp\u00e9cialement con\u00e7ue pour restaurer et r\u00e9approvisionner les cheveux qui ont besoin de r\u00e9paration, ce qui en fait l&#8217;id\u00e9al pour les cheveux naturellement secs ou les cheveux expos\u00e9s \u00e0 des climats secs et rudes.<\/p>\n<p>Notre apr\u00e8s-shampooing fournit un apport d&#8217;humidit\u00e9 essentiel \u00e0 vos cheveux, nourrissant m\u00eame les m\u00e8ches les plus s\u00e8ches et les plus dess\u00e9ch\u00e9es. Il transforme l&#8217;apparence et la sensation des pointes fourchues, laissant vos cheveux avec un \u00e9clat sain. Infus\u00e9 d&#8217;ingr\u00e9dients riches en antioxydants, HYDRATE-ME.RINSE est s\u00fbr de laisser vos cheveux soyeux et revitalis\u00e9s.<\/p>\n<p>Faites l&#8217;exp\u00e9rience de la diff\u00e9rence avec HYDRATE-ME.RINSE et profitez des bienfaits nourrissants de cet apr\u00e8s-shampooing hydratant.<\/p>\n","protected":false},"excerpt":{"rendered":"<p>CONDITIONNEUR HYDRATANT ET LISSANT POUR CHEVEUX NATURELS ET COLOR\u00c9S<\/p>\n","protected":false},"featured_media":16506,"comment_status":"open","ping_status":"closed","template":"","meta":{"_glsr_average":0,"_glsr_ranking":0,"_glsr_reviews":0},"product_brand":[902],"product_cat":[610],"product_tag":[677],"class_list":{"0":"post-17954","1":"product","2":"type-product","3":"status-publish","4":"has-post-thumbnail","6":"product_brand-kevin-murphy","7":"product_cat-revitalisant","8":"product_tag-kevin-murphy-fr","9":"_wholesalex wsx-wholesalex-product","11":"first","12":"instock","13":"taxable","14":"shipping-taxable","15":"purchasable","16":"product-type-simple"},"jetpack_sharing_enabled":true,"_links":{"self":[{"href":"https:\/\/naturalook.shop\/fr\/wp-json\/wp\/v2\/product\/17954","targetHints":{"allow":["GET"]}}],"collection":[{"href":"https:\/\/naturalook.shop\/fr\/wp-json\/wp\/v2\/product"}],"about":[{"href":"https:\/\/naturalook.shop\/fr\/wp-json\/wp\/v2\/types\/product"}],"replies":[{"embeddable":true,"href":"https:\/\/naturalook.shop\/fr\/wp-json\/wp\/v2\/comments?post=17954"}],"version-history":[{"count":1,"href":"https:\/\/naturalook.shop\/fr\/wp-json\/wp\/v2\/product\/17954\/revisions"}],"predecessor-version":[{"id":34312,"href":"https:\/\/naturalook.shop\/fr\/wp-json\/wp\/v2\/product\/17954\/revisions\/34312"}],"wp:featuredmedia":[{"embeddable":true,"href":"https:\/\/naturalook.shop\/fr\/wp-json\/wp\/v2\/media\/16506"}],"wp:attachment":[{"href":"https:\/\/naturalook.shop\/fr\/wp-json\/wp\/v2\/media?parent=17954"}],"wp:term":[{"taxonomy":"product_brand","embeddable":true,"href":"https:\/\/naturalook.shop\/fr\/wp-json\/wp\/v2\/product_brand?post=17954"},{"taxonomy":"product_cat","embeddable":true,"href":"https:\/\/naturalook.shop\/fr\/wp-json\/wp\/v2\/product_cat?post=17954"},{"taxonomy":"product_tag","embeddable":true,"href":"https:\/\/naturalook.shop\/fr\/wp-json\/wp\/v2\/product_tag?post=17954"}],"curies":[{"name":"wp","href":"https:\/\/api.w.org\/{rel}","templated":true}]}}