{"id":17955,"date":"2023-02-09T23:18:00","date_gmt":"2023-02-10T04:18:00","guid":{"rendered":"https:\/\/naturalook.shop\/product\/kevin-murphy-hydrate-me-wash-shampoo\/"},"modified":"2025-10-23T22:21:44","modified_gmt":"2025-10-24T02:21:44","slug":"kevin-murphy-hydrate-me-wash-shampoo","status":"publish","type":"product","link":"https:\/\/naturalook.shop\/fr\/produit\/kevin-murphy-hydrate-me-wash-shampoo\/","title":{"rendered":"Kevin Murphy &#8211; HYDRATE-ME.WASH &#8211; Shampoo 250ml"},"content":{"rendered":"<p>Revitalisez vos cheveux secs, ternes et dess\u00e9ch\u00e9s avec notre HYDRATE-ME.WASH, un shampooing super-lissant et hydratant qui r\u00e9approvisionne profond\u00e9ment vos cheveux en hydratation essentielle. Parfait pour les personnes ayant des cheveux naturellement secs ou expos\u00e9s \u00e0 des climats secs et rigoureux, ce WASH est infus\u00e9 avec des ingr\u00e9dients riches en antioxydants qui aident \u00e0 restaurer l&#8217;\u00e9clat et l&#8217;hydratation saine de vos m\u00e8ches.<\/p>\n","protected":false},"excerpt":{"rendered":"<p>SHAMPOOING HYDRATANT POUR CHEVEUX NATURELS ET COLOR\u00c9S<\/p>\n","protected":false},"featured_media":16510,"comment_status":"open","ping_status":"closed","template":"","meta":{"_glsr_average":0,"_glsr_ranking":0,"_glsr_reviews":0},"product_brand":[902],"product_cat":[614],"product_tag":[677],"class_list":{"0":"post-17955","1":"product","2":"type-product","3":"status-publish","4":"has-post-thumbnail","6":"product_brand-kevin-murphy","7":"product_cat-shampooing","8":"product_tag-kevin-murphy-fr","9":"_wholesalex wsx-wholesalex-product","11":"first","12":"instock","13":"taxable","14":"shipping-taxable","15":"purchasable","16":"product-type-simple"},"jetpack_sharing_enabled":true,"_links":{"self":[{"href":"https:\/\/naturalook.shop\/fr\/wp-json\/wp\/v2\/product\/17955","targetHints":{"allow":["GET"]}}],"collection":[{"href":"https:\/\/naturalook.shop\/fr\/wp-json\/wp\/v2\/product"}],"about":[{"href":"https:\/\/naturalook.shop\/fr\/wp-json\/wp\/v2\/types\/product"}],"replies":[{"embeddable":true,"href":"https:\/\/naturalook.shop\/fr\/wp-json\/wp\/v2\/comments?post=17955"}],"version-history":[{"count":1,"href":"https:\/\/naturalook.shop\/fr\/wp-json\/wp\/v2\/product\/17955\/revisions"}],"predecessor-version":[{"id":34313,"href":"https:\/\/naturalook.shop\/fr\/wp-json\/wp\/v2\/product\/17955\/revisions\/34313"}],"wp:featuredmedia":[{"embeddable":true,"href":"https:\/\/naturalook.shop\/fr\/wp-json\/wp\/v2\/media\/16510"}],"wp:attachment":[{"href":"https:\/\/naturalook.shop\/fr\/wp-json\/wp\/v2\/media?parent=17955"}],"wp:term":[{"taxonomy":"product_brand","embeddable":true,"href":"https:\/\/naturalook.shop\/fr\/wp-json\/wp\/v2\/product_brand?post=17955"},{"taxonomy":"product_cat","embeddable":true,"href":"https:\/\/naturalook.shop\/fr\/wp-json\/wp\/v2\/product_cat?post=17955"},{"taxonomy":"product_tag","embeddable":true,"href":"https:\/\/naturalook.shop\/fr\/wp-json\/wp\/v2\/product_tag?post=17955"}],"curies":[{"name":"wp","href":"https:\/\/api.w.org\/{rel}","templated":true}]}}