{"id":17956,"date":"2023-02-09T23:18:00","date_gmt":"2023-02-10T04:18:00","guid":{"rendered":"https:\/\/naturalook.shop\/product\/kevin-murphy-thick-again-treatment-leave-in\/"},"modified":"2025-10-23T22:21:41","modified_gmt":"2025-10-24T02:21:41","slug":"kevin-murphy-thick-again-treatment-leave-in","status":"publish","type":"product","link":"https:\/\/naturalook.shop\/fr\/produit\/kevin-murphy-thick-again-treatment-leave-in\/","title":{"rendered":"Kevin Murphy &#8211; THICK.AGAIN &#8211; Treatment Leave-in 100ml"},"content":{"rendered":"<p>Transformez les cheveux fins et plats en m\u00e8ches plus \u00e9paisses et plus volumineuses avec THICK.AGAIN. Ce traitement sans rin\u00e7age est con\u00e7u pour r\u00e9pondre aux besoins des personnes aux cheveux clairsem\u00e9s, aidant \u00e0 cr\u00e9er l&#8217;apparence de cheveux plus denses au fil du temps. Infus\u00e9 avec une technologie r\u00e9volutionnaire d&#8217;\u00e9paississement et d&#8217;allongement des cils, THICK.AGAIN utilise des ingr\u00e9dients nourrissants riches en antioxydants pour renforcer et fortifier les cheveux, r\u00e9duire le risque de cassure et favoriser la sant\u00e9 globale des cheveux.<\/p>\n","protected":false},"excerpt":{"rendered":"<p>TRAITEMENT \u00c9PAISSISSANT \u00c0 LAISSER AGIR POUR CHEVEUX FINS<\/p>\n","protected":false},"featured_media":16514,"comment_status":"open","ping_status":"closed","template":"","meta":{"_glsr_average":0,"_glsr_ranking":0,"_glsr_reviews":0},"product_brand":[902],"product_cat":[612,616],"product_tag":[677],"class_list":{"0":"post-17956","1":"product","2":"type-product","3":"status-publish","4":"has-post-thumbnail","6":"product_brand-kevin-murphy","7":"product_cat-leave-in-fr","8":"product_cat-traitement","9":"product_tag-kevin-murphy-fr","10":"_wholesalex wsx-wholesalex-product","12":"first","13":"outofstock","14":"taxable","15":"shipping-taxable","16":"purchasable","17":"product-type-simple"},"jetpack_sharing_enabled":true,"_links":{"self":[{"href":"https:\/\/naturalook.shop\/fr\/wp-json\/wp\/v2\/product\/17956","targetHints":{"allow":["GET"]}}],"collection":[{"href":"https:\/\/naturalook.shop\/fr\/wp-json\/wp\/v2\/product"}],"about":[{"href":"https:\/\/naturalook.shop\/fr\/wp-json\/wp\/v2\/types\/product"}],"replies":[{"embeddable":true,"href":"https:\/\/naturalook.shop\/fr\/wp-json\/wp\/v2\/comments?post=17956"}],"version-history":[{"count":1,"href":"https:\/\/naturalook.shop\/fr\/wp-json\/wp\/v2\/product\/17956\/revisions"}],"predecessor-version":[{"id":34294,"href":"https:\/\/naturalook.shop\/fr\/wp-json\/wp\/v2\/product\/17956\/revisions\/34294"}],"wp:featuredmedia":[{"embeddable":true,"href":"https:\/\/naturalook.shop\/fr\/wp-json\/wp\/v2\/media\/16514"}],"wp:attachment":[{"href":"https:\/\/naturalook.shop\/fr\/wp-json\/wp\/v2\/media?parent=17956"}],"wp:term":[{"taxonomy":"product_brand","embeddable":true,"href":"https:\/\/naturalook.shop\/fr\/wp-json\/wp\/v2\/product_brand?post=17956"},{"taxonomy":"product_cat","embeddable":true,"href":"https:\/\/naturalook.shop\/fr\/wp-json\/wp\/v2\/product_cat?post=17956"},{"taxonomy":"product_tag","embeddable":true,"href":"https:\/\/naturalook.shop\/fr\/wp-json\/wp\/v2\/product_tag?post=17956"}],"curies":[{"name":"wp","href":"https:\/\/api.w.org\/{rel}","templated":true}]}}