{"id":17957,"date":"2023-02-09T23:18:00","date_gmt":"2023-02-10T04:18:00","guid":{"rendered":"https:\/\/naturalook.shop\/product\/kevin-murphy-stimulate-me-wash-shampoo\/"},"modified":"2025-10-23T22:21:41","modified_gmt":"2025-10-24T02:21:41","slug":"kevin-murphy-stimulate-me-wash-shampoo","status":"publish","type":"product","link":"https:\/\/naturalook.shop\/fr\/produit\/kevin-murphy-stimulate-me-wash-shampoo\/","title":{"rendered":"Kevin Murphy &#8211; STIMULATE-ME.WASH &#8211; Shampoo 250ml"},"content":{"rendered":"<p>Revitalisez vos cheveux et \u00e9veillez vos sens avec STIMULATE-ME.WASH, un shampooing rafra\u00eechissant et tonifiant con\u00e7u pour clarifier et renforcer les cheveux et le cuir chevelu. Infus\u00e9 d&#8217;un m\u00e9lange de cristaux de camphre, de bergamote et de poivre noir, ce shampooing est id\u00e9al pour ceux qui ont les cheveux fins, cassants ou fragiles. STIMULATE-ME.WASH aide \u00e0 renforcer les cheveux et \u00e0 favoriser une croissance capillaire saine, laissant vos cheveux revitalis\u00e9s et pleins de vie.<\/p>\n","protected":false},"excerpt":{"rendered":"<p>SHAMPOO STIMULANT ET RAFFRAICHISSANT POUR CHEVEUX ET CUIR CHEVELU<\/p>\n","protected":false},"featured_media":16518,"comment_status":"open","ping_status":"closed","template":"","meta":{"_glsr_average":0,"_glsr_ranking":0,"_glsr_reviews":0},"product_brand":[902],"product_cat":[614],"product_tag":[677],"class_list":{"0":"post-17957","1":"product","2":"type-product","3":"status-publish","4":"has-post-thumbnail","6":"product_brand-kevin-murphy","7":"product_cat-shampooing","8":"product_tag-kevin-murphy-fr","9":"_wholesalex wsx-wholesalex-product","11":"first","12":"outofstock","13":"taxable","14":"shipping-taxable","15":"purchasable","16":"product-type-simple"},"jetpack_sharing_enabled":true,"_links":{"self":[{"href":"https:\/\/naturalook.shop\/fr\/wp-json\/wp\/v2\/product\/17957","targetHints":{"allow":["GET"]}}],"collection":[{"href":"https:\/\/naturalook.shop\/fr\/wp-json\/wp\/v2\/product"}],"about":[{"href":"https:\/\/naturalook.shop\/fr\/wp-json\/wp\/v2\/types\/product"}],"replies":[{"embeddable":true,"href":"https:\/\/naturalook.shop\/fr\/wp-json\/wp\/v2\/comments?post=17957"}],"version-history":[{"count":1,"href":"https:\/\/naturalook.shop\/fr\/wp-json\/wp\/v2\/product\/17957\/revisions"}],"predecessor-version":[{"id":34296,"href":"https:\/\/naturalook.shop\/fr\/wp-json\/wp\/v2\/product\/17957\/revisions\/34296"}],"wp:featuredmedia":[{"embeddable":true,"href":"https:\/\/naturalook.shop\/fr\/wp-json\/wp\/v2\/media\/16518"}],"wp:attachment":[{"href":"https:\/\/naturalook.shop\/fr\/wp-json\/wp\/v2\/media?parent=17957"}],"wp:term":[{"taxonomy":"product_brand","embeddable":true,"href":"https:\/\/naturalook.shop\/fr\/wp-json\/wp\/v2\/product_brand?post=17957"},{"taxonomy":"product_cat","embeddable":true,"href":"https:\/\/naturalook.shop\/fr\/wp-json\/wp\/v2\/product_cat?post=17957"},{"taxonomy":"product_tag","embeddable":true,"href":"https:\/\/naturalook.shop\/fr\/wp-json\/wp\/v2\/product_tag?post=17957"}],"curies":[{"name":"wp","href":"https:\/\/api.w.org\/{rel}","templated":true}]}}