{"id":17958,"date":"2023-02-09T23:18:00","date_gmt":"2023-02-10T04:18:00","guid":{"rendered":"https:\/\/naturalook.shop\/product\/kevin-murphy-stimulate-me-rinse-conditioner\/"},"modified":"2025-10-23T22:21:42","modified_gmt":"2025-10-24T02:21:42","slug":"kevin-murphy-stimulate-me-rinse-conditioner","status":"publish","type":"product","link":"https:\/\/naturalook.shop\/fr\/produit\/kevin-murphy-stimulate-me-rinse-conditioner\/","title":{"rendered":"Kevin Murphy &#8211; STIMULATE-ME.RINSE &#8211; Conditioner 250ml"},"content":{"rendered":"<p>Pr\u00e9parez-vous pour une exp\u00e9rience revigorante et stimulante avec notre apr\u00e8s-shampooing STIMULATE-ME.RINSE. Formul\u00e9 avec un m\u00e9lange revitalisant de cristaux de camphre, de bergamote et de poivre noir, cet apr\u00e8s-shampooing aide \u00e0 apaiser et \u00e0 rafra\u00eechir les cheveux et le cuir chevelu. Il est enrichi en acides amin\u00e9s renfor\u00e7ateurs et en beurre de karit\u00e9 nourrissant, qui renforcent et nourrissent les cheveux fins, cassants ou faibles, les laissant revitalis\u00e9s et sains.<\/p>\n","protected":false},"excerpt":{"rendered":"<p>CONDITIONNEUR STIMULANT ET RAFFRA\u00ceCHISSANT POUR CHEVEUX ET CUIR CHEVELU<\/p>\n","protected":false},"featured_media":16522,"comment_status":"open","ping_status":"closed","template":"","meta":{"_glsr_average":0,"_glsr_ranking":0,"_glsr_reviews":0},"product_brand":[902],"product_cat":[610],"product_tag":[677],"class_list":{"0":"post-17958","1":"product","2":"type-product","3":"status-publish","4":"has-post-thumbnail","6":"product_brand-kevin-murphy","7":"product_cat-revitalisant","8":"product_tag-kevin-murphy-fr","9":"_wholesalex wsx-wholesalex-product","11":"first","12":"outofstock","13":"taxable","14":"shipping-taxable","15":"purchasable","16":"product-type-simple"},"jetpack_sharing_enabled":true,"_links":{"self":[{"href":"https:\/\/naturalook.shop\/fr\/wp-json\/wp\/v2\/product\/17958","targetHints":{"allow":["GET"]}}],"collection":[{"href":"https:\/\/naturalook.shop\/fr\/wp-json\/wp\/v2\/product"}],"about":[{"href":"https:\/\/naturalook.shop\/fr\/wp-json\/wp\/v2\/types\/product"}],"replies":[{"embeddable":true,"href":"https:\/\/naturalook.shop\/fr\/wp-json\/wp\/v2\/comments?post=17958"}],"version-history":[{"count":1,"href":"https:\/\/naturalook.shop\/fr\/wp-json\/wp\/v2\/product\/17958\/revisions"}],"predecessor-version":[{"id":34298,"href":"https:\/\/naturalook.shop\/fr\/wp-json\/wp\/v2\/product\/17958\/revisions\/34298"}],"wp:featuredmedia":[{"embeddable":true,"href":"https:\/\/naturalook.shop\/fr\/wp-json\/wp\/v2\/media\/16522"}],"wp:attachment":[{"href":"https:\/\/naturalook.shop\/fr\/wp-json\/wp\/v2\/media?parent=17958"}],"wp:term":[{"taxonomy":"product_brand","embeddable":true,"href":"https:\/\/naturalook.shop\/fr\/wp-json\/wp\/v2\/product_brand?post=17958"},{"taxonomy":"product_cat","embeddable":true,"href":"https:\/\/naturalook.shop\/fr\/wp-json\/wp\/v2\/product_cat?post=17958"},{"taxonomy":"product_tag","embeddable":true,"href":"https:\/\/naturalook.shop\/fr\/wp-json\/wp\/v2\/product_tag?post=17958"}],"curies":[{"name":"wp","href":"https:\/\/api.w.org\/{rel}","templated":true}]}}