{"id":17959,"date":"2023-02-09T23:18:00","date_gmt":"2023-02-10T04:18:00","guid":{"rendered":"https:\/\/naturalook.shop\/product\/kevin-murphy-balancing-wash-shampoo\/"},"modified":"2025-10-23T22:21:42","modified_gmt":"2025-10-24T02:21:42","slug":"kevin-murphy-balancing-wash-shampoo","status":"publish","type":"product","link":"https:\/\/naturalook.shop\/fr\/produit\/kevin-murphy-balancing-wash-shampoo\/","title":{"rendered":"Kevin Murphy &#8211; BALANCING.WASH &#8211; Shampoo 250ml"},"content":{"rendered":"<p>Trouver le bon shampooing pour laver vos cheveux tous les jours peut \u00eatre un acte d&#8217;\u00e9quilibre. C&#8217;est pourquoi nous avons cr\u00e9\u00e9 BALANCING.WASH, le yin et le yang des shampooings quotidiens. Formul\u00e9 pour nettoyer en douceur \u00e0 la fois les cheveux et le cuir chevelu, ce shampooing nourrissant contient un m\u00e9lange d&#8217;acides amin\u00e9s et d&#8217;huiles riches en antioxydants qui restaurent l&#8217;hydratation, renforcent les cheveux et prot\u00e8gent contre la d\u00e9coloration.<\/p>\n","protected":false},"excerpt":{"rendered":"<p>SHAMPOOING RENFOR\u00c7ANT QUOTIDIEN POUR CHEVEUX NORMAUX ET GRAS<\/p>\n","protected":false},"featured_media":16526,"comment_status":"open","ping_status":"closed","template":"","meta":{"_glsr_average":0,"_glsr_ranking":0,"_glsr_reviews":0},"product_brand":[902],"product_cat":[614],"product_tag":[677],"class_list":{"0":"post-17959","1":"product","2":"type-product","3":"status-publish","4":"has-post-thumbnail","6":"product_brand-kevin-murphy","7":"product_cat-shampooing","8":"product_tag-kevin-murphy-fr","9":"_wholesalex wsx-wholesalex-product","11":"first","12":"outofstock","13":"taxable","14":"shipping-taxable","15":"purchasable","16":"product-type-simple"},"jetpack_sharing_enabled":true,"_links":{"self":[{"href":"https:\/\/naturalook.shop\/fr\/wp-json\/wp\/v2\/product\/17959","targetHints":{"allow":["GET"]}}],"collection":[{"href":"https:\/\/naturalook.shop\/fr\/wp-json\/wp\/v2\/product"}],"about":[{"href":"https:\/\/naturalook.shop\/fr\/wp-json\/wp\/v2\/types\/product"}],"replies":[{"embeddable":true,"href":"https:\/\/naturalook.shop\/fr\/wp-json\/wp\/v2\/comments?post=17959"}],"version-history":[{"count":1,"href":"https:\/\/naturalook.shop\/fr\/wp-json\/wp\/v2\/product\/17959\/revisions"}],"predecessor-version":[{"id":34300,"href":"https:\/\/naturalook.shop\/fr\/wp-json\/wp\/v2\/product\/17959\/revisions\/34300"}],"wp:featuredmedia":[{"embeddable":true,"href":"https:\/\/naturalook.shop\/fr\/wp-json\/wp\/v2\/media\/16526"}],"wp:attachment":[{"href":"https:\/\/naturalook.shop\/fr\/wp-json\/wp\/v2\/media?parent=17959"}],"wp:term":[{"taxonomy":"product_brand","embeddable":true,"href":"https:\/\/naturalook.shop\/fr\/wp-json\/wp\/v2\/product_brand?post=17959"},{"taxonomy":"product_cat","embeddable":true,"href":"https:\/\/naturalook.shop\/fr\/wp-json\/wp\/v2\/product_cat?post=17959"},{"taxonomy":"product_tag","embeddable":true,"href":"https:\/\/naturalook.shop\/fr\/wp-json\/wp\/v2\/product_tag?post=17959"}],"curies":[{"name":"wp","href":"https:\/\/api.w.org\/{rel}","templated":true}]}}