{"id":17960,"date":"2023-02-09T23:18:00","date_gmt":"2023-02-10T04:18:00","guid":{"rendered":"https:\/\/naturalook.shop\/product\/kevin-murphy-maxi-wash-shampoo\/"},"modified":"2025-10-23T22:21:42","modified_gmt":"2025-10-24T02:21:42","slug":"kevin-murphy-maxi-wash-shampoo","status":"publish","type":"product","link":"https:\/\/naturalook.shop\/fr\/produit\/kevin-murphy-maxi-wash-shampoo\/","title":{"rendered":"Kevin Murphy &#8211; MAXI.WASH &#8211; Shampoo 250ml"},"content":{"rendered":"<p>Revitalisez vos cheveux avec un traitement de nettoyage en profondeur en utilisant notre shampooing DETOX. Cette formule \u00e9limine en douceur les d\u00e9p\u00f4ts ind\u00e9sirables de produits et de min\u00e9raux, tout en pr\u00e9servant les huiles naturelles des cheveux. Infus\u00e9 d&#8217;un m\u00e9lange apaisant d&#8217;huiles essentielles de tea tree, de thym et de romarin, il purifie et r\u00e9tablit l&#8217;\u00e9quilibre pour un effet rafra\u00eechissant et revitalisant. Parfait comme traitement pr\u00e9-lavage ou pr\u00e9-coloration, le shampooing DETOX pr\u00e9pare les cheveux \u00e0 b\u00e9n\u00e9ficier au maximum de tout r\u00e9gime.<\/p>\n","protected":false},"excerpt":{"rendered":"<p>SHAMPOOING D\u00c9TOX<\/p>\n","protected":false},"featured_media":16530,"comment_status":"open","ping_status":"closed","template":"","meta":{"_glsr_average":0,"_glsr_ranking":0,"_glsr_reviews":0},"product_brand":[902],"product_cat":[614],"product_tag":[677],"class_list":{"0":"post-17960","1":"product","2":"type-product","3":"status-publish","4":"has-post-thumbnail","6":"product_brand-kevin-murphy","7":"product_cat-shampooing","8":"product_tag-kevin-murphy-fr","9":"_wholesalex wsx-wholesalex-product","11":"first","12":"outofstock","13":"taxable","14":"shipping-taxable","15":"purchasable","16":"product-type-simple"},"jetpack_sharing_enabled":true,"_links":{"self":[{"href":"https:\/\/naturalook.shop\/fr\/wp-json\/wp\/v2\/product\/17960","targetHints":{"allow":["GET"]}}],"collection":[{"href":"https:\/\/naturalook.shop\/fr\/wp-json\/wp\/v2\/product"}],"about":[{"href":"https:\/\/naturalook.shop\/fr\/wp-json\/wp\/v2\/types\/product"}],"replies":[{"embeddable":true,"href":"https:\/\/naturalook.shop\/fr\/wp-json\/wp\/v2\/comments?post=17960"}],"version-history":[{"count":1,"href":"https:\/\/naturalook.shop\/fr\/wp-json\/wp\/v2\/product\/17960\/revisions"}],"predecessor-version":[{"id":34302,"href":"https:\/\/naturalook.shop\/fr\/wp-json\/wp\/v2\/product\/17960\/revisions\/34302"}],"wp:featuredmedia":[{"embeddable":true,"href":"https:\/\/naturalook.shop\/fr\/wp-json\/wp\/v2\/media\/16530"}],"wp:attachment":[{"href":"https:\/\/naturalook.shop\/fr\/wp-json\/wp\/v2\/media?parent=17960"}],"wp:term":[{"taxonomy":"product_brand","embeddable":true,"href":"https:\/\/naturalook.shop\/fr\/wp-json\/wp\/v2\/product_brand?post=17960"},{"taxonomy":"product_cat","embeddable":true,"href":"https:\/\/naturalook.shop\/fr\/wp-json\/wp\/v2\/product_cat?post=17960"},{"taxonomy":"product_tag","embeddable":true,"href":"https:\/\/naturalook.shop\/fr\/wp-json\/wp\/v2\/product_tag?post=17960"}],"curies":[{"name":"wp","href":"https:\/\/api.w.org\/{rel}","templated":true}]}}