{"id":17961,"date":"2023-02-09T23:18:00","date_gmt":"2023-02-10T04:18:00","guid":{"rendered":"https:\/\/naturalook.shop\/product\/kevin-murphy-plumping-wash-shampoo\/"},"modified":"2025-10-23T22:21:42","modified_gmt":"2025-10-24T02:21:42","slug":"kevin-murphy-plumping-wash-shampoo","status":"publish","type":"product","link":"https:\/\/naturalook.shop\/fr\/produit\/kevin-murphy-plumping-wash-shampoo\/","title":{"rendered":"Kevin Murphy &#8211; PLUMPING.WASH &#8211; Shampoo 250ml"},"content":{"rendered":"<p>Transformez vos cheveux fins et vieillissants en m\u00e8ches plus fortes, plus \u00e9paisses et avec une vitalit\u00e9 renouvel\u00e9e avec PLUMPING.WASH. Ce shampooing est formul\u00e9 pour nourrir chaque m\u00e8che de la racine \u00e0 la pointe, en repulpant vos cheveux aux bons endroits et en les rendant plus volumineux et \u00e9pais. Donnez \u00e0 vos cheveux le volume qu&#8217;ils m\u00e9ritent avec PLUMPING.WASH.<\/p>\n","protected":false},"excerpt":{"rendered":"<p>SHAMPOOING DENSIFIANT POUR CHEVEUX FINS<\/p>\n","protected":false},"featured_media":16534,"comment_status":"open","ping_status":"closed","template":"","meta":{"_glsr_average":0,"_glsr_ranking":0,"_glsr_reviews":0},"product_brand":[902],"product_cat":[614],"product_tag":[677],"class_list":{"0":"post-17961","1":"product","2":"type-product","3":"status-publish","4":"has-post-thumbnail","6":"product_brand-kevin-murphy","7":"product_cat-shampooing","8":"product_tag-kevin-murphy-fr","9":"_wholesalex wsx-wholesalex-product","11":"first","12":"outofstock","13":"taxable","14":"shipping-taxable","15":"purchasable","16":"product-type-simple"},"jetpack_sharing_enabled":true,"_links":{"self":[{"href":"https:\/\/naturalook.shop\/fr\/wp-json\/wp\/v2\/product\/17961","targetHints":{"allow":["GET"]}}],"collection":[{"href":"https:\/\/naturalook.shop\/fr\/wp-json\/wp\/v2\/product"}],"about":[{"href":"https:\/\/naturalook.shop\/fr\/wp-json\/wp\/v2\/types\/product"}],"replies":[{"embeddable":true,"href":"https:\/\/naturalook.shop\/fr\/wp-json\/wp\/v2\/comments?post=17961"}],"version-history":[{"count":1,"href":"https:\/\/naturalook.shop\/fr\/wp-json\/wp\/v2\/product\/17961\/revisions"}],"predecessor-version":[{"id":34304,"href":"https:\/\/naturalook.shop\/fr\/wp-json\/wp\/v2\/product\/17961\/revisions\/34304"}],"wp:featuredmedia":[{"embeddable":true,"href":"https:\/\/naturalook.shop\/fr\/wp-json\/wp\/v2\/media\/16534"}],"wp:attachment":[{"href":"https:\/\/naturalook.shop\/fr\/wp-json\/wp\/v2\/media?parent=17961"}],"wp:term":[{"taxonomy":"product_brand","embeddable":true,"href":"https:\/\/naturalook.shop\/fr\/wp-json\/wp\/v2\/product_brand?post=17961"},{"taxonomy":"product_cat","embeddable":true,"href":"https:\/\/naturalook.shop\/fr\/wp-json\/wp\/v2\/product_cat?post=17961"},{"taxonomy":"product_tag","embeddable":true,"href":"https:\/\/naturalook.shop\/fr\/wp-json\/wp\/v2\/product_tag?post=17961"}],"curies":[{"name":"wp","href":"https:\/\/api.w.org\/{rel}","templated":true}]}}