{"id":17965,"date":"2023-02-09T23:18:00","date_gmt":"2023-02-10T04:18:00","guid":{"rendered":"https:\/\/naturalook.shop\/product\/felps-equilibrio-anti-fall-hair-tonic-balance\/"},"modified":"2026-02-16T16:37:22","modified_gmt":"2026-02-16T21:37:22","slug":"felps-equilibrio-anti-fall-hair-tonic-balance","status":"publish","type":"product","link":"https:\/\/naturalook.shop\/fr\/produit\/felps-equilibrio-anti-fall-hair-tonic-balance\/","title":{"rendered":"Felps &#8211; EQUILIBRIO ANTI-FALL HAIR TONIC BALANCE"},"content":{"rendered":"<p>Notre tonique capillaire Anti-Chute est une solution de soin capillaire puissante formul\u00e9e avec un complexe v\u00e9g\u00e9tal de Chine, de piment de Cayenne, de m\u00e9thionine, d&#8217;un m\u00e9lange d&#8217;acides amin\u00e9s et de biotine pour aider \u00e0 lutter contre les dysfonctionnements du cuir chevelu. Ce tonique stimule la circulation sanguine, renforce les cheveux, augmente le volume et pr\u00e9vient la chute de cheveux future, favorisant une croissance saine de la racine jusqu&#8217;aux pointes.<\/p>\n<p>Pour l&#8217;utiliser, appliquez directement le tonique sur le cuir chevelu, en massant doucement avec vos doigts en mouvements circulaires, sur des cheveux secs ou humides. Il est recommand\u00e9 d&#8217;utiliser ce tonique 2 \u00e0 3 fois par semaine, et le rin\u00e7age n&#8217;est pas n\u00e9cessaire. Pour des r\u00e9sultats optimaux, nous vous sugg\u00e9rons d&#8217;utiliser le tonique capillaire Anti-Chute en combinaison avec d&#8217;autres produits de la ligne Felps Equilibrium.<\/p>\n<p>Veuillez noter que en cas de contact avec les yeux, rincez imm\u00e9diatement \u00e0 l&#8217;eau abondante. Conservez ce produit dans un endroit frais et hors de port\u00e9e des enfants. Si vous rencontrez une allergie \u00e0 l&#8217;un des composants de la formule, veuillez cesser l&#8217;utilisation.<\/p>\n<p>Transformez votre routine de soins capillaires avec notre tonique capillaire Anti-Chute et profitez de cheveux plus forts, plus sains et plus vibrants.<\/p>\n","protected":false},"excerpt":{"rendered":"<p>COMBAT LES PROBL\u00c8MES DU CUIR CHEVELU, BOOSTE LE VOLUME, REMPLIT LES ESPACES, PR\u00c9VIENT LA CHUTE DE CHEVEUX<\/p>\n","protected":false},"featured_media":16866,"comment_status":"open","ping_status":"closed","template":"","meta":{"_glsr_average":0,"_glsr_ranking":0,"_glsr_reviews":0},"product_brand":[900],"product_cat":[616],"product_tag":[],"class_list":{"0":"post-17965","1":"product","2":"type-product","3":"status-publish","4":"has-post-thumbnail","6":"product_brand-felps","7":"product_cat-traitement","8":"_wholesalex wsx-wholesalex-product","10":"first","11":"instock","12":"taxable","13":"shipping-taxable","14":"purchasable","15":"product-type-simple"},"jetpack_sharing_enabled":true,"_links":{"self":[{"href":"https:\/\/naturalook.shop\/fr\/wp-json\/wp\/v2\/product\/17965","targetHints":{"allow":["GET"]}}],"collection":[{"href":"https:\/\/naturalook.shop\/fr\/wp-json\/wp\/v2\/product"}],"about":[{"href":"https:\/\/naturalook.shop\/fr\/wp-json\/wp\/v2\/types\/product"}],"replies":[{"embeddable":true,"href":"https:\/\/naturalook.shop\/fr\/wp-json\/wp\/v2\/comments?post=17965"}],"version-history":[{"count":1,"href":"https:\/\/naturalook.shop\/fr\/wp-json\/wp\/v2\/product\/17965\/revisions"}],"predecessor-version":[{"id":34165,"href":"https:\/\/naturalook.shop\/fr\/wp-json\/wp\/v2\/product\/17965\/revisions\/34165"}],"wp:featuredmedia":[{"embeddable":true,"href":"https:\/\/naturalook.shop\/fr\/wp-json\/wp\/v2\/media\/16866"}],"wp:attachment":[{"href":"https:\/\/naturalook.shop\/fr\/wp-json\/wp\/v2\/media?parent=17965"}],"wp:term":[{"taxonomy":"product_brand","embeddable":true,"href":"https:\/\/naturalook.shop\/fr\/wp-json\/wp\/v2\/product_brand?post=17965"},{"taxonomy":"product_cat","embeddable":true,"href":"https:\/\/naturalook.shop\/fr\/wp-json\/wp\/v2\/product_cat?post=17965"},{"taxonomy":"product_tag","embeddable":true,"href":"https:\/\/naturalook.shop\/fr\/wp-json\/wp\/v2\/product_tag?post=17965"}],"curies":[{"name":"wp","href":"https:\/\/api.w.org\/{rel}","templated":true}]}}