{"id":17968,"date":"2023-02-09T23:17:00","date_gmt":"2023-02-10T04:17:00","guid":{"rendered":"https:\/\/naturalook.shop\/product\/felps-quiabo-xbtx-hair-alignment-1l\/"},"modified":"2026-02-16T16:37:22","modified_gmt":"2026-02-16T21:37:22","slug":"felps-quiabo-xbtx-hair-alignment-1l","status":"publish","type":"product","link":"https:\/\/naturalook.shop\/fr\/produit\/felps-quiabo-xbtx-hair-alignment-1l\/","title":{"rendered":"Felps &#8211; QUIABO XBTX HAIR ALIGNMENT &#8211; 1L"},"content":{"rendered":"<p>L&#8217;Alignement Capillaire avec la technologie Lisselini, un m\u00e9lange d&#8217;acides doux, d&#8217;extrait d&#8217;okra et d&#8217;huiles nourrissantes d&#8217;argan et de macadamia, assure un alignement capillaire complet et durable, tout en r\u00e9duisant les frisottis, en augmentant l&#8217;hydratation et en procurant une brillance intense en une seule \u00e9tape. Cette formule convient \u00e0 tous les types de cheveux et est exempte d&#8217;ingr\u00e9dients nocifs.<\/p>\n<p><strong>R\u00c9SULTATS :<\/strong><\/p>\n<ul>\n<li>Obtient un effet lisse naturel<\/li>\n<li>R\u00e9duit le volume et les frisottis<\/li>\n<li>Hydrate et donne une brillance intense<\/li>\n<\/ul>\n<p><strong>AVANTAGES :<\/strong><\/p>\n<ul>\n<li>Sans ingr\u00e9dients nocifs<\/li>\n<li>Parfum doux et non irritant<\/li>\n<li>Ne provoque pas d&#8217;irritation oculaire<\/li>\n<\/ul>\n<p><strong>MODE D&#8217;EMPLOI :<\/strong><\/p>\n<ol>\n<li>Divisez les cheveux propres et secs en 4 sections.<\/li>\n<li>\u00c0 partir des sections inf\u00e9rieures, appliquez le produit \u00e0 1 cm des racines, le long de toute la longueur de chaque m\u00e8che, de mani\u00e8re uniforme et en sections fines.<\/li>\n<li>Laissez le produit agir pendant 30 \u00e0 40 minutes pour les cheveux fragiles ou blonds, ou 60 \u00e0 80 minutes pour les cheveux \u00e9pais ou r\u00e9sistants.<\/li>\n<li>Apr\u00e8s le temps imparti, retirez compl\u00e8tement le produit.<\/li>\n<li>Terminez le processus avec un s\u00e8che-cheveux r\u00e9gl\u00e9 \u00e0 une temp\u00e9rature froide. Facultativement, lissez les cheveux en sections fines 7 \u00e0 15 fois. Pour les cheveux ayant une accumulation excessive de produit, il est recommand\u00e9 de faire un pr\u00e9lavage.<\/li>\n<\/ol>\n<p><em><span style=\"color: #ff0000;\">Veuillez noter que l'emballage de ce produit peut varier en raison de changements r\u00e9cents, mais soyez assur\u00e9 que le produit \u00e0 l'int\u00e9rieur reste le m\u00eame.<\/span><\/em><\/p>\n\n","protected":false},"excerpt":{"rendered":"<p>ALIGNEMENT CAPILLAIRE DURABLE, R\u00c9DUCTION DU FRISOTTIS, HYDRATATION ACCRUE, BRILLANCE INTENSE<\/p>\n","protected":false},"featured_media":33133,"comment_status":"open","ping_status":"closed","template":"","meta":{"_glsr_average":0,"_glsr_ranking":0,"_glsr_reviews":0},"product_brand":[900],"product_cat":[609],"product_tag":[],"class_list":{"0":"post-17968","1":"product","2":"type-product","3":"status-publish","4":"has-post-thumbnail","6":"product_brand-felps","7":"product_cat-nano-botox-fr","8":"_wholesalex wsx-wholesalex-product","10":"first","11":"instock","12":"taxable","13":"shipping-taxable","14":"product-type-simple"},"jetpack_sharing_enabled":true,"_links":{"self":[{"href":"https:\/\/naturalook.shop\/fr\/wp-json\/wp\/v2\/product\/17968","targetHints":{"allow":["GET"]}}],"collection":[{"href":"https:\/\/naturalook.shop\/fr\/wp-json\/wp\/v2\/product"}],"about":[{"href":"https:\/\/naturalook.shop\/fr\/wp-json\/wp\/v2\/types\/product"}],"replies":[{"embeddable":true,"href":"https:\/\/naturalook.shop\/fr\/wp-json\/wp\/v2\/comments?post=17968"}],"version-history":[{"count":1,"href":"https:\/\/naturalook.shop\/fr\/wp-json\/wp\/v2\/product\/17968\/revisions"}],"predecessor-version":[{"id":34168,"href":"https:\/\/naturalook.shop\/fr\/wp-json\/wp\/v2\/product\/17968\/revisions\/34168"}],"wp:featuredmedia":[{"embeddable":true,"href":"https:\/\/naturalook.shop\/fr\/wp-json\/wp\/v2\/media\/33133"}],"wp:attachment":[{"href":"https:\/\/naturalook.shop\/fr\/wp-json\/wp\/v2\/media?parent=17968"}],"wp:term":[{"taxonomy":"product_brand","embeddable":true,"href":"https:\/\/naturalook.shop\/fr\/wp-json\/wp\/v2\/product_brand?post=17968"},{"taxonomy":"product_cat","embeddable":true,"href":"https:\/\/naturalook.shop\/fr\/wp-json\/wp\/v2\/product_cat?post=17968"},{"taxonomy":"product_tag","embeddable":true,"href":"https:\/\/naturalook.shop\/fr\/wp-json\/wp\/v2\/product_tag?post=17968"}],"curies":[{"name":"wp","href":"https:\/\/api.w.org\/{rel}","templated":true}]}}