{"id":17971,"date":"2023-02-09T23:16:40","date_gmt":"2023-02-10T04:16:40","guid":{"rendered":"https:\/\/naturalook.shop\/product\/felps-cape-de-coiffeur\/"},"modified":"2026-02-19T15:05:44","modified_gmt":"2026-02-19T20:05:44","slug":"felps-cape-de-coiffeur","status":"publish","type":"product","link":"https:\/\/naturalook.shop\/fr\/produit\/felps-cape-de-coiffeur\/","title":{"rendered":"Felps &#8211; CAPE DE COIFFEUR"},"content":{"rendered":"<h2 id=\"professional-protection-for-every-service\" class=\"mb-2 mt-4 [.has-inline-images_&amp;]:clear-end font-sans visRefresh2026AnswerSerif:font-editorial font-semimedium visRefresh2026Fonts:font-bold text-base visRefresh2026Fonts:text-lg first:mt-0 md:text-lg [hr+&amp;]:mt-4\">Protection professionnelle pour chaque service<\/h2>\n<p class=\"my-2 [&amp;+p]:mt-4 [&amp;_strong:has(+br)]:inline-block [&amp;_strong:has(+br)]:pb-2\">La <strong>cape de coiffeur Felps<\/strong> est un accessoire de salon essentiel pour les coiffeurs et stylistes qui veulent garder leurs clients confortables et enti\u00e8rement prot\u00e9g\u00e9s pendant les services. Elle aide \u00e0 maintenir un environnement propre et professionnel tout en emp\u00eachant les cheveux, l\u2019eau et les produits d\u2019atteindre les v\u00eatements des clients.<\/p>\n<h2 id=\"lightweight-waterproof-design\" class=\"mb-2 mt-4 [.has-inline-images_&amp;]:clear-end font-sans visRefresh2026AnswerSerif:font-editorial font-semimedium visRefresh2026Fonts:font-bold text-base visRefresh2026Fonts:text-lg first:mt-0 md:text-lg [hr+&amp;]:mt-4\">Conception l\u00e9g\u00e8re et imperm\u00e9able<\/h2>\n<ul class=\"marker:text-quiet list-disc\">\n<li class=\"py-0 my-0 prose-p:pt-0 prose-p:mb-2 prose-p:my-0 [&amp;&gt;p]:pt-0 [&amp;&gt;p]:mb-2 [&amp;&gt;p]:my-0\">\n<p class=\"my-2 [&amp;+p]:mt-4 [&amp;_strong:has(+br)]:inline-block [&amp;_strong:has(+br)]:pb-2\">Fabriqu\u00e9e en <strong>mat\u00e9riau l\u00e9ger et imperm\u00e9able<\/strong> qui prot\u00e8ge efficacement les v\u00eatements de l\u2019humidit\u00e9, des cheveux coup\u00e9s et des \u00e9claboussures de couleur.<\/p>\n<\/li>\n<li class=\"py-0 my-0 prose-p:pt-0 prose-p:mb-2 prose-p:my-0 [&amp;&gt;p]:pt-0 [&amp;&gt;p]:mb-2 [&amp;&gt;p]:my-0\">\n<p class=\"my-2 [&amp;+p]:mt-4 [&amp;_strong:has(+br)]:inline-block [&amp;_strong:has(+br)]:pb-2\">Id\u00e9ale pour les services de coupe, de coloration, de shampooing et de coiffage en salon ou \u00e0 la maison.<\/p>\n<\/li>\n<\/ul>\n<h2 id=\"easy-to-clean-and-maintain\" class=\"mb-2 mt-4 [.has-inline-images_&amp;]:clear-end font-sans visRefresh2026AnswerSerif:font-editorial font-semimedium visRefresh2026Fonts:font-bold text-base visRefresh2026Fonts:text-lg first:mt-0 md:text-lg [hr+&amp;]:mt-4\">Facile \u00e0 nettoyer et \u00e0 entretenir<\/h2>\n<ul class=\"marker:text-quiet list-disc\">\n<li class=\"py-0 my-0 prose-p:pt-0 prose-p:mb-2 prose-p:my-0 [&amp;&gt;p]:pt-0 [&amp;&gt;p]:mb-2 [&amp;&gt;p]:my-0\">\n<p class=\"my-2 [&amp;+p]:mt-4 [&amp;_strong:has(+br)]:inline-block [&amp;_strong:has(+br)]:pb-2\">Le tissu est <strong>facile \u00e0 essuyer ou \u00e0 laver<\/strong>, ce qui permet un roulement rapide entre les clients et d\u2019excellentes normes d\u2019hygi\u00e8ne.<\/p>\n<\/li>\n<li class=\"py-0 my-0 prose-p:pt-0 prose-p:mb-2 prose-p:my-0 [&amp;&gt;p]:pt-0 [&amp;&gt;p]:mb-2 [&amp;&gt;p]:my-0\">\n<p class=\"my-2 [&amp;+p]:mt-4 [&amp;_strong:has(+br)]:inline-block [&amp;_strong:has(+br)]:pb-2\">Con\u00e7ue pour un usage professionnel r\u00e9p\u00e9t\u00e9 tout en conservant son apparence et sa performance au fil du temps.<\/p>\n<\/li>\n<\/ul>\n<h2 id=\"comfortable-and-professional\" class=\"mb-2 mt-4 [.has-inline-images_&amp;]:clear-end font-sans visRefresh2026AnswerSerif:font-editorial font-semimedium visRefresh2026Fonts:font-bold text-base visRefresh2026Fonts:text-lg first:mt-0 md:text-lg [hr+&amp;]:mt-4\">Confortable et professionnelle<\/h2>\n<ul class=\"marker:text-quiet list-disc\">\n<li class=\"py-0 my-0 prose-p:pt-0 prose-p:mb-2 prose-p:my-0 [&amp;&gt;p]:pt-0 [&amp;&gt;p]:mb-2 [&amp;&gt;p]:my-0\">\n<p class=\"my-2 [&amp;+p]:mt-4 [&amp;_strong:has(+br)]:inline-block [&amp;_strong:has(+br)]:pb-2\">Offre une couverture g\u00e9n\u00e9reuse et une coupe confortable, aidant les clients \u00e0 se sentir d\u00e9tendus tout au long de leur rendez-vous.<\/p>\n<\/li>\n<li class=\"py-0 my-0 prose-p:pt-0 prose-p:mb-2 prose-p:my-0 [&amp;&gt;p]:pt-0 [&amp;&gt;p]:mb-2 [&amp;&gt;p]:my-0\">\n<p class=\"my-2 [&amp;+p]:mt-4 [&amp;_strong:has(+br)]:inline-block [&amp;_strong:has(+br)]:pb-2\">Un indispensable pour tout styliste qui souhaite offrir une <strong>exp\u00e9rience professionnelle, propre et digne d\u2019un salon<\/strong> \u00e0 chaque cliente et chaque client.<\/p>\n<\/li>\n<\/ul>\n","protected":false},"excerpt":{"rendered":"<p>La cape de coiffeur Felps est une cape de salon l\u00e9g\u00e8re et imperm\u00e9able, con\u00e7ue pour prot\u00e9ger les v\u00eatements des clients pendant la coupe, la coloration et le coiffage, tout en offrant un entretien facile et une apparence propre et professionnelle \u00e0 chaque service.<\/p>\n","protected":false},"featured_media":35926,"comment_status":"open","ping_status":"closed","template":"","meta":{"_glsr_average":0,"_glsr_ranking":0,"_glsr_reviews":0},"product_brand":[900],"product_cat":[621,622,623],"product_tag":[],"class_list":{"0":"post-17971","1":"product","2":"type-product","3":"status-publish","4":"has-post-thumbnail","6":"product_brand-felps","7":"product_cat-outils","8":"product_cat-outils-pour-extensions-capillaires","9":"product_cat-outils-pour-traitement-capillaires","10":"_wholesalex wsx-wholesalex-product","12":"first","13":"instock","14":"taxable","15":"shipping-taxable","16":"purchasable","17":"product-type-simple"},"jetpack_sharing_enabled":true,"_links":{"self":[{"href":"https:\/\/naturalook.shop\/fr\/wp-json\/wp\/v2\/product\/17971","targetHints":{"allow":["GET"]}}],"collection":[{"href":"https:\/\/naturalook.shop\/fr\/wp-json\/wp\/v2\/product"}],"about":[{"href":"https:\/\/naturalook.shop\/fr\/wp-json\/wp\/v2\/types\/product"}],"replies":[{"embeddable":true,"href":"https:\/\/naturalook.shop\/fr\/wp-json\/wp\/v2\/comments?post=17971"}],"version-history":[{"count":2,"href":"https:\/\/naturalook.shop\/fr\/wp-json\/wp\/v2\/product\/17971\/revisions"}],"predecessor-version":[{"id":35929,"href":"https:\/\/naturalook.shop\/fr\/wp-json\/wp\/v2\/product\/17971\/revisions\/35929"}],"wp:featuredmedia":[{"embeddable":true,"href":"https:\/\/naturalook.shop\/fr\/wp-json\/wp\/v2\/media\/35926"}],"wp:attachment":[{"href":"https:\/\/naturalook.shop\/fr\/wp-json\/wp\/v2\/media?parent=17971"}],"wp:term":[{"taxonomy":"product_brand","embeddable":true,"href":"https:\/\/naturalook.shop\/fr\/wp-json\/wp\/v2\/product_brand?post=17971"},{"taxonomy":"product_cat","embeddable":true,"href":"https:\/\/naturalook.shop\/fr\/wp-json\/wp\/v2\/product_cat?post=17971"},{"taxonomy":"product_tag","embeddable":true,"href":"https:\/\/naturalook.shop\/fr\/wp-json\/wp\/v2\/product_tag?post=17971"}],"curies":[{"name":"wp","href":"https:\/\/api.w.org\/{rel}","templated":true}]}}