{"id":17978,"date":"2023-02-09T23:15:10","date_gmt":"2023-02-10T04:15:10","guid":{"rendered":"https:\/\/naturalook.shop\/product\/felps-bag\/"},"modified":"2026-02-16T16:37:24","modified_gmt":"2026-02-16T21:37:24","slug":"felps-bag","status":"publish","type":"product","link":"https:\/\/naturalook.shop\/fr\/produit\/felps-bag\/","title":{"rendered":"Sac Felps"},"content":{"rendered":"<p>Le <strong>sac-cadeau Felps<\/strong> est fabriqu\u00e9 avec des mat\u00e9riaux de haute qualit\u00e9 et est con\u00e7u pour \u00eatre un moyen \u00e9l\u00e9gant et pratique d&#8217;emballer les produits de soins capillaires Felps pour offrir en cadeau ou pour un usage personnel.<\/p>\n<p>Il est parfait pour pr\u00e9senter les produits de soins capillaires Felps en cadeau \u00e0 des amis et des proches, ou pour ranger vos propres articles de soins capillaires de mani\u00e8re \u00e0 la fois \u00e9l\u00e9gante et organis\u00e9e.<\/p>\n<p>Le sac-cadeau Felps est r\u00e9utilisable et peut servir \u00e0 de nombreuses autres fins en dehors de la simple conservation de produits capillaires.<\/p>\n","protected":false},"excerpt":{"rendered":"<p>SAC CADEAU FELPS<\/p>\n","protected":false},"featured_media":16985,"comment_status":"open","ping_status":"closed","template":"","meta":{"_glsr_average":0,"_glsr_ranking":0,"_glsr_reviews":0},"product_brand":[900],"product_cat":[83],"product_tag":[],"class_list":{"0":"post-17978","1":"product","2":"type-product","3":"status-publish","4":"has-post-thumbnail","6":"product_brand-felps","7":"product_cat-soins-a-domicile","8":"_wholesalex wsx-wholesalex-product","10":"first","11":"instock","12":"taxable","13":"shipping-taxable","14":"purchasable","15":"product-type-simple"},"jetpack_sharing_enabled":true,"_links":{"self":[{"href":"https:\/\/naturalook.shop\/fr\/wp-json\/wp\/v2\/product\/17978","targetHints":{"allow":["GET"]}}],"collection":[{"href":"https:\/\/naturalook.shop\/fr\/wp-json\/wp\/v2\/product"}],"about":[{"href":"https:\/\/naturalook.shop\/fr\/wp-json\/wp\/v2\/types\/product"}],"replies":[{"embeddable":true,"href":"https:\/\/naturalook.shop\/fr\/wp-json\/wp\/v2\/comments?post=17978"}],"version-history":[{"count":1,"href":"https:\/\/naturalook.shop\/fr\/wp-json\/wp\/v2\/product\/17978\/revisions"}],"predecessor-version":[{"id":34171,"href":"https:\/\/naturalook.shop\/fr\/wp-json\/wp\/v2\/product\/17978\/revisions\/34171"}],"wp:featuredmedia":[{"embeddable":true,"href":"https:\/\/naturalook.shop\/fr\/wp-json\/wp\/v2\/media\/16985"}],"wp:attachment":[{"href":"https:\/\/naturalook.shop\/fr\/wp-json\/wp\/v2\/media?parent=17978"}],"wp:term":[{"taxonomy":"product_brand","embeddable":true,"href":"https:\/\/naturalook.shop\/fr\/wp-json\/wp\/v2\/product_brand?post=17978"},{"taxonomy":"product_cat","embeddable":true,"href":"https:\/\/naturalook.shop\/fr\/wp-json\/wp\/v2\/product_cat?post=17978"},{"taxonomy":"product_tag","embeddable":true,"href":"https:\/\/naturalook.shop\/fr\/wp-json\/wp\/v2\/product_tag?post=17978"}],"curies":[{"name":"wp","href":"https:\/\/api.w.org\/{rel}","templated":true}]}}