{"id":17982,"date":"2023-02-09T23:14:00","date_gmt":"2023-02-10T04:14:00","guid":{"rendered":"https:\/\/naturalook.shop\/product\/felps-argan-oil-60ml\/"},"modified":"2026-02-16T16:37:25","modified_gmt":"2026-02-16T21:37:25","slug":"felps-argan-oil-60ml","status":"publish","type":"product","link":"https:\/\/naturalook.shop\/fr\/produit\/felps-argan-oil-60ml\/","title":{"rendered":"Felps \u2013 ARGAN OIL &#8211; 60ml"},"content":{"rendered":"<p>L&#8217;huile d&#8217;argan est une huile l\u00e9g\u00e8re et nourrissante qui enveloppe chaque m\u00e8che sans l&#8217;alourdir, offrant une hydratation profonde. Elle aide \u00e0 r\u00e9parer les pointes fourchues des cheveux secs et trait\u00e9s chimiquement, tout en prot\u00e9geant les cheveux contre les agressions externes et en scellant la cuticule pour une finition brillante. Cette huile polyvalente offre une gamme de bienfaits, notamment la r\u00e9paration des dommages, la restauration de la vitalit\u00e9, une hydratation profonde, la r\u00e9duction des frisottis, l&#8217;ajout de douceur et de flexibilit\u00e9, ainsi qu&#8217;une brillance intense. Elle est \u00e9galement riche en antioxydants, qui aident \u00e0 prot\u00e9ger les cheveux contre les dommages.<\/p>\n<p><strong>Comment utiliser :<\/strong><\/p>\n<p>Il existe deux fa\u00e7ons d&#8217;utiliser l&#8217;huile d&#8217;argan :<\/p>\n<ol>\n<li>Appliquez 4 gouttes d&#8217;huile d&#8217;argan sur les paumes de vos mains et frottez-les ensemble. Appliquez ensuite uniform\u00e9ment sur les longueurs et les pointes des cheveux humides.<\/li>\n<li>Appliquez de l&#8217;huile d&#8217;argan sur les cheveux secs avant d&#8217;utiliser un fer \u00e0 lisser, assurant ainsi une protection thermique, une hydratation et une finition brillante.<\/li>\n<\/ol>\n","protected":false},"excerpt":{"rendered":"<p>R\u00c9PARER LES POINTS FINS, TOUT EN PROT\u00c9GEANT LES CHEVEUX DES AGGRESSEURS EXTERNES<\/p>\n","protected":false},"featured_media":17000,"comment_status":"open","ping_status":"closed","template":"","meta":{"_glsr_average":0,"_glsr_ranking":0,"_glsr_reviews":0},"product_brand":[900],"product_cat":[721],"product_tag":[],"class_list":{"0":"post-17982","1":"product","2":"type-product","3":"status-publish","4":"has-post-thumbnail","6":"product_brand-felps","7":"product_cat-huile","8":"_wholesalex wsx-wholesalex-product","10":"first","11":"instock","12":"taxable","13":"shipping-taxable","14":"purchasable","15":"product-type-simple"},"jetpack_sharing_enabled":true,"_links":{"self":[{"href":"https:\/\/naturalook.shop\/fr\/wp-json\/wp\/v2\/product\/17982","targetHints":{"allow":["GET"]}}],"collection":[{"href":"https:\/\/naturalook.shop\/fr\/wp-json\/wp\/v2\/product"}],"about":[{"href":"https:\/\/naturalook.shop\/fr\/wp-json\/wp\/v2\/types\/product"}],"replies":[{"embeddable":true,"href":"https:\/\/naturalook.shop\/fr\/wp-json\/wp\/v2\/comments?post=17982"}],"version-history":[{"count":1,"href":"https:\/\/naturalook.shop\/fr\/wp-json\/wp\/v2\/product\/17982\/revisions"}],"predecessor-version":[{"id":34173,"href":"https:\/\/naturalook.shop\/fr\/wp-json\/wp\/v2\/product\/17982\/revisions\/34173"}],"wp:featuredmedia":[{"embeddable":true,"href":"https:\/\/naturalook.shop\/fr\/wp-json\/wp\/v2\/media\/17000"}],"wp:attachment":[{"href":"https:\/\/naturalook.shop\/fr\/wp-json\/wp\/v2\/media?parent=17982"}],"wp:term":[{"taxonomy":"product_brand","embeddable":true,"href":"https:\/\/naturalook.shop\/fr\/wp-json\/wp\/v2\/product_brand?post=17982"},{"taxonomy":"product_cat","embeddable":true,"href":"https:\/\/naturalook.shop\/fr\/wp-json\/wp\/v2\/product_cat?post=17982"},{"taxonomy":"product_tag","embeddable":true,"href":"https:\/\/naturalook.shop\/fr\/wp-json\/wp\/v2\/product_tag?post=17982"}],"curies":[{"name":"wp","href":"https:\/\/api.w.org\/{rel}","templated":true}]}}