{"id":17990,"date":"2023-02-09T23:12:00","date_gmt":"2023-02-10T04:12:00","guid":{"rendered":"https:\/\/naturalook.shop\/product\/felps-xcolor-protector-mask-300g\/"},"modified":"2026-02-16T16:37:26","modified_gmt":"2026-02-16T21:37:26","slug":"felps-xcolor-protector-mask-300g","status":"publish","type":"product","link":"https:\/\/naturalook.shop\/fr\/produit\/felps-xcolor-protector-mask-300g\/","title":{"rendered":"Felps &#8211; XCOLOR PROTECTOR MASK &#8211; 300g"},"content":{"rendered":"<p>Le masque capillaire XColor est un soin nourrissant sp\u00e9cialement formul\u00e9 pour les cheveux color\u00e9s, d\u00e9color\u00e9s et naturels. Il contient une puissante combinaison de filtres UV, d&#8217;huile Splendor (un m\u00e9lange de 10 huiles) et d&#8217;antioxydants qui travaillent ensemble pour restaurer et nourrir la fibre capillaire. Cela aide \u00e0 lutter contre l&#8217;usure due \u00e0 l&#8217;oxydation et prot\u00e8ge contre la d\u00e9coloration, ce qui permet d&#8217;obtenir des cheveux nourris avec une luminosit\u00e9 parfaite et une couleur radieuse qui dure plus longtemps.<\/p>\n<p>Pour utiliser, appliquez le masque apr\u00e8s le shampooing sur des cheveux propres et humides. Enveloppez doucement les m\u00e8ches avec le masque et laissez-le agir pendant 5 \u00e0 10 minutes. Rincez abondamment et coiffez selon vos envies.<\/p>\n<p><em><span style=\"color: #ff0000;\">Veuillez noter que l'emballage de ce produit peut varier en raison de changements r\u00e9cents, mais soyez assur\u00e9 que le produit \u00e0 l'int\u00e9rieur reste le m\u00eame.<\/span><\/em><\/p>\n\n","protected":false},"excerpt":{"rendered":"<p>POUR CHEVEUX COLOR\u00c9S, BLANCHIS ET NATURELS<\/p>\n","protected":false},"featured_media":17050,"comment_status":"open","ping_status":"closed","template":"","meta":{"_glsr_average":0,"_glsr_ranking":0,"_glsr_reviews":0},"product_brand":[900],"product_cat":[613,616],"product_tag":[],"class_list":{"0":"post-17990","1":"product","2":"type-product","3":"status-publish","4":"has-post-thumbnail","6":"product_brand-felps","7":"product_cat-masque","8":"product_cat-traitement","9":"_wholesalex wsx-wholesalex-product","11":"first","12":"instock","13":"taxable","14":"shipping-taxable","15":"purchasable","16":"product-type-simple"},"jetpack_sharing_enabled":true,"_links":{"self":[{"href":"https:\/\/naturalook.shop\/fr\/wp-json\/wp\/v2\/product\/17990","targetHints":{"allow":["GET"]}}],"collection":[{"href":"https:\/\/naturalook.shop\/fr\/wp-json\/wp\/v2\/product"}],"about":[{"href":"https:\/\/naturalook.shop\/fr\/wp-json\/wp\/v2\/types\/product"}],"replies":[{"embeddable":true,"href":"https:\/\/naturalook.shop\/fr\/wp-json\/wp\/v2\/comments?post=17990"}],"version-history":[{"count":1,"href":"https:\/\/naturalook.shop\/fr\/wp-json\/wp\/v2\/product\/17990\/revisions"}],"predecessor-version":[{"id":34176,"href":"https:\/\/naturalook.shop\/fr\/wp-json\/wp\/v2\/product\/17990\/revisions\/34176"}],"wp:featuredmedia":[{"embeddable":true,"href":"https:\/\/naturalook.shop\/fr\/wp-json\/wp\/v2\/media\/17050"}],"wp:attachment":[{"href":"https:\/\/naturalook.shop\/fr\/wp-json\/wp\/v2\/media?parent=17990"}],"wp:term":[{"taxonomy":"product_brand","embeddable":true,"href":"https:\/\/naturalook.shop\/fr\/wp-json\/wp\/v2\/product_brand?post=17990"},{"taxonomy":"product_cat","embeddable":true,"href":"https:\/\/naturalook.shop\/fr\/wp-json\/wp\/v2\/product_cat?post=17990"},{"taxonomy":"product_tag","embeddable":true,"href":"https:\/\/naturalook.shop\/fr\/wp-json\/wp\/v2\/product_tag?post=17990"}],"curies":[{"name":"wp","href":"https:\/\/api.w.org\/{rel}","templated":true}]}}