{"id":17992,"date":"2023-02-09T23:11:00","date_gmt":"2023-02-10T04:11:00","guid":{"rendered":"https:\/\/naturalook.shop\/product\/felps-xrepair-bio-molecular-mask-300g\/"},"modified":"2026-02-16T16:37:26","modified_gmt":"2026-02-16T21:37:26","slug":"felps-xrepair-bio-molecular-mask-300g","status":"publish","type":"product","link":"https:\/\/naturalook.shop\/fr\/produit\/felps-xrepair-bio-molecular-mask-300g\/","title":{"rendered":"Felps \u2013 XREPAIR BIO MOLECULAR MASK &#8211; 300g"},"content":{"rendered":"<p>La XRepair Mask est sp\u00e9cialement formul\u00e9e avec un m\u00e9lange d&#8217;huiles sp\u00e9ciales et de Nano Protein, d\u00e9riv\u00e9 de bl\u00e9, de riz et de soja pour fournir une r\u00e9paration intense et une hydratation aux cheveux ab\u00eem\u00e9s et trait\u00e9s chimiquement. Ce masque capillaire reconstitue l&#8217;hydratation et les nutriments n\u00e9cessaires aux cheveux, les laissant sains, r\u00e9sistants, hydrat\u00e9s, doux et intens\u00e9ment brillants.<\/p>\n<p>Pour utiliser le masque, appliquez-le sur des cheveux propres et humides apr\u00e8s avoir utilis\u00e9 le shampooing, en enveloppant les m\u00e8ches. Laissez agir pendant 5 \u00e0 10 minutes, puis rincez abondamment. Coiffez selon vos envies.<\/p>\n<p><em><span style=\"color: #ff0000;\">Veuillez noter que l'emballage de ce produit peut varier en raison de changements r\u00e9cents, mais soyez assur\u00e9 que le produit \u00e0 l'int\u00e9rieur reste le m\u00eame.<\/span><\/em><\/p>\n\n","protected":false},"excerpt":{"rendered":"<p>R\u00c9SISTANT, HYDRAT\u00c9, DOUX ET INTENS\u00c9MENT BRILLANT<\/p>\n","protected":false},"featured_media":17075,"comment_status":"open","ping_status":"closed","template":"","meta":{"_glsr_average":0,"_glsr_ranking":0,"_glsr_reviews":0},"product_brand":[900],"product_cat":[613,616],"product_tag":[],"class_list":{"0":"post-17992","1":"product","2":"type-product","3":"status-publish","4":"has-post-thumbnail","6":"product_brand-felps","7":"product_cat-masque","8":"product_cat-traitement","9":"_wholesalex wsx-wholesalex-product","11":"first","12":"instock","13":"taxable","14":"shipping-taxable","15":"purchasable","16":"product-type-simple"},"jetpack_sharing_enabled":true,"_links":{"self":[{"href":"https:\/\/naturalook.shop\/fr\/wp-json\/wp\/v2\/product\/17992","targetHints":{"allow":["GET"]}}],"collection":[{"href":"https:\/\/naturalook.shop\/fr\/wp-json\/wp\/v2\/product"}],"about":[{"href":"https:\/\/naturalook.shop\/fr\/wp-json\/wp\/v2\/types\/product"}],"replies":[{"embeddable":true,"href":"https:\/\/naturalook.shop\/fr\/wp-json\/wp\/v2\/comments?post=17992"}],"version-history":[{"count":1,"href":"https:\/\/naturalook.shop\/fr\/wp-json\/wp\/v2\/product\/17992\/revisions"}],"predecessor-version":[{"id":34177,"href":"https:\/\/naturalook.shop\/fr\/wp-json\/wp\/v2\/product\/17992\/revisions\/34177"}],"wp:featuredmedia":[{"embeddable":true,"href":"https:\/\/naturalook.shop\/fr\/wp-json\/wp\/v2\/media\/17075"}],"wp:attachment":[{"href":"https:\/\/naturalook.shop\/fr\/wp-json\/wp\/v2\/media?parent=17992"}],"wp:term":[{"taxonomy":"product_brand","embeddable":true,"href":"https:\/\/naturalook.shop\/fr\/wp-json\/wp\/v2\/product_brand?post=17992"},{"taxonomy":"product_cat","embeddable":true,"href":"https:\/\/naturalook.shop\/fr\/wp-json\/wp\/v2\/product_cat?post=17992"},{"taxonomy":"product_tag","embeddable":true,"href":"https:\/\/naturalook.shop\/fr\/wp-json\/wp\/v2\/product_tag?post=17992"}],"curies":[{"name":"wp","href":"https:\/\/api.w.org\/{rel}","templated":true}]}}