{"id":17994,"date":"2023-02-09T23:10:00","date_gmt":"2023-02-10T04:10:00","guid":{"rendered":"https:\/\/naturalook.shop\/product\/felps-brazilian-nuts-nutritive-mask-300g\/"},"modified":"2026-02-16T16:37:27","modified_gmt":"2026-02-16T21:37:27","slug":"felps-brazilian-nuts-nutritive-mask-300g","status":"publish","type":"product","link":"https:\/\/naturalook.shop\/fr\/produit\/felps-brazilian-nuts-nutritive-mask-300g\/","title":{"rendered":"Felps &#8211; BRAZILIAN NUTS NUTRITIVE MASK &#8211; 300g"},"content":{"rendered":"<p>Sp\u00e9cialement formul\u00e9e avec des graines soigneusement s\u00e9lectionn\u00e9es de la jungle amazonienne br\u00e9silienne, comme les noix du Br\u00e9sil, la gamme Felps Brazilian Nuts est con\u00e7ue pour nourrir, restaurer et hydrater les cheveux ab\u00eem\u00e9s qui ont subi des processus chimiques tels que la coloration, les m\u00e8ches et le lissage. Sa formule innovante, enrichie en k\u00e9ratine, en om\u00e9ga-3 et en acides gras, favorise la sant\u00e9, la force, l&#8217;\u00e9quilibre et une belle brillance des cheveux. Les huiles de macadamia et d&#8217;argan sont des alli\u00e9es puissantes pour les cheveux ternes, hydratant et renfor\u00e7ant.<\/p>\n<p>Le masque nourrissant Brazilian Nuts convient \u00e0 tous les types de cheveux et offre une brillance intense, un mouvement et une douceur, offrant toute la nourriture dont les cheveux faibles et secs ont besoin.<\/p>\n<p><strong>Instructions:<\/strong><\/p>\n<ol>\n<li>Apr\u00e8s avoir lav\u00e9 vos cheveux avec le shampooing Felps Brazilian Nuts, retirez l&#8217;exc\u00e8s d&#8217;eau avec une serviette et appliquez le masque nourrissant Felps Brazilian Nuts.<\/li>\n<li>Laissez le produit agir pendant 5 \u00e0 10 minutes.<\/li>\n<li>Rincer abondamment.<\/li>\n<\/ol>\n<p><em><span style=\"color: #ff0000;\">Veuillez noter que l'emballage de ce produit peut varier en raison de changements r\u00e9cents, mais soyez assur\u00e9 que le produit \u00e0 l'int\u00e9rieur reste le m\u00eame.<\/span><\/em><\/p>\n\n","protected":false},"excerpt":{"rendered":"<p>SANT\u00c9 DES CHEVEUX, FORCE, \u00c9QUILIBRE ET UN \u00c9CLAT BEAU<\/p>\n","protected":false},"featured_media":33138,"comment_status":"open","ping_status":"closed","template":"","meta":{"_glsr_average":0,"_glsr_ranking":0,"_glsr_reviews":0},"product_brand":[900],"product_cat":[613,616],"product_tag":[],"class_list":{"0":"post-17994","1":"product","2":"type-product","3":"status-publish","4":"has-post-thumbnail","6":"product_brand-felps","7":"product_cat-masque","8":"product_cat-traitement","9":"_wholesalex wsx-wholesalex-product","11":"first","12":"outofstock","13":"taxable","14":"shipping-taxable","15":"purchasable","16":"product-type-simple"},"jetpack_sharing_enabled":true,"_links":{"self":[{"href":"https:\/\/naturalook.shop\/fr\/wp-json\/wp\/v2\/product\/17994","targetHints":{"allow":["GET"]}}],"collection":[{"href":"https:\/\/naturalook.shop\/fr\/wp-json\/wp\/v2\/product"}],"about":[{"href":"https:\/\/naturalook.shop\/fr\/wp-json\/wp\/v2\/types\/product"}],"replies":[{"embeddable":true,"href":"https:\/\/naturalook.shop\/fr\/wp-json\/wp\/v2\/comments?post=17994"}],"version-history":[{"count":1,"href":"https:\/\/naturalook.shop\/fr\/wp-json\/wp\/v2\/product\/17994\/revisions"}],"predecessor-version":[{"id":34178,"href":"https:\/\/naturalook.shop\/fr\/wp-json\/wp\/v2\/product\/17994\/revisions\/34178"}],"wp:featuredmedia":[{"embeddable":true,"href":"https:\/\/naturalook.shop\/fr\/wp-json\/wp\/v2\/media\/33138"}],"wp:attachment":[{"href":"https:\/\/naturalook.shop\/fr\/wp-json\/wp\/v2\/media?parent=17994"}],"wp:term":[{"taxonomy":"product_brand","embeddable":true,"href":"https:\/\/naturalook.shop\/fr\/wp-json\/wp\/v2\/product_brand?post=17994"},{"taxonomy":"product_cat","embeddable":true,"href":"https:\/\/naturalook.shop\/fr\/wp-json\/wp\/v2\/product_cat?post=17994"},{"taxonomy":"product_tag","embeddable":true,"href":"https:\/\/naturalook.shop\/fr\/wp-json\/wp\/v2\/product_tag?post=17994"}],"curies":[{"name":"wp","href":"https:\/\/api.w.org\/{rel}","templated":true}]}}