{"id":17996,"date":"2023-02-09T23:10:00","date_gmt":"2023-02-10T04:10:00","guid":{"rendered":"https:\/\/naturalook.shop\/product\/felps-sos-liss-express-thermal-protector-230ml\/"},"modified":"2026-02-16T16:37:27","modified_gmt":"2026-02-16T21:37:27","slug":"felps-sos-liss-express-thermal-protector-230ml","status":"publish","type":"product","link":"https:\/\/naturalook.shop\/fr\/produit\/felps-sos-liss-express-thermal-protector-230ml\/","title":{"rendered":"Felps &#8211; SOS LISS EXPRESS THERMAL PROTECTOR &#8211; 230ml"},"content":{"rendered":"<p>S.O.S Hair est une ligne d&#8217;urgence sp\u00e9cialement con\u00e7ue pour les cheveux affaiblis et endommag\u00e9s par des agressions externes ainsi que pour les cheveux cassants. Elle est id\u00e9ale pour les cheveux ayant subi des traitements chimiques.<\/p>\n<p><strong>R\u00e9sultats attendus:<\/strong><\/p>\n<p>Cette ligne aide \u00e0 restaurer la tige du cheveu de l&#8217;int\u00e9rieur et de l&#8217;ext\u00e9rieur, les laissant forts, r\u00e9sistants, brillants, hydrat\u00e9s et sains.<\/p>\n<p><strong>Bienfaits des ingr\u00e9dients:<\/strong><\/p>\n<ul>\n<li>L&#8217;huile de moringa procure une \u00e9lasticit\u00e9 et une hydratation accrues gr\u00e2ce \u00e0 ses acides gras om\u00e9ga 6 et 9, son action antioxydante et ses vitamines.<\/li>\n<li>La k\u00e9ratine hydrolys\u00e9e aide \u00e0 renforcer intens\u00e9ment les cheveux non structur\u00e9s, cassants et \u00e9lastiques, r\u00e9duisant ainsi leur \u00e9lasticit\u00e9.<\/li>\n<li>Le miel de pomme de terre reconstitue la p\u00e2te en structurant l&#8217;int\u00e9rieur de la fibre, restaurant ainsi l&#8217;\u00e9lasticit\u00e9 naturelle des cheveux ab\u00eem\u00e9s.<\/li>\n<\/ul>\n<p><strong>Nombre d&#8217;utilisations par bouteille:<\/strong><\/p>\n<p>Chaque bouteille de fluide S.O.S Liss Express (7,78FL.OZ) permet environ 53 applications.<\/p>\n<p><strong>Mode d&#8217;emploi:<\/strong><\/p>\n<ol>\n<li>Appliquez le shampooing S.O.S Supervin A Stop Fall sur cheveux humides, \u00e9mulsionnez et rincez. R\u00e9p\u00e9tez l&#8217;application si n\u00e9cessaire.<\/li>\n<li>Retirez l&#8217;exc\u00e8s d&#8217;eau des cheveux et appliquez le masque S.O.S. Resurrection of the Capillary m\u00e8che par m\u00e8che, en collant les m\u00e8ches, et laissez agir pendant 5 \u00e0 10 minutes avant de rincer.<\/li>\n<li>Retirez l&#8217;exc\u00e8s d&#8217;eau des cheveux et vaporisez la quantit\u00e9 n\u00e9cessaire de S.O.S Liss Express sur l&#8217;ensemble des cheveux. Brossez les cheveux pour une meilleure fermeture des cuticules et une plus grande durabilit\u00e9 du traitement.<\/li>\n<\/ol>\n","protected":false},"excerpt":{"rendered":"<p>CONVIENT POUR LES CHEVEUX TRAIT\u00c9S CHIMIQUEMENT, AFFAIBLIS ET ENDOMMAG\u00c9S<\/p>\n","protected":false},"featured_media":33141,"comment_status":"open","ping_status":"closed","template":"","meta":{"_glsr_average":0,"_glsr_ranking":0,"_glsr_reviews":0},"product_brand":[900],"product_cat":[616],"product_tag":[],"class_list":{"0":"post-17996","1":"product","2":"type-product","3":"status-publish","4":"has-post-thumbnail","6":"product_brand-felps","7":"product_cat-traitement","8":"_wholesalex wsx-wholesalex-product","10":"first","11":"outofstock","12":"taxable","13":"shipping-taxable","14":"purchasable","15":"product-type-simple"},"jetpack_sharing_enabled":true,"_links":{"self":[{"href":"https:\/\/naturalook.shop\/fr\/wp-json\/wp\/v2\/product\/17996","targetHints":{"allow":["GET"]}}],"collection":[{"href":"https:\/\/naturalook.shop\/fr\/wp-json\/wp\/v2\/product"}],"about":[{"href":"https:\/\/naturalook.shop\/fr\/wp-json\/wp\/v2\/types\/product"}],"replies":[{"embeddable":true,"href":"https:\/\/naturalook.shop\/fr\/wp-json\/wp\/v2\/comments?post=17996"}],"version-history":[{"count":1,"href":"https:\/\/naturalook.shop\/fr\/wp-json\/wp\/v2\/product\/17996\/revisions"}],"predecessor-version":[{"id":34179,"href":"https:\/\/naturalook.shop\/fr\/wp-json\/wp\/v2\/product\/17996\/revisions\/34179"}],"wp:featuredmedia":[{"embeddable":true,"href":"https:\/\/naturalook.shop\/fr\/wp-json\/wp\/v2\/media\/33141"}],"wp:attachment":[{"href":"https:\/\/naturalook.shop\/fr\/wp-json\/wp\/v2\/media?parent=17996"}],"wp:term":[{"taxonomy":"product_brand","embeddable":true,"href":"https:\/\/naturalook.shop\/fr\/wp-json\/wp\/v2\/product_brand?post=17996"},{"taxonomy":"product_cat","embeddable":true,"href":"https:\/\/naturalook.shop\/fr\/wp-json\/wp\/v2\/product_cat?post=17996"},{"taxonomy":"product_tag","embeddable":true,"href":"https:\/\/naturalook.shop\/fr\/wp-json\/wp\/v2\/product_tag?post=17996"}],"curies":[{"name":"wp","href":"https:\/\/api.w.org\/{rel}","templated":true}]}}