{"id":18003,"date":"2023-02-09T23:09:44","date_gmt":"2023-02-10T04:09:44","guid":{"rendered":"https:\/\/naturalook.shop\/product\/trepied-reglable\/"},"modified":"2024-10-15T16:07:48","modified_gmt":"2024-10-15T20:07:48","slug":"trepied-reglable","status":"publish","type":"product","link":"https:\/\/naturalook.shop\/fr\/produit\/trepied-reglable\/","title":{"rendered":"TR\u00c9PIED R\u00c9GLABLE"},"content":{"rendered":"<p>Ce support solide et durable est con\u00e7u pour une utilisation facile et une mobilit\u00e9 pratique. Avec sa hauteur r\u00e9glable et sa rotation \u00e0 360\u00b0, il offre un acc\u00e8s pratique \u00e0 vos besoins de fabrication de perruques, de coiffure, de t\u00eate de mannequin d&#8217;affichage ou d&#8217;entra\u00eenement. Sa construction stable et sa base antid\u00e9rapante offrent une meilleure performance de pr\u00e9hension, le rendant id\u00e9al pour une utilisation dans les salons de coiffure, les maisons ou lors de l&#8217;enseignement et de la formation en coiffure. De plus, sa conception pliable et l\u00e9g\u00e8re le rend facile \u00e0 transporter et \u00e0 ranger, offrant une commodit\u00e9 suppl\u00e9mentaire.<\/p>\n<p><strong>Sp\u00e9cification :<\/strong><\/p>\n<ul>\n<li><strong>Mat\u00e9riau :<\/strong> Aluminium<\/li>\n<li><strong>Hauteur :<\/strong> Env. 29-54 cm \/ 11,5-21 pouces<\/li>\n<\/ul>\n","protected":false},"excerpt":{"rendered":"<p>CONVIENT POUR LE COIFFAGE, LES MANNEQUINS DE PR\u00c9SENTATION OU L&#8217;ENTRA\u00ceNEMENT<\/p>\n","protected":false},"featured_media":17489,"comment_status":"open","ping_status":"closed","template":"","meta":{"_glsr_average":0,"_glsr_ranking":0,"_glsr_reviews":0},"product_brand":[],"product_cat":[621,622],"product_tag":[],"class_list":{"0":"post-18003","1":"product","2":"type-product","3":"status-publish","4":"has-post-thumbnail","6":"product_cat-outils","7":"product_cat-outils-pour-extensions-capillaires","8":"_wholesalex wsx-wholesalex-product","10":"first","11":"instock","12":"taxable","13":"shipping-taxable","14":"purchasable","15":"product-type-simple"},"jetpack_sharing_enabled":true,"_links":{"self":[{"href":"https:\/\/naturalook.shop\/fr\/wp-json\/wp\/v2\/product\/18003","targetHints":{"allow":["GET"]}}],"collection":[{"href":"https:\/\/naturalook.shop\/fr\/wp-json\/wp\/v2\/product"}],"about":[{"href":"https:\/\/naturalook.shop\/fr\/wp-json\/wp\/v2\/types\/product"}],"replies":[{"embeddable":true,"href":"https:\/\/naturalook.shop\/fr\/wp-json\/wp\/v2\/comments?post=18003"}],"version-history":[{"count":0,"href":"https:\/\/naturalook.shop\/fr\/wp-json\/wp\/v2\/product\/18003\/revisions"}],"wp:featuredmedia":[{"embeddable":true,"href":"https:\/\/naturalook.shop\/fr\/wp-json\/wp\/v2\/media\/17489"}],"wp:attachment":[{"href":"https:\/\/naturalook.shop\/fr\/wp-json\/wp\/v2\/media?parent=18003"}],"wp:term":[{"taxonomy":"product_brand","embeddable":true,"href":"https:\/\/naturalook.shop\/fr\/wp-json\/wp\/v2\/product_brand?post=18003"},{"taxonomy":"product_cat","embeddable":true,"href":"https:\/\/naturalook.shop\/fr\/wp-json\/wp\/v2\/product_cat?post=18003"},{"taxonomy":"product_tag","embeddable":true,"href":"https:\/\/naturalook.shop\/fr\/wp-json\/wp\/v2\/product_tag?post=18003"}],"curies":[{"name":"wp","href":"https:\/\/api.w.org\/{rel}","templated":true}]}}