{"id":18012,"date":"2023-02-09T23:07:01","date_gmt":"2023-02-10T04:07:01","guid":{"rendered":"https:\/\/naturalook.shop\/product\/titanium-mq-pro-480-fer-plat\/"},"modified":"2026-02-16T16:40:01","modified_gmt":"2026-02-16T21:40:01","slug":"titanium-mq-pro-480-fer-plat","status":"publish","type":"product","link":"https:\/\/naturalook.shop\/fr\/produit\/titanium-mq-pro-480-fer-plat\/","title":{"rendered":"MQ PRO 480 Fer Plat Professionnel"},"content":{"rendered":"<h1><img loading=\"lazy\" decoding=\"async\" class=\"wp-image-35402 size-full aligncenter\" src=\"https:\/\/naturalook.shop\/wp-content\/uploads\/2023\/02\/PRO-480-2048x778-1.png\" alt=\"\" width=\"2048\" height=\"778\" srcset=\"https:\/\/naturalook.shop\/wp-content\/uploads\/2023\/02\/PRO-480-2048x778-1.png 2048w, https:\/\/naturalook.shop\/wp-content\/uploads\/2023\/02\/PRO-480-2048x778-1-400x152.png 400w, https:\/\/naturalook.shop\/wp-content\/uploads\/2023\/02\/PRO-480-2048x778-1-1300x494.png 1300w, https:\/\/naturalook.shop\/wp-content\/uploads\/2023\/02\/PRO-480-2048x778-1-768x292.png 768w, https:\/\/naturalook.shop\/wp-content\/uploads\/2023\/02\/PRO-480-2048x778-1-1536x584.png 1536w, https:\/\/naturalook.shop\/wp-content\/uploads\/2023\/02\/PRO-480-2048x778-1-430x163.png 430w, https:\/\/naturalook.shop\/wp-content\/uploads\/2023\/02\/PRO-480-2048x778-1-900x342.png 900w, https:\/\/naturalook.shop\/wp-content\/uploads\/2023\/02\/PRO-480-2048x778-1-150x57.png 150w\" sizes=\"auto, (max-width: 2048px) 100vw, 2048px\" \/><\/h1>\n<h1 id=\"mq-pro-480-professional-hair-straightener--1-choic\" class=\"font-sans first:mt-xs mb-2 mt-4 font-semimedium visRefresh2026Fonts:font-bold text-lg leading-[1.5em] lg:text-xl\">FER PLAT PROFESSIONNEL MQ PRO 480 \u2013 Choix #1 pour le lissage \u00e0 la k\u00e9ratine br\u00e9silienne<\/h1>\n<h2 id=\"true-brazilian-results-in-just-three-passes\" class=\"mb-2 mt-4 font-sans font-semimedium visRefresh2026Fonts:font-bold text-base visRefresh2026Fonts:text-lg first:mt-0 md:text-lg [hr+&amp;]:mt-4\">Vrais r\u00e9sultats br\u00e9siliens en seulement trois passages<\/h2>\n<p class=\"my-2 [&amp;+p]:mt-4 [&amp;_strong:has(+br)]:inline-block [&amp;_strong:has(+br)]:pb-2\">Le <strong>fer plat professionnel MQ PRO 480<\/strong> est l\u2019un des fers les plus utilis\u00e9s pour le <strong>lissage \u00e0 la k\u00e9ratine br\u00e9silienne<\/strong>, approuv\u00e9 et adopt\u00e9 par des milliers de stylistes \u00e0 travers le monde. Atteignant une temp\u00e9rature impressionnante de <strong>480 \u00b0F (250 \u00b0C)<\/strong>, il offre une douceur intense, effet miroir, en aussi peu que <strong>trois passages<\/strong>, m\u00eame sur les cheveux \u00e9pais, r\u00eaches ou tr\u00e8s volumineux \u2014 vous permettant de servir deux clientes dans le temps o\u00f9 vous n\u2019en traitiez qu\u2019une.<\/p>\n<h2 id=\"ultra-smooth-titanium-plates--mch-japanese-technol\" class=\"mb-2 mt-4 font-sans font-semimedium visRefresh2026Fonts:font-bold text-base visRefresh2026Fonts:text-lg first:mt-0 md:text-lg [hr+&amp;]:mt-4\">Plaques en titane ultra lisses et technologie japonaise MCH<\/h2>\n<ul class=\"marker:text-quiet list-disc\">\n<li class=\"py-0 my-0 prose-p:pt-0 prose-p:mb-2 prose-p:my-0 [&amp;&gt;p]:pt-0 [&amp;&gt;p]:mb-2 [&amp;&gt;p]:my-0\">\n<p class=\"my-2 [&amp;+p]:mt-4 [&amp;_strong:has(+br)]:inline-block [&amp;_strong:has(+br)]:pb-2\">Les <strong>plaques en titane ultra lisses<\/strong> glissent sans effort dans les cheveux, distribuent la chaleur de fa\u00e7on uniforme, scellent les cuticules et optimisent l\u2019absorption de la k\u00e9ratine pour une brillance vitreux durable.<\/p>\n<\/li>\n<li class=\"py-0 my-0 prose-p:pt-0 prose-p:mb-2 prose-p:my-0 [&amp;&gt;p]:pt-0 [&amp;&gt;p]:mb-2 [&amp;&gt;p]:my-0\">\n<p class=\"my-2 [&amp;+p]:mt-4 [&amp;_strong:has(+br)]:inline-block [&amp;_strong:has(+br)]:pb-2\">Le <strong>syst\u00e8me de plaques flottantes (32 mm)<\/strong> s\u2019adapte \u00e0 chaque section de la racine aux pointes, assurant un contact uniforme sans pression excessive ni passages r\u00e9p\u00e9t\u00e9s.<\/p>\n<\/li>\n<li class=\"py-0 my-0 prose-p:pt-0 prose-p:mb-2 prose-p:my-0 [&amp;&gt;p]:pt-0 [&amp;&gt;p]:mb-2 [&amp;&gt;p]:my-0\">\n<p class=\"my-2 [&amp;+p]:mt-4 [&amp;_strong:has(+br)]:inline-block [&amp;_strong:has(+br)]:pb-2\">La <strong>technologie de chauffage MCH avec composants japonais<\/strong> offre une mont\u00e9e en temp\u00e9rature ultra rapide et une <strong>r\u00e9cup\u00e9ration imm\u00e9diate de la chaleur<\/strong>, gardant la temp\u00e9rature r\u00e9gl\u00e9e stable tout au long du service pour des r\u00e9sultats professionnels constants.<\/p>\n<\/li>\n<\/ul>\n<h2 id=\"17-temperature-levels-for-all-hair-types\" class=\"mb-2 mt-4 font-sans font-semimedium visRefresh2026Fonts:font-bold text-base visRefresh2026Fonts:text-lg first:mt-0 md:text-lg [hr+&amp;]:mt-4\">17 niveaux de temp\u00e9rature pour tous les types de cheveux<\/h2>\n<p class=\"my-2 [&amp;+p]:mt-4 [&amp;_strong:has(+br)]:inline-block [&amp;_strong:has(+br)]:pb-2\">Avec <strong>17 r\u00e9glages de temp\u00e9rature ajustables d\u2019environ 190 \u00b0F \/ 88 \u00b0C jusqu\u2019\u00e0 480 \u00b0F \/ 250 \u00b0C<\/strong>, le MQ PRO 480 convient autant aux cheveux fins et sensibilis\u00e9s qu\u2019aux textures les plus \u00e9paisses et r\u00e9sistantes. Vous pouvez ajuster la chaleur \u00e0 chaque cliente et r\u00e9aliser plusieurs services \u2014 k\u00e9ratine br\u00e9silienne, finition de nanoplastie, lissage, bouclage et coiffage \u2014 avec un seul outil polyvalent.<\/p>\n<h2 id=\"ergonomic-safe--stylist-focused-design\" class=\"mb-2 mt-4 font-sans font-semimedium visRefresh2026Fonts:font-bold text-base visRefresh2026Fonts:text-lg first:mt-0 md:text-lg [hr+&amp;]:mt-4\">Design ergonomique, s\u00e9curitaire et pens\u00e9 pour les stylistes<\/h2>\n<ul class=\"marker:text-quiet list-disc\">\n<li class=\"py-0 my-0 prose-p:pt-0 prose-p:mb-2 prose-p:my-0 [&amp;&gt;p]:pt-0 [&amp;&gt;p]:mb-2 [&amp;&gt;p]:my-0\">\n<p class=\"my-2 [&amp;+p]:mt-4 [&amp;_strong:has(+br)]:inline-block [&amp;_strong:has(+br)]:pb-2\">Le <strong>design mince et ergonomique<\/strong> r\u00e9duit la tension li\u00e9e aux mouvements r\u00e9p\u00e9titifs, aidant \u00e0 prot\u00e9ger vos poignets, mains et \u00e9paules lors des longues journ\u00e9es de lissage.<\/p>\n<\/li>\n<li class=\"py-0 my-0 prose-p:pt-0 prose-p:mb-2 prose-p:my-0 [&amp;&gt;p]:pt-0 [&amp;&gt;p]:mb-2 [&amp;&gt;p]:my-0\">\n<p class=\"my-2 [&amp;+p]:mt-4 [&amp;_strong:has(+br)]:inline-block [&amp;_strong:has(+br)]:pb-2\">Le <strong>repos-pouce et l\u2019embout thermique<\/strong> offrent une prise plus s\u00e9curitaire pr\u00e8s des plaques, minimisant les risques de br\u00fblure tout en permettant un travail pr\u00e9cis aux racines.<\/p>\n<\/li>\n<li class=\"py-0 my-0 prose-p:pt-0 prose-p:mb-2 prose-p:my-0 [&amp;&gt;p]:pt-0 [&amp;&gt;p]:mb-2 [&amp;&gt;p]:my-0\">\n<p class=\"my-2 [&amp;+p]:mt-4 [&amp;_strong:has(+br)]:inline-block [&amp;_strong:has(+br)]:pb-2\">Les <strong>plaques ionis\u00e9es<\/strong> aident \u00e0 neutraliser l\u2019\u00e9lectricit\u00e9 statique et \u00e0 r\u00e9duire les frisottis, am\u00e9liorant la douceur et la brillance du r\u00e9sultat final.<\/p>\n<\/li>\n<li class=\"py-0 my-0 prose-p:pt-0 prose-p:mb-2 prose-p:my-0 [&amp;&gt;p]:pt-0 [&amp;&gt;p]:mb-2 [&amp;&gt;p]:my-0\">\n<p class=\"my-2 [&amp;+p]:mt-4 [&amp;_strong:has(+br)]:inline-block [&amp;_strong:has(+br)]:pb-2\">Le <strong>cordon rotatif de 3 m<\/strong> offre une libert\u00e9 de mouvement totale autour de la chaise, sans enchev\u00eatrement.<\/p>\n<\/li>\n<\/ul>\n<h2 id=\"built-for-global-professional-use\" class=\"mb-2 mt-4 font-sans font-semimedium visRefresh2026Fonts:font-bold text-base visRefresh2026Fonts:text-lg first:mt-0 md:text-lg [hr+&amp;]:mt-4\">Con\u00e7u pour un usage professionnel \u00e0 l\u2019\u00e9chelle mondiale<\/h2>\n<p class=\"my-2 [&amp;+p]:mt-4 [&amp;_strong:has(+br)]:inline-block [&amp;_strong:has(+br)]:pb-2\">Fabriqu\u00e9 au Br\u00e9sil par <strong>MQ Professional<\/strong>, une marque avec plus de <strong>10 ans d\u2019exp\u00e9rience<\/strong> sur le march\u00e9 beaut\u00e9 br\u00e9silien, le PRO 480 est con\u00e7u pour g\u00e9rer tous les types de cheveux et les syst\u00e8mes \u00e9lectriques modernes. Il dispose du <strong>bi\u2011voltage automatique<\/strong>, ce qui permet de l\u2019utiliser partout dans le monde \u2014 id\u00e9al pour les formatrices, artistes de sc\u00e8ne et stylistes qui voyagent.<\/p>\n<hr class=\"bg-subtle h-px border-0\" \/>\n<h2 class=\"mb-2 mt-4 font-sans font-semimedium visRefresh2026Fonts:font-bold text-base first:mt-0\">Pourquoi les stylistes choisissent le MQ PRO 480<\/h2>\n<ul class=\"marker:text-quiet list-disc\">\n<li class=\"py-0 my-0 prose-p:pt-0 prose-p:mb-2 prose-p:my-0 [&amp;&gt;p]:pt-0 [&amp;&gt;p]:mb-2 [&amp;&gt;p]:my-0\">\n<p class=\"my-2 [&amp;+p]:mt-4 [&amp;_strong:has(+br)]:inline-block [&amp;_strong:has(+br)]:pb-2\">Offre un <strong>vrai lissage \u00e0 la k\u00e9ratine br\u00e9silienne en seulement trois passages<\/strong> jusqu\u2019\u00e0 480 \u00b0F<\/p>\n<\/li>\n<li class=\"py-0 my-0 prose-p:pt-0 prose-p:mb-2 prose-p:my-0 [&amp;&gt;p]:pt-0 [&amp;&gt;p]:mb-2 [&amp;&gt;p]:my-0\">\n<p class=\"my-2 [&amp;+p]:mt-4 [&amp;_strong:has(+br)]:inline-block [&amp;_strong:has(+br)]:pb-2\">Apporte une douceur <strong>de la racine aux pointes<\/strong> gr\u00e2ce aux plaques flottantes en titane de 32 mm<\/p>\n<\/li>\n<li class=\"py-0 my-0 prose-p:pt-0 prose-p:mb-2 prose-p:my-0 [&amp;&gt;p]:pt-0 [&amp;&gt;p]:mb-2 [&amp;&gt;p]:my-0\">\n<p class=\"my-2 [&amp;+p]:mt-4 [&amp;_strong:has(+br)]:inline-block [&amp;_strong:has(+br)]:pb-2\">Propose <strong>17 niveaux de temp\u00e9rature<\/strong> pour r\u00e9pondre \u00e0 tous les types de cheveux et \u00e0 de multiples services<\/p>\n<\/li>\n<li class=\"py-0 my-0 prose-p:pt-0 prose-p:mb-2 prose-p:my-0 [&amp;&gt;p]:pt-0 [&amp;&gt;p]:mb-2 [&amp;&gt;p]:my-0\">\n<p class=\"my-2 [&amp;+p]:mt-4 [&amp;_strong:has(+br)]:inline-block [&amp;_strong:has(+br)]:pb-2\">Prot\u00e8ge la sant\u00e9 des professionnels gr\u00e2ce \u00e0 une forme ergonomique, un appui-pouce et une tension r\u00e9duite sur le poignet<\/p>\n<\/li>\n<li class=\"py-0 my-0 prose-p:pt-0 prose-p:mb-2 prose-p:my-0 [&amp;&gt;p]:pt-0 [&amp;&gt;p]:mb-2 [&amp;&gt;p]:my-0\">\n<p class=\"my-2 [&amp;+p]:mt-4 [&amp;_strong:has(+br)]:inline-block [&amp;_strong:has(+br)]:pb-2\">Construit avec des <strong>composants japonais de haute qualit\u00e9<\/strong> et la technologie MCH pour plus de stabilit\u00e9 et de s\u00e9curit\u00e9<\/p>\n<\/li>\n<li class=\"py-0 my-0 prose-p:pt-0 prose-p:mb-2 prose-p:my-0 [&amp;&gt;p]:pt-0 [&amp;&gt;p]:mb-2 [&amp;&gt;p]:my-0\">\n<p class=\"my-2 [&amp;+p]:mt-4 [&amp;_strong:has(+br)]:inline-block [&amp;_strong:has(+br)]:pb-2\"><strong>Test\u00e9 et approuv\u00e9 par des milliers de professionnels \u00e0 travers le monde<\/strong> et fabriqu\u00e9 au Br\u00e9sil<\/p>\n<\/li>\n<\/ul>\n<p class=\"my-2 [&amp;+p]:mt-4 [&amp;_strong:has(+br)]:inline-block [&amp;_strong:has(+br)]:pb-2\">Utilisez le MQ PRO 480 pour augmenter votre productivit\u00e9, \u00e9largir votre menu de services de lissage et de coiffage et fid\u00e9liser vos clientes avec des r\u00e9sultats br\u00e9siliens impeccables, brillants et des retouches racines parfaites.<\/p>\n<table class=\"tabela-tecnica-table\">\n<thead>\n<tr>\n<th>Sp\u00e9cifications techniques :<\/th>\n<th>FER PLAT MQ PRO 480<\/th>\n<\/tr>\n<\/thead>\n<tbody>\n<tr>\n<td>Mat\u00e9riau des plaques :<\/td>\n<td>Nouvel alliage de titane<\/td>\n<\/tr>\n<tr>\n<td>Temp\u00e9rature minimale :<\/td>\n<td>190 \u00b0F \/ 88 \u00b0C<\/td>\n<\/tr>\n<tr>\n<td>Temp\u00e9rature maximale :<\/td>\n<td>480 \u00b0F \/ 250 \u00b0C<\/td>\n<\/tr>\n<tr>\n<td>R\u00e9glages de temp\u00e9rature :<\/td>\n<td>Oui \u2013 17 niveaux<\/td>\n<\/tr>\n<tr>\n<td>MCH :<\/td>\n<td>Oui \u2013 r\u00e9cup\u00e9ration imm\u00e9diate de la temp\u00e9rature<\/td>\n<\/tr>\n<tr>\n<td>Plaques flottantes :<\/td>\n<td>Oui \u2013 r\u00e9duit la tension sur le poignet et la main<\/td>\n<\/tr>\n<tr>\n<td>Ions :<\/td>\n<td>Plaques ionis\u00e9es<\/td>\n<\/tr>\n<tr>\n<td>Compatible avec progressives :<\/td>\n<td>Oui<\/td>\n<\/tr>\n<tr>\n<td>Affichage DEL :<\/td>\n<td>Oui<\/td>\n<\/tr>\n<tr>\n<td>Taille des plaques :<\/td>\n<td>32 mm<\/td>\n<\/tr>\n<tr>\n<td>Embout thermique :<\/td>\n<td>Oui<\/td>\n<\/tr>\n<tr>\n<td>Puissance :<\/td>\n<td>45W<\/td>\n<\/tr>\n<tr>\n<td>Type de c\u00e2ble :<\/td>\n<td>Rotatif<\/td>\n<\/tr>\n<tr>\n<td>Longueur du c\u00e2ble :<\/td>\n<td>3 m<\/td>\n<\/tr>\n<tr>\n<td>Tension :<\/td>\n<td>Bi\u2011voltage automatique<\/td>\n<\/tr>\n<tr>\n<td>Design :<\/td>\n<td>Ergonomique<\/td>\n<\/tr>\n<tr>\n<td>Couleur :<\/td>\n<td>Gris plomb avec d\u00e9tails rose dor\u00e9<\/td>\n<\/tr>\n<tr>\n<td>Fini :<\/td>\n<td>Lustr\u00e9<\/td>\n<\/tr>\n<tr>\n<td>Dimensions du produit :<\/td>\n<td>32 \u00d7 7 \u00d7 4<\/td>\n<\/tr>\n<tr>\n<td>Poids du produit :<\/td>\n<td>262 g<\/td>\n<\/tr>\n<tr>\n<td>Poids du c\u00e2ble :<\/td>\n<td>205 g<\/td>\n<\/tr>\n<tr>\n<td>Dimensions de l\u2019emballage :<\/td>\n<td>34,3 \u00d7 12 \u00d7 6<\/td>\n<\/tr>\n<tr>\n<td>Poids brut avec emballage :<\/td>\n<td>0,68 kg<\/td>\n<\/tr>\n<tr>\n<td>EAN :<\/td>\n<td>7898657691138<\/td>\n<\/tr>\n<tr>\n<td>Garantie :<\/td>\n<td>6 mois<\/td>\n<\/tr>\n<tr>\n<td>Contenu de l\u2019emballage :<\/td>\n<td>1 fer MQ Pro 480, 1 pochette en velours, 1 manuel et 1 liste de centres autoris\u00e9s<\/td>\n<\/tr>\n<tr>\n<td>Code produit :<\/td>\n<td>2.01.10.010.03<\/td>\n<\/tr>\n<tr>\n<td>Fr\u00e9quence :<\/td>\n<td>50\/60Hz<\/td>\n<\/tr>\n<tr>\n<td>DUN-14 :<\/td>\n<td>17898657691135<\/td>\n<\/tr>\n<tr>\n<td>Mat\u00e9riau du bo\u00eetier :<\/td>\n<td>PA<\/td>\n<\/tr>\n<tr>\n<td>NCM :<\/td>\n<td>8516.32.00<\/td>\n<\/tr>\n<tr>\n<td>CEST :<\/td>\n<td>21.103.00<\/td>\n<\/tr>\n<\/tbody>\n<\/table>\n","protected":false},"excerpt":{"rendered":"<p>Le MQ PRO 480 est un fer plat professionnel en titane con\u00e7u pour le lissage \u00e0 la k\u00e9ratine br\u00e9silienne, atteignant 480 \u00b0F avec des plaques flottantes ultra lisses, 17 niveaux de temp\u00e9rature, la technologie japonaise MCH et un design ergonomique \u2014 offrant un vrai lissage br\u00e9silien en seulement trois passages sur tous les types de cheveux.<\/p>\n","protected":false},"featured_media":17492,"comment_status":"open","ping_status":"closed","template":"","meta":{"_glsr_average":0,"_glsr_ranking":0,"_glsr_reviews":0},"product_brand":[903],"product_cat":[621,623],"product_tag":[],"class_list":{"0":"post-18012","1":"product","2":"type-product","3":"status-publish","4":"has-post-thumbnail","6":"product_brand-mq","7":"product_cat-outils","8":"product_cat-outils-pour-traitement-capillaires","9":"_wholesalex wsx-wholesalex-product","11":"first","12":"instock","13":"featured","14":"taxable","15":"shipping-taxable","16":"purchasable","17":"product-type-simple"},"jetpack_sharing_enabled":true,"_links":{"self":[{"href":"https:\/\/naturalook.shop\/fr\/wp-json\/wp\/v2\/product\/18012","targetHints":{"allow":["GET"]}}],"collection":[{"href":"https:\/\/naturalook.shop\/fr\/wp-json\/wp\/v2\/product"}],"about":[{"href":"https:\/\/naturalook.shop\/fr\/wp-json\/wp\/v2\/types\/product"}],"replies":[{"embeddable":true,"href":"https:\/\/naturalook.shop\/fr\/wp-json\/wp\/v2\/comments?post=18012"}],"version-history":[{"count":2,"href":"https:\/\/naturalook.shop\/fr\/wp-json\/wp\/v2\/product\/18012\/revisions"}],"predecessor-version":[{"id":35405,"href":"https:\/\/naturalook.shop\/fr\/wp-json\/wp\/v2\/product\/18012\/revisions\/35405"}],"wp:featuredmedia":[{"embeddable":true,"href":"https:\/\/naturalook.shop\/fr\/wp-json\/wp\/v2\/media\/17492"}],"wp:attachment":[{"href":"https:\/\/naturalook.shop\/fr\/wp-json\/wp\/v2\/media?parent=18012"}],"wp:term":[{"taxonomy":"product_brand","embeddable":true,"href":"https:\/\/naturalook.shop\/fr\/wp-json\/wp\/v2\/product_brand?post=18012"},{"taxonomy":"product_cat","embeddable":true,"href":"https:\/\/naturalook.shop\/fr\/wp-json\/wp\/v2\/product_cat?post=18012"},{"taxonomy":"product_tag","embeddable":true,"href":"https:\/\/naturalook.shop\/fr\/wp-json\/wp\/v2\/product_tag?post=18012"}],"curies":[{"name":"wp","href":"https:\/\/api.w.org\/{rel}","templated":true}]}}