{"id":18013,"date":"2023-02-09T23:05:48","date_gmt":"2023-02-10T04:05:48","guid":{"rendered":"https:\/\/naturalook.shop\/product\/felps-rp-reconstruction-premium-kit\/"},"modified":"2026-02-16T16:37:29","modified_gmt":"2026-02-16T21:37:29","slug":"felps-rp-reconstruction-premium-kit","status":"publish","type":"product","link":"https:\/\/naturalook.shop\/fr\/produit\/felps-rp-reconstruction-premium-kit\/","title":{"rendered":"Felps &#8211; RP RECONSTRUCTION PREMIUM KIT &#8211; 500ml"},"content":{"rendered":"<p><strong>Le traitement reconstructeur<\/strong> est sp\u00e9cialement formul\u00e9 pour traiter les cheveux tr\u00e8s ab\u00eem\u00e9s, secs et trait\u00e9s chimiquement. Sa formule avanc\u00e9e avec KERESTORE 2.0 p\u00e9n\u00e8tre profond\u00e9ment dans les cheveux pour restaurer les nutriments essentiels, les acides amin\u00e9s, la k\u00e9ratine et les autres composants vitaux pour des cheveux en bonne sant\u00e9. Le r\u00e9sultat est des cheveux nourris, hydrat\u00e9s, reconstruits, restaur\u00e9s et extr\u00eamement brillants sans porosit\u00e9.<\/p>\n<p><strong>Voici comment l&#8217;utiliser :<\/strong><\/p>\n<ul>\n<li><strong>\u00c9tape 1 :<\/strong> Lavez soigneusement les cheveux avec un shampooing clarifiant pour \u00e9liminer tous les r\u00e9sidus.<\/li>\n<li><strong>\u00c9tape 2 :<\/strong> S\u00e9chez les cheveux \u00e0 l&#8217;aide d&#8217;un s\u00e8che-cheveux jusqu&#8217;\u00e0 ce qu&#8217;ils soient environ 20 % secs (sans eau qui coule).<\/li>\n<li><strong>\u00c9tape 3 :<\/strong> Appliquez une fine couche du produit \u00c9tape #1 uniform\u00e9ment sur toute la chevelure.<\/li>\n<li><strong>\u00c9tape 4 :<\/strong> Utilisez un outil infrarouge en passant sur chaque m\u00e8che environ 5 fois pour une meilleure p\u00e9n\u00e9tration.<\/li>\n<li><strong>\u00c9tape 5 :<\/strong> Laissez le produit agir pendant 10 \u00e0 20 minutes.<\/li>\n<li><strong>\u00c9tape 6 :<\/strong> Ne rincez pas; laissez le produit sur les cheveux.<\/li>\n<li><strong>\u00c9tape 7 :<\/strong> Appliquez le produit \u00c9tape #2 et couvrez les cheveux avec un bonnet chauffant.<\/li>\n<li><strong>\u00c9tape 8 :<\/strong> Laissez le traitement agir pendant environ 30 minutes.<\/li>\n<li><strong>\u00c9tape 9 :<\/strong> Rincez soigneusement les cheveux pour enlever tout le produit.<\/li>\n<li><strong>\u00c9tape 10 :<\/strong> Appliquez un masque r\u00e9g\u00e9n\u00e9rant (par exemple, R\u00e9g\u00e9n\u00e9rer ou un masque Felps) et un apr\u00e8s-shampooing, en le laissant agir 5 \u00e0 10 minutes.<\/li>\n<li><strong>\u00c9tape 11 :<\/strong> Rincez de nouveau et s\u00e9chez les cheveux avec un s\u00e8che-cheveux. Ne pas utiliser de fer \u00e0 lisser.<\/li>\n<\/ul>\n<p><strong>Remarque :<\/strong> Si vous faites un traitement chimique, vous n&#8217;avez pas besoin de laver vos cheveux avant de commencer le traitement.<\/p>\n","protected":false},"excerpt":{"rendered":"<p>CHEVEUX NOURRIS, HYDRAT\u00c9S, RECONSTRUITS, RESTAUR\u00c9S ET BRILLANTS SANS POROSIT\u00c9<\/p>\n","protected":false},"featured_media":33150,"comment_status":"open","ping_status":"closed","template":"","meta":{"_glsr_average":0,"_glsr_ranking":0,"_glsr_reviews":0},"product_brand":[900],"product_cat":[618,620],"product_tag":[],"class_list":{"0":"post-18013","1":"product","2":"type-product","3":"status-publish","4":"has-post-thumbnail","6":"product_brand-felps","7":"product_cat-traitements-reparateurs","8":"product_cat-cold-recovery-fr","9":"_wholesalex wsx-wholesalex-product","11":"first","12":"instock","13":"taxable","14":"shipping-taxable","15":"product-type-simple"},"jetpack_sharing_enabled":true,"_links":{"self":[{"href":"https:\/\/naturalook.shop\/fr\/wp-json\/wp\/v2\/product\/18013","targetHints":{"allow":["GET"]}}],"collection":[{"href":"https:\/\/naturalook.shop\/fr\/wp-json\/wp\/v2\/product"}],"about":[{"href":"https:\/\/naturalook.shop\/fr\/wp-json\/wp\/v2\/types\/product"}],"replies":[{"embeddable":true,"href":"https:\/\/naturalook.shop\/fr\/wp-json\/wp\/v2\/comments?post=18013"}],"version-history":[{"count":1,"href":"https:\/\/naturalook.shop\/fr\/wp-json\/wp\/v2\/product\/18013\/revisions"}],"predecessor-version":[{"id":34184,"href":"https:\/\/naturalook.shop\/fr\/wp-json\/wp\/v2\/product\/18013\/revisions\/34184"}],"wp:featuredmedia":[{"embeddable":true,"href":"https:\/\/naturalook.shop\/fr\/wp-json\/wp\/v2\/media\/33150"}],"wp:attachment":[{"href":"https:\/\/naturalook.shop\/fr\/wp-json\/wp\/v2\/media?parent=18013"}],"wp:term":[{"taxonomy":"product_brand","embeddable":true,"href":"https:\/\/naturalook.shop\/fr\/wp-json\/wp\/v2\/product_brand?post=18013"},{"taxonomy":"product_cat","embeddable":true,"href":"https:\/\/naturalook.shop\/fr\/wp-json\/wp\/v2\/product_cat?post=18013"},{"taxonomy":"product_tag","embeddable":true,"href":"https:\/\/naturalook.shop\/fr\/wp-json\/wp\/v2\/product_tag?post=18013"}],"curies":[{"name":"wp","href":"https:\/\/api.w.org\/{rel}","templated":true}]}}