{"id":18015,"date":"2023-02-09T23:05:22","date_gmt":"2023-02-10T04:05:22","guid":{"rendered":"https:\/\/naturalook.shop\/product\/felps-kit-de-melange\/"},"modified":"2026-02-16T16:37:29","modified_gmt":"2026-02-16T21:37:29","slug":"felps-kit-de-melange","status":"publish","type":"product","link":"https:\/\/naturalook.shop\/fr\/produit\/felps-kit-de-melange\/","title":{"rendered":"Felps &#8211; KIT DE M\u00c9LANGE"},"content":{"rendered":"<p><strong>Le kit de m\u00e9lange Felps<\/strong> comprend trois outils de coiffure qui peuvent \u00eatre utilis\u00e9s pour m\u00e9langer et appliquer de la teinture capillaire ou d&#8217;autres produits capillaires. Voici une br\u00e8ve description de chaque article :<\/p>\n<ol>\n<li><strong>Bol de m\u00e9lange:<\/strong> Ce bol est utilis\u00e9 pour m\u00e9langer la teinture capillaire ou d&#8217;autres produits capillaires. Il est en plastique et a une surface lisse qui facilite le m\u00e9lange des ingr\u00e9dients.<\/li>\n<li><strong>Spatule:<\/strong> La spatule est un outil plat qui est utilis\u00e9 pour prendre et m\u00e9langer la teinture capillaire ou d&#8217;autres produits capillaires dans le bol de m\u00e9lange. Elle a une longue poign\u00e9e qui facilite l&#8217;acc\u00e8s au fond du bol, et une extr\u00e9mit\u00e9 plate qui peut \u00eatre utilis\u00e9e pour m\u00e9langer et m\u00e9langer les ingr\u00e9dients ensemble.<\/li>\n<li><strong>Brosse:<\/strong> La brosse est un outil qui est utilis\u00e9 pour appliquer la teinture capillaire ou d&#8217;autres produits capillaires sur les cheveux. Elle a des poils doux qui peuvent \u00eatre utilis\u00e9s pour r\u00e9partir le produit uniform\u00e9ment dans les cheveux. La poign\u00e9e de la brosse est en plastique, et peut \u00eatre facilement nettoy\u00e9e et r\u00e9utilis\u00e9e.<\/li>\n<\/ol>\n","protected":false},"excerpt":{"rendered":"<p>BOL DE M\u00c9LANGE, SPATULE, PINCEAU<\/p>\n","protected":false},"featured_media":17187,"comment_status":"open","ping_status":"closed","template":"","meta":{"_glsr_average":0,"_glsr_ranking":0,"_glsr_reviews":0},"product_brand":[900],"product_cat":[621,623],"product_tag":[],"class_list":{"0":"post-18015","1":"product","2":"type-product","3":"status-publish","4":"has-post-thumbnail","6":"product_brand-felps","7":"product_cat-outils","8":"product_cat-outils-pour-traitement-capillaires","9":"_wholesalex wsx-wholesalex-product","11":"first","12":"outofstock","13":"taxable","14":"shipping-taxable","15":"purchasable","16":"product-type-simple"},"jetpack_sharing_enabled":true,"_links":{"self":[{"href":"https:\/\/naturalook.shop\/fr\/wp-json\/wp\/v2\/product\/18015","targetHints":{"allow":["GET"]}}],"collection":[{"href":"https:\/\/naturalook.shop\/fr\/wp-json\/wp\/v2\/product"}],"about":[{"href":"https:\/\/naturalook.shop\/fr\/wp-json\/wp\/v2\/types\/product"}],"replies":[{"embeddable":true,"href":"https:\/\/naturalook.shop\/fr\/wp-json\/wp\/v2\/comments?post=18015"}],"version-history":[{"count":1,"href":"https:\/\/naturalook.shop\/fr\/wp-json\/wp\/v2\/product\/18015\/revisions"}],"predecessor-version":[{"id":34185,"href":"https:\/\/naturalook.shop\/fr\/wp-json\/wp\/v2\/product\/18015\/revisions\/34185"}],"wp:featuredmedia":[{"embeddable":true,"href":"https:\/\/naturalook.shop\/fr\/wp-json\/wp\/v2\/media\/17187"}],"wp:attachment":[{"href":"https:\/\/naturalook.shop\/fr\/wp-json\/wp\/v2\/media?parent=18015"}],"wp:term":[{"taxonomy":"product_brand","embeddable":true,"href":"https:\/\/naturalook.shop\/fr\/wp-json\/wp\/v2\/product_brand?post=18015"},{"taxonomy":"product_cat","embeddable":true,"href":"https:\/\/naturalook.shop\/fr\/wp-json\/wp\/v2\/product_cat?post=18015"},{"taxonomy":"product_tag","embeddable":true,"href":"https:\/\/naturalook.shop\/fr\/wp-json\/wp\/v2\/product_tag?post=18015"}],"curies":[{"name":"wp","href":"https:\/\/api.w.org\/{rel}","templated":true}]}}