{"id":18018,"date":"2023-02-09T23:05:19","date_gmt":"2023-02-10T04:05:19","guid":{"rendered":"https:\/\/naturalook.shop\/product\/gant-resistant-a-la-chaleur-pour-coiffeur-a-trois-doigts\/"},"modified":"2025-02-13T09:16:06","modified_gmt":"2025-02-13T14:16:06","slug":"gant-resistant-a-la-chaleur-pour-coiffeur-a-trois-doigts","status":"publish","type":"product","link":"https:\/\/naturalook.shop\/fr\/produit\/gant-resistant-a-la-chaleur-pour-coiffeur-a-trois-doigts\/","title":{"rendered":"GANT R\u00c9SISTANT \u00c0 LA CHALEUR POUR COIFFEUR \u00c0 TROIS DOIGTS"},"content":{"rendered":"<p>Ce <strong>gant r\u00e9sistant \u00e0 la chaleur<\/strong> est con\u00e7u pour \u00eatre utilis\u00e9 avec les lisseurs et les fers \u00e0 friser. Avec trois doigts, il permet une plus grande dext\u00e9rit\u00e9 et un meilleur contr\u00f4le lors du coiffage des cheveux. Fabriqu\u00e9 avec des mat\u00e9riaux r\u00e9sistants \u00e0 la chaleur de haute qualit\u00e9, il offre une protection et un confort optimaux pendant le coiffage.<\/p>\n<p>Le produit est fabriqu\u00e9 \u00e0 partir d&#8217;une combinaison de fibres et de coton, et est disponible en couleur noire.<\/p>\n","protected":false},"excerpt":{"rendered":"<p>CON\u00c7U POUR \u00caTRE UTILIS\u00c9 AVEC DES FER \u00c0 LISSER ET DES FER \u00c0 FRISER<\/p>\n","protected":false},"featured_media":17500,"comment_status":"open","ping_status":"closed","template":"","meta":{"_glsr_average":0,"_glsr_ranking":0,"_glsr_reviews":0},"product_brand":[],"product_cat":[621,623],"product_tag":[],"class_list":{"0":"post-18018","1":"product","2":"type-product","3":"status-publish","4":"has-post-thumbnail","6":"product_cat-outils","7":"product_cat-outils-pour-traitement-capillaires","8":"_wholesalex wsx-wholesalex-product","10":"first","11":"instock","12":"taxable","13":"shipping-taxable","14":"purchasable","15":"product-type-simple"},"jetpack_sharing_enabled":true,"_links":{"self":[{"href":"https:\/\/naturalook.shop\/fr\/wp-json\/wp\/v2\/product\/18018","targetHints":{"allow":["GET"]}}],"collection":[{"href":"https:\/\/naturalook.shop\/fr\/wp-json\/wp\/v2\/product"}],"about":[{"href":"https:\/\/naturalook.shop\/fr\/wp-json\/wp\/v2\/types\/product"}],"replies":[{"embeddable":true,"href":"https:\/\/naturalook.shop\/fr\/wp-json\/wp\/v2\/comments?post=18018"}],"version-history":[{"count":0,"href":"https:\/\/naturalook.shop\/fr\/wp-json\/wp\/v2\/product\/18018\/revisions"}],"wp:featuredmedia":[{"embeddable":true,"href":"https:\/\/naturalook.shop\/fr\/wp-json\/wp\/v2\/media\/17500"}],"wp:attachment":[{"href":"https:\/\/naturalook.shop\/fr\/wp-json\/wp\/v2\/media?parent=18018"}],"wp:term":[{"taxonomy":"product_brand","embeddable":true,"href":"https:\/\/naturalook.shop\/fr\/wp-json\/wp\/v2\/product_brand?post=18018"},{"taxonomy":"product_cat","embeddable":true,"href":"https:\/\/naturalook.shop\/fr\/wp-json\/wp\/v2\/product_cat?post=18018"},{"taxonomy":"product_tag","embeddable":true,"href":"https:\/\/naturalook.shop\/fr\/wp-json\/wp\/v2\/product_tag?post=18018"}],"curies":[{"name":"wp","href":"https:\/\/api.w.org\/{rel}","templated":true}]}}