{"id":18020,"date":"2023-02-09T23:05:00","date_gmt":"2023-02-10T04:05:00","guid":{"rendered":"https:\/\/naturalook.shop\/product\/felps-omega-zero-acai-oil-conditioner-250ml\/"},"modified":"2026-02-16T16:37:30","modified_gmt":"2026-02-16T21:37:30","slug":"felps-omega-zero-acai-oil-conditioner-250ml","status":"publish","type":"product","link":"https:\/\/naturalook.shop\/fr\/produit\/felps-omega-zero-acai-oil-conditioner-250ml\/","title":{"rendered":"Felps &#8211; OMEGA ZERO ACAI OIL CONDITIONER &#8211; 250ml"},"content":{"rendered":"<p><strong>Le revitalisant Felps Acai<\/strong> est un produit sp\u00e9cialement con\u00e7u pour fournir la nutrition, l&#8217;hydratation et l&#8217;\u00e9quilibre n\u00e9cessaires aux cheveux trait\u00e9s chimiquement. Enrichi en antioxydants et en vitamines B1 et B2, ce revitalisant nourrit et renforce les cheveux, les laissant sains et vibrants.<\/p>\n<p><strong>Ingr\u00e9dients cl\u00e9s :<\/strong> L&#8217;huile d&#8217;a\u00e7a\u00ef, riche en vitamines B1 et B2, offre une action nourrissante et antioxydante.<\/p>\n<p><strong>Mode d&#8217;emploi :<\/strong><\/p>\n<ol>\n<li style=\"list-style-type: none;\">\n<ol>\n<li>Appliquez le shampooing sur les cheveux mouill\u00e9s, massez doucement et rincez abondamment.<\/li>\n<li>Apr\u00e8s le shampooing, appliquez le revitalisant, laissez agir quelques minutes, puis rincez-le.<\/li>\n<li>Une fois que les cheveux sont nettoy\u00e9s et conditionn\u00e9s, appliquez le Leave-in sur les cheveux mouill\u00e9s et coiffez-les selon vos souhaits.<\/li>\n<\/ol>\n<\/li>\n<\/ol>\n","protected":false},"excerpt":{"rendered":"<p>FOURNIT LA NUTRITION, L&#8217;HYDRATATION ET L&#8217;\u00c9QUILIBRE N\u00c9CESSAIRES POUR LES CHEVEUX TRAIT\u00c9S CHIMIQUEMENT<\/p>\n","protected":false},"featured_media":33153,"comment_status":"open","ping_status":"closed","template":"","meta":{"_glsr_average":0,"_glsr_ranking":0,"_glsr_reviews":0},"product_brand":[900],"product_cat":[610],"product_tag":[],"class_list":{"0":"post-18020","1":"product","2":"type-product","3":"status-publish","4":"has-post-thumbnail","6":"product_brand-felps","7":"product_cat-revitalisant","8":"_wholesalex wsx-wholesalex-product","10":"first","11":"outofstock","12":"sale","13":"taxable","14":"shipping-taxable","15":"purchasable","16":"product-type-simple"},"jetpack_sharing_enabled":true,"_links":{"self":[{"href":"https:\/\/naturalook.shop\/fr\/wp-json\/wp\/v2\/product\/18020","targetHints":{"allow":["GET"]}}],"collection":[{"href":"https:\/\/naturalook.shop\/fr\/wp-json\/wp\/v2\/product"}],"about":[{"href":"https:\/\/naturalook.shop\/fr\/wp-json\/wp\/v2\/types\/product"}],"replies":[{"embeddable":true,"href":"https:\/\/naturalook.shop\/fr\/wp-json\/wp\/v2\/comments?post=18020"}],"version-history":[{"count":1,"href":"https:\/\/naturalook.shop\/fr\/wp-json\/wp\/v2\/product\/18020\/revisions"}],"predecessor-version":[{"id":34186,"href":"https:\/\/naturalook.shop\/fr\/wp-json\/wp\/v2\/product\/18020\/revisions\/34186"}],"wp:featuredmedia":[{"embeddable":true,"href":"https:\/\/naturalook.shop\/fr\/wp-json\/wp\/v2\/media\/33153"}],"wp:attachment":[{"href":"https:\/\/naturalook.shop\/fr\/wp-json\/wp\/v2\/media?parent=18020"}],"wp:term":[{"taxonomy":"product_brand","embeddable":true,"href":"https:\/\/naturalook.shop\/fr\/wp-json\/wp\/v2\/product_brand?post=18020"},{"taxonomy":"product_cat","embeddable":true,"href":"https:\/\/naturalook.shop\/fr\/wp-json\/wp\/v2\/product_cat?post=18020"},{"taxonomy":"product_tag","embeddable":true,"href":"https:\/\/naturalook.shop\/fr\/wp-json\/wp\/v2\/product_tag?post=18020"}],"curies":[{"name":"wp","href":"https:\/\/api.w.org\/{rel}","templated":true}]}}