{"id":18021,"date":"2023-02-09T23:05:00","date_gmt":"2023-02-10T04:05:00","guid":{"rendered":"https:\/\/naturalook.shop\/product\/felps-omega-zero-acai-oil-shampoo-250ml\/"},"modified":"2026-02-16T16:37:30","modified_gmt":"2026-02-16T21:37:30","slug":"felps-omega-zero-acai-oil-shampoo-250ml","status":"publish","type":"product","link":"https:\/\/naturalook.shop\/fr\/produit\/felps-omega-zero-acai-oil-shampoo-250ml\/","title":{"rendered":"Felps &#8211; OMEGA ZERO ACAI OIL SHAMPOO &#8211; 250ml"},"content":{"rendered":"<p><strong>Felps Omega Zero Acai Oil After Care<\/strong> fait partie de la gamme Felps Acai Home Care, sp\u00e9cialement formul\u00e9e pour fournir tous les nutriments, l&#8217;hydratation et l&#8217;\u00e9quilibre dont vos cheveux ont besoin. Cette formule innovante contient des antioxydants et des vitamines B1 et B2 qui aident \u00e0 nourrir et \u00e0 prot\u00e9ger vos cheveux. Il est recommand\u00e9 de l&#8217;utiliser apr\u00e8s les proc\u00e9dures chimiques, en particulier apr\u00e8s les traitements de nanoplastie.<\/p>\n<p><strong>Avantages :<\/strong><\/p>\n<ul>\n<li>L&#8217;huile d&#8217;a\u00e7a\u00ef, riche en vitamines B1 et B2, offre une action nourrissante et antioxydante.<\/li>\n<\/ul>\n<p><strong>Mode d&#8217;emploi :<\/strong><\/p>\n<ol>\n<li>Appliquez le shampooing sur cheveux mouill\u00e9s, massez doucement, puis rincez abondamment.<\/li>\n<li>Apr\u00e8s le shampooing, appliquez le revitalisant, massez doucement, puis rincez abondamment.<\/li>\n<li>Apr\u00e8s avoir nettoy\u00e9 vos cheveux avec le shampooing et le revitalisant, appliquez le Leave-in sur cheveux mouill\u00e9s. Coiffez vos cheveux comme vous le souhaitez.<\/li>\n<\/ol>\n","protected":false},"excerpt":{"rendered":"<p>TRAITEMENT POST-CHIMIQUE RECOMMAND\u00c9, EN PARTICULIER APR\u00c8S NANOPLASTIE<\/p>\n","protected":false},"featured_media":33156,"comment_status":"open","ping_status":"closed","template":"","meta":{"_glsr_average":0,"_glsr_ranking":0,"_glsr_reviews":0},"product_brand":[900],"product_cat":[614],"product_tag":[],"class_list":{"0":"post-18021","1":"product","2":"type-product","3":"status-publish","4":"has-post-thumbnail","6":"product_brand-felps","7":"product_cat-shampooing","8":"_wholesalex wsx-wholesalex-product","10":"first","11":"outofstock","12":"sale","13":"taxable","14":"shipping-taxable","15":"purchasable","16":"product-type-simple"},"jetpack_sharing_enabled":true,"_links":{"self":[{"href":"https:\/\/naturalook.shop\/fr\/wp-json\/wp\/v2\/product\/18021","targetHints":{"allow":["GET"]}}],"collection":[{"href":"https:\/\/naturalook.shop\/fr\/wp-json\/wp\/v2\/product"}],"about":[{"href":"https:\/\/naturalook.shop\/fr\/wp-json\/wp\/v2\/types\/product"}],"replies":[{"embeddable":true,"href":"https:\/\/naturalook.shop\/fr\/wp-json\/wp\/v2\/comments?post=18021"}],"version-history":[{"count":1,"href":"https:\/\/naturalook.shop\/fr\/wp-json\/wp\/v2\/product\/18021\/revisions"}],"predecessor-version":[{"id":34187,"href":"https:\/\/naturalook.shop\/fr\/wp-json\/wp\/v2\/product\/18021\/revisions\/34187"}],"wp:featuredmedia":[{"embeddable":true,"href":"https:\/\/naturalook.shop\/fr\/wp-json\/wp\/v2\/media\/33156"}],"wp:attachment":[{"href":"https:\/\/naturalook.shop\/fr\/wp-json\/wp\/v2\/media?parent=18021"}],"wp:term":[{"taxonomy":"product_brand","embeddable":true,"href":"https:\/\/naturalook.shop\/fr\/wp-json\/wp\/v2\/product_brand?post=18021"},{"taxonomy":"product_cat","embeddable":true,"href":"https:\/\/naturalook.shop\/fr\/wp-json\/wp\/v2\/product_cat?post=18021"},{"taxonomy":"product_tag","embeddable":true,"href":"https:\/\/naturalook.shop\/fr\/wp-json\/wp\/v2\/product_tag?post=18021"}],"curies":[{"name":"wp","href":"https:\/\/api.w.org\/{rel}","templated":true}]}}