{"id":18022,"date":"2023-02-09T23:04:00","date_gmt":"2023-02-10T04:04:00","guid":{"rendered":"https:\/\/naturalook.shop\/product\/felps-brazilian-nuts-keratin-duo-1-l\/"},"modified":"2026-02-16T16:37:31","modified_gmt":"2026-02-16T21:37:31","slug":"felps-brazilian-nuts-keratin-duo-1-l","status":"publish","type":"product","link":"https:\/\/naturalook.shop\/fr\/produit\/felps-brazilian-nuts-keratin-duo-1-l\/","title":{"rendered":"Felps &#8211; BRAZILIAN NUTS KERATIN DUO &#8211; 1 L"},"content":{"rendered":"<p>Pr\u00e9sentation du traitement <strong>Brazilian Nuts Keratin Thermal Sealing<\/strong>, un produit r\u00e9volutionnaire pour les soins capillaires enrichi en k\u00e9ratine hydrolys\u00e9e, en om\u00e9ga-3, en acides gras et en huile de macadamia, qui aide \u00e0 nourrir et restructurer les cheveux, favorisant la sant\u00e9, la force et la brillance. Adapt\u00e9 \u00e0 tous les types de cheveux, cette ligne de produits contient des graines s\u00e9lectionn\u00e9es de la jungle amazonienne br\u00e9silienne, notamment des noix du Br\u00e9sil, qui offrent des bienfaits naturels et efficaces.<\/p>\n<p>\u00c9tape 1: Shampooing Clarifiant<br \/>\nLe shampooing clarifiant Felps Brazilian Nuts Keratin nettoie en profondeur les cheveux, \u00e9liminant les r\u00e9sidus lourds et les pr\u00e9parant pour le traitement Thermal Sealing. Il assure une meilleure absorption du produit dans les cheveux et laisse les cuticules propres.<\/p>\n<p>\u00c9tape 2: Traitement Thermal Sealing<br \/>\nLe traitement Thermal Sealing de k\u00e9ratine br\u00e9silienne \u00e0 base de noix est un traitement professionnel de lissage des cheveux qui offre un look naturel, des mouvements lisses et une belle brillance. Il fonctionne en alignant les cuticules des cheveux, les rendant plus droits, plus hydrat\u00e9s et plus sains.<\/p>\n<p>Mode d&#8217;emploi:<\/p>\n<ul>\n<li><strong>\u00c9tape 1 :<\/strong> Lavez les cheveux 1 \u00e0 2 fois avec un shampooing clarifiant (\u00c9tape 1) pour \u00e9liminer les r\u00e9sidus et pr\u00e9parer les cheveux au traitement.<\/li>\n<li><strong>\u00c9tape 2 :<\/strong> S\u00e9chez les cheveux compl\u00e8tement ou presque compl\u00e8tement \u00e0 l&#8217;aide d&#8217;un s\u00e8che-cheveux.<\/li>\n<li><strong>\u00c9tape 3 :<\/strong> Appliquez la K\u00e9ratine (\u00c9tape 2) uniform\u00e9ment, en veillant \u00e0 ce qu&#8217;une fine couche recouvre chaque m\u00e8che tout en \u00e9vitant les racines.<\/li>\n<li><strong>\u00c9tape 4 :<\/strong> Laissez le produit agir pendant 30 \u00e0 45 minutes pour qu&#8217;il p\u00e9n\u00e8tre la structure capillaire. Le temps d\u00e9pend de la texture des cheveux.<\/li>\n<li><strong>\u00c9tape 5 :<\/strong> Ne pas rincer.<\/li>\n<li><strong>\u00c9tape 6 :<\/strong> S\u00e9chez les cheveux \u00e0 100 % pour qu&#8217;ils soient compl\u00e8tement secs.<\/li>\n<li><strong>\u00c9tape 7 :<\/strong> Scellez le traitement \u00e0 l&#8217;aide d&#8217;un fer \u00e0 lisser, en ajustant la temp\u00e9rature selon le niveau de dommages des cheveux.<\/li>\n<\/ul>\n\t\t<div data-elementor-type=\"wp-post\" data-elementor-id=\"21671\" class=\"elementor elementor-21671 elementor-21667\" data-elementor-settings=\"{&quot;ha_cmc_init_switcher&quot;:&quot;no&quot;}\">\n\t\t\t\t\t\t<section class=\"wd-negative-gap elementor-section elementor-top-section elementor-element elementor-element-299907a elementor-section-boxed elementor-section-height-default elementor-section-height-default\" data-id=\"299907a\" data-element_type=\"section\" data-settings=\"{&quot;_ha_eqh_enable&quot;:false}\">\n\t\t\t\t\t\t<div class=\"elementor-container elementor-column-gap-default\">\n\t\t\t\t\t<div class=\"elementor-column elementor-col-100 elementor-top-column elementor-element elementor-element-83f7bd2\" data-id=\"83f7bd2\" data-element_type=\"column\">\n\t\t\t<div class=\"elementor-widget-wrap elementor-element-populated\">\n\t\t\t\t\t\t<div class=\"elementor-element elementor-element-22c4fc7 elementor-widget elementor-widget-wd_image_or_svg\" data-id=\"22c4fc7\" data-element_type=\"widget\" data-widget_type=\"wd_image_or_svg.default\">\n\t\t\t\t<div class=\"elementor-widget-container\">\n\t\t\t\t\t\n\t\t<div class=\"wd-image text-left\">\n\t\t\t\t\t\t\t\t<img loading=\"lazy\" decoding=\"async\" width=\"1234\" height=\"537\" src=\"https:\/\/naturalook.shop\/wp-content\/uploads\/2023\/04\/keratin-nano-fr.png\" class=\"attachment-full size-full\" alt=\"\" srcset=\"https:\/\/naturalook.shop\/wp-content\/uploads\/2023\/04\/keratin-nano-fr.png 1234w, https:\/\/naturalook.shop\/wp-content\/uploads\/2023\/04\/keratin-nano-fr-430x187.png 430w, https:\/\/naturalook.shop\/wp-content\/uploads\/2023\/04\/keratin-nano-fr-150x65.png 150w, https:\/\/naturalook.shop\/wp-content\/uploads\/2023\/04\/keratin-nano-fr-900x392.png 900w, https:\/\/naturalook.shop\/wp-content\/uploads\/2023\/04\/keratin-nano-fr-400x174.png 400w, https:\/\/naturalook.shop\/wp-content\/uploads\/2023\/04\/keratin-nano-fr-768x334.png 768w, https:\/\/naturalook.shop\/wp-content\/uploads\/2023\/04\/keratin-nano-fr-860x374.png 860w\" sizes=\"auto, (max-width: 1234px) 100vw, 1234px\" \/>\t\t\t\t\t<\/div>\n\n\t\t\t\t\t\t<\/div>\n\t\t\t\t<\/div>\n\t\t\t\t\t<\/div>\n\t\t<\/div>\n\t\t\t\t\t<\/div>\n\t\t<\/section>\n\t\t\t\t<section class=\"wd-negative-gap elementor-section elementor-top-section elementor-element elementor-element-922392a elementor-section-boxed elementor-section-height-default elementor-section-height-default\" data-id=\"922392a\" data-element_type=\"section\" data-settings=\"{&quot;_ha_eqh_enable&quot;:false}\">\n\t\t\t\t\t\t<div class=\"elementor-container elementor-column-gap-default\">\n\t\t\t\t\t<div class=\"elementor-column elementor-col-100 elementor-top-column elementor-element elementor-element-57cd046\" data-id=\"57cd046\" data-element_type=\"column\">\n\t\t\t<div class=\"elementor-widget-wrap elementor-element-populated\">\n\t\t\t\t\t\t<div class=\"elementor-element elementor-element-4ea3078 elementor-widget elementor-widget-wd_image_or_svg\" data-id=\"4ea3078\" data-element_type=\"widget\" data-widget_type=\"wd_image_or_svg.default\">\n\t\t\t\t<div class=\"elementor-widget-container\">\n\t\t\t\t\t\n\t\t<div class=\"wd-image text-left\">\n\t\t\t\t\t\t\t\t<img loading=\"lazy\" decoding=\"async\" width=\"1974\" height=\"2560\" src=\"https:\/\/naturalook.shop\/wp-content\/uploads\/2025\/02\/FELPS-keratin-nano-FR-scaled.jpg\" class=\"attachment-full size-full\" alt=\"\" srcset=\"https:\/\/naturalook.shop\/wp-content\/uploads\/2025\/02\/FELPS-keratin-nano-FR-scaled.jpg 1974w, https:\/\/naturalook.shop\/wp-content\/uploads\/2025\/02\/FELPS-keratin-nano-FR-scaled-430x558.jpg 430w, https:\/\/naturalook.shop\/wp-content\/uploads\/2025\/02\/FELPS-keratin-nano-FR-scaled-150x195.jpg 150w, https:\/\/naturalook.shop\/wp-content\/uploads\/2025\/02\/FELPS-keratin-nano-FR-scaled-900x1167.jpg 900w, https:\/\/naturalook.shop\/wp-content\/uploads\/2025\/02\/FELPS-keratin-nano-FR-231x300.jpg 231w, https:\/\/naturalook.shop\/wp-content\/uploads\/2025\/02\/FELPS-keratin-nano-FR-617x800.jpg 617w, https:\/\/naturalook.shop\/wp-content\/uploads\/2025\/02\/FELPS-keratin-nano-FR-768x996.jpg 768w, https:\/\/naturalook.shop\/wp-content\/uploads\/2025\/02\/FELPS-keratin-nano-FR-1184x1536.jpg 1184w, https:\/\/naturalook.shop\/wp-content\/uploads\/2025\/02\/FELPS-keratin-nano-FR-1579x2048.jpg 1579w, https:\/\/naturalook.shop\/wp-content\/uploads\/2025\/02\/FELPS-keratin-nano-FR-1320x1712.jpg 1320w\" sizes=\"auto, (max-width: 1974px) 100vw, 1974px\" \/>\t\t\t\t\t<\/div>\n\n\t\t\t\t\t\t<\/div>\n\t\t\t\t<\/div>\n\t\t\t\t\t<\/div>\n\t\t<\/div>\n\t\t\t\t\t<\/div>\n\t\t<\/section>\n\t\t\t\t<\/div>\n\t\t\n","protected":false},"excerpt":{"rendered":"<p>LAISSE LES CHEVEUX DROITS, LISSES ET AVEC UN ASPECT NATUREL<\/p>\n","protected":false},"featured_media":33159,"comment_status":"open","ping_status":"closed","template":"","meta":{"_glsr_average":0,"_glsr_ranking":0,"_glsr_reviews":0},"product_brand":[900],"product_cat":[81],"product_tag":[],"class_list":{"0":"post-18022","1":"product","2":"type-product","3":"status-publish","4":"has-post-thumbnail","6":"product_brand-felps","7":"product_cat-traitement-a-la-keratine","8":"_wholesalex wsx-wholesalex-product","10":"first","11":"instock","12":"featured","13":"taxable","14":"shipping-taxable","15":"product-type-simple"},"jetpack_sharing_enabled":true,"_links":{"self":[{"href":"https:\/\/naturalook.shop\/fr\/wp-json\/wp\/v2\/product\/18022","targetHints":{"allow":["GET"]}}],"collection":[{"href":"https:\/\/naturalook.shop\/fr\/wp-json\/wp\/v2\/product"}],"about":[{"href":"https:\/\/naturalook.shop\/fr\/wp-json\/wp\/v2\/types\/product"}],"replies":[{"embeddable":true,"href":"https:\/\/naturalook.shop\/fr\/wp-json\/wp\/v2\/comments?post=18022"}],"version-history":[{"count":1,"href":"https:\/\/naturalook.shop\/fr\/wp-json\/wp\/v2\/product\/18022\/revisions"}],"predecessor-version":[{"id":34188,"href":"https:\/\/naturalook.shop\/fr\/wp-json\/wp\/v2\/product\/18022\/revisions\/34188"}],"wp:featuredmedia":[{"embeddable":true,"href":"https:\/\/naturalook.shop\/fr\/wp-json\/wp\/v2\/media\/33159"}],"wp:attachment":[{"href":"https:\/\/naturalook.shop\/fr\/wp-json\/wp\/v2\/media?parent=18022"}],"wp:term":[{"taxonomy":"product_brand","embeddable":true,"href":"https:\/\/naturalook.shop\/fr\/wp-json\/wp\/v2\/product_brand?post=18022"},{"taxonomy":"product_cat","embeddable":true,"href":"https:\/\/naturalook.shop\/fr\/wp-json\/wp\/v2\/product_cat?post=18022"},{"taxonomy":"product_tag","embeddable":true,"href":"https:\/\/naturalook.shop\/fr\/wp-json\/wp\/v2\/product_tag?post=18022"}],"curies":[{"name":"wp","href":"https:\/\/api.w.org\/{rel}","templated":true}]}}