{"id":18024,"date":"2023-02-09T23:03:59","date_gmt":"2023-02-10T04:03:59","guid":{"rendered":"https:\/\/naturalook.shop\/product\/bouteille-pulverisatrice-a-brume-fine\/"},"modified":"2026-04-29T14:34:58","modified_gmt":"2026-04-29T18:34:58","slug":"bouteille-pulverisatrice-a-brume-fine","status":"publish","type":"product","link":"https:\/\/naturalook.shop\/fr\/produit\/bouteille-pulverisatrice-a-brume-fine\/","title":{"rendered":"BOUTEILLE PULV\u00c9RISATRICE \u00c0 BRUME FINE"},"content":{"rendered":"<p>Pr\u00e9sentation de la <strong>Bouteille Pulv\u00e9risatrice \u00e0 Brume Fine pour Coiffure<\/strong>, un outil indispensable pour les salons de coiffure et les barbiers. Son motif de pulv\u00e9risation d&#8217;ultra-fine brume assure une distribution uniforme du produit, offrant une excellente couverture en seulement quelques secondes de pulv\u00e9risation. Avec une option de pulv\u00e9risation \u00e0 360\u00b0, cette bouteille vous permet de pulv\u00e9riser m\u00eame lorsqu&#8217;elle est retourn\u00e9e, sans aucune fuite ou perte de pression.<\/p>\n<p>Gr\u00e2ce \u00e0 sa conception sans air, elle emp\u00eache la contamination et a une longue dur\u00e9e de conservation, sans aucune odeur m\u00eame si elle reste inutilis\u00e9e pendant quelques jours. De plus, sa fonction d&#8217;\u00e9vacuation de bouteille \u00e0 99 % vous permet de continuer \u00e0 pulv\u00e9riser jusqu&#8217;\u00e0 ce que le produit soit compl\u00e8tement \u00e9puis\u00e9.<\/p>\n","protected":false},"excerpt":{"rendered":"<p>OPTION DE PULV\u00c9RISATION \u00c0 360\u00b0<\/p>\n","protected":false},"featured_media":17508,"comment_status":"open","ping_status":"closed","template":"","meta":{"_glsr_average":0,"_glsr_ranking":0,"_glsr_reviews":0},"product_brand":[],"product_cat":[621,622,623],"product_tag":[],"class_list":{"0":"post-18024","1":"product","2":"type-product","3":"status-publish","4":"has-post-thumbnail","6":"product_cat-outils","7":"product_cat-outils-pour-extensions-capillaires","8":"product_cat-outils-pour-traitement-capillaires","9":"_wholesalex wsx-wholesalex-product","11":"first","12":"instock","13":"taxable","14":"shipping-taxable","15":"purchasable","16":"product-type-variable","17":"has-default-attributes"},"jetpack_sharing_enabled":true,"_links":{"self":[{"href":"https:\/\/naturalook.shop\/fr\/wp-json\/wp\/v2\/product\/18024","targetHints":{"allow":["GET"]}}],"collection":[{"href":"https:\/\/naturalook.shop\/fr\/wp-json\/wp\/v2\/product"}],"about":[{"href":"https:\/\/naturalook.shop\/fr\/wp-json\/wp\/v2\/types\/product"}],"replies":[{"embeddable":true,"href":"https:\/\/naturalook.shop\/fr\/wp-json\/wp\/v2\/comments?post=18024"}],"version-history":[{"count":1,"href":"https:\/\/naturalook.shop\/fr\/wp-json\/wp\/v2\/product\/18024\/revisions"}],"predecessor-version":[{"id":35894,"href":"https:\/\/naturalook.shop\/fr\/wp-json\/wp\/v2\/product\/18024\/revisions\/35894"}],"wp:featuredmedia":[{"embeddable":true,"href":"https:\/\/naturalook.shop\/fr\/wp-json\/wp\/v2\/media\/17508"}],"wp:attachment":[{"href":"https:\/\/naturalook.shop\/fr\/wp-json\/wp\/v2\/media?parent=18024"}],"wp:term":[{"taxonomy":"product_brand","embeddable":true,"href":"https:\/\/naturalook.shop\/fr\/wp-json\/wp\/v2\/product_brand?post=18024"},{"taxonomy":"product_cat","embeddable":true,"href":"https:\/\/naturalook.shop\/fr\/wp-json\/wp\/v2\/product_cat?post=18024"},{"taxonomy":"product_tag","embeddable":true,"href":"https:\/\/naturalook.shop\/fr\/wp-json\/wp\/v2\/product_tag?post=18024"}],"curies":[{"name":"wp","href":"https:\/\/api.w.org\/{rel}","templated":true}]}}